{"id":2650,"date":"2026-01-18T13:46:34","date_gmt":"2026-01-18T12:46:34","guid":{"rendered":"https:\/\/www.bodofilmklubb.no\/?page_id=2650"},"modified":"2026-01-18T14:18:53","modified_gmt":"2026-01-18T13:18:53","slug":"all-the-colours-in-the-world-are-between-black-and-white","status":"publish","type":"page","link":"https:\/\/www.bodofilmklubb.no\/index.php\/all-the-colours-in-the-world-are-between-black-and-white\/","title":{"rendered":"All the Colours of the World Are Between Black and White"},"content":{"rendered":"\n<p>Nigeria 2023<\/p>\n\n\n\n<p>1t 33min<\/p>\n\n\n\n<p>Regi: Babatunde Apalowo<\/p>\n\n\n\n<p>Med: Tope Tedela, Riyo David, Martha Ehinome Orhiere<\/p>\n\n\n\n<p>Tale: Engelsk<\/p>\n\n\n\n<p>Tekst: Engelsk<\/p>\n\n\n\n<p><strong>Lavm\u00e6lt nigeriansk drama om to menn i Lagos som navigerer forbudt kj\u00e6rlighet i et samfunn preget av strenge sosiale tabuer<\/strong><\/p>\n\n\n\n<p>Bambino har funnet seg til rette i singellivet sitt. Som budsj\u00e5f\u00f8r i Lagos har han en stabil inntekt, selv om den lovede forfremmelsen lar vente p\u00e5 seg. Nabolaget setter pris p\u00e5 ham; han hjelper til \u00f8konomisk der han kan, og er raus n\u00e5r tilbakebetalinger kommer for sent. Nabokvinnen Ifeyinwas tiln\u00e6rmelser gj\u00f8r ikke stort inntrykk, men n\u00e5r han m\u00f8ter den karismatiske Bawa, oppst\u00e5r det umiddelbart en forbindelse mellom dem. For en fotokonkurranse legger de ut p\u00e5 lange utforskningsturer og tilbringer stadig flere dager sammen rundt i byen. Det blir raskt tydelig at Bawa, gjennom kameralinser, ikke bare ser et godt motiv i Bambino, men ogs\u00e5 noe mer enn en venn.<\/p>\n\n\n\n<p>Regiss\u00f8r, manusforfatter og produsent Babatunde Apalowo tar filmens tittel p\u00e5 alvor: Med en lavm\u00e6lt og subtil fargebruk skildrer han varsomt og \u00f8mt tiln\u00e6rmingen mellom to menn i et samfunn der likekj\u00f8nnede relasjoner er b\u00e5de tabubelagt og straffbare. I konsentrerte bilder og med stor ro folder deres stille dans rundt hverandre seg langsomt ut. Et sanselig og politisk viktig verk fra Nigeria om en kj\u00e6rlighet ingen av dem s\u00e5 komme.<\/p>\n\n\n\n<p>Vinner av Teddy Award i Berlin 2023.<\/p>\n\n\n\n<p><a href=\"https:\/\/www.youtube.com\/watch?v=2BUaz3qPB0I\">Trailer<\/a><\/p>\n\n\n\n<p>I samarbeid med Institut fran\u00e7ais og Stormen bibliotek kan vi vise dere flotte franske filmer i litteratursalen. Det er filmer som aldri fikk sin sjanse p\u00e5 norske kinoer, med mulig unntak av noen festivalvisninger. Dere har n\u00e5 en unik mulighet til \u00e5 oppleve ny fransk film i litteratursalen. Og en eller annen fransk klassiker!? Og det hele gratis og \u00e5pen for alle \u2013 filmklubbmedlem eller ei.<\/p>\n\n\n\n<p>Mer info <a href=\"https:\/\/www.bodofilmklubb.no\/index.php\/2023\/08\/film-i-biblioteket\/\">her<\/a>.<\/p>\n\n\n\n<p><\/p>\n","protected":false},"excerpt":{"rendered":"<p>Nigeria 2023 1t 33min Regi: Babatunde Apalowo Med: Tope Tedela, Riyo David, Martha Ehinome Orhiere Tale: Engelsk Tekst: Engelsk Lavm\u00e6lt nigeriansk drama om to menn i Lagos som navigerer forbudt kj\u00e6rlighet i et samfunn preget av strenge sosiale tabuer Bambino har funnet seg til rette i singellivet sitt. Som budsj\u00e5f\u00f8r i Lagos har han en [&hellip;]<\/p>\n","protected":false},"author":2,"featured_media":0,"parent":0,"menu_order":0,"comment_status":"closed","ping_status":"closed","template":"","meta":{"footnotes":""},"class_list":["post-2650","page","type-page","status-publish","hentry"],"_links":{"self":[{"href":"https:\/\/www.bodofilmklubb.no\/index.php\/wp-json\/wp\/v2\/pages\/2650","targetHints":{"allow":["GET"]}}],"collection":[{"href":"https:\/\/www.bodofilmklubb.no\/index.php\/wp-json\/wp\/v2\/pages"}],"about":[{"href":"https:\/\/www.bodofilmklubb.no\/index.php\/wp-json\/wp\/v2\/types\/page"}],"author":[{"embeddable":true,"href":"https:\/\/www.bodofilmklubb.no\/index.php\/wp-json\/wp\/v2\/users\/2"}],"replies":[{"embeddable":true,"href":"https:\/\/www.bodofilmklubb.no\/index.php\/wp-json\/wp\/v2\/comments?post=2650"}],"version-history":[{"count":4,"href":"https:\/\/www.bodofilmklubb.no\/index.php\/wp-json\/wp\/v2\/pages\/2650\/revisions"}],"predecessor-version":[{"id":2659,"href":"https:\/\/www.bodofilmklubb.no\/index.php\/wp-json\/wp\/v2\/pages\/2650\/revisions\/2659"}],"wp:attachment":[{"href":"https:\/\/www.bodofilmklubb.no\/index.php\/wp-json\/wp\/v2\/media?parent=2650"}],"curies":[{"name":"wp","href":"https:\/\/api.w.org\/{rel}","templated":true}]}}