{"id":270,"date":"2009-11-03T13:56:45","date_gmt":"2009-11-03T11:56:45","guid":{"rendered":"http:\/\/www.bodofilmklubb.no\/?page_id=270"},"modified":"2009-11-04T15:09:11","modified_gmt":"2009-11-04T13:09:11","slug":"pi","status":"publish","type":"page","link":"https:\/\/www.bodofilmklubb.no\/index.php\/pi\/","title":{"rendered":"Pi"},"content":{"rendered":"<p>USA 1997<br \/>\nRegi: Darren Aronofsky<br \/>\nManus: Darren Aronofsky, Sean Gullette, Eric Watson<br \/>\nFoto: Matthew Libatique<br \/>\nMusikk: Clint Mansell<br \/>\nMed: Sean Gullette, Mark Margolis, Ben Shenkman, Pamela Hart<br \/>\n83min, norsk tekst<\/p>\n<p>Dessverre m\u00e5 vi avlyse den planlagde visningen av <em>The Machinist<\/em> (filmbyr\u00e5et har oppdaget at filmkopien er \u00f8delagt&#8230;).<\/p>\n<p>Som erstatning viser vi intet mindre enn Darren &laquo;Requiem for a Dream&raquo; Aronofskys debutfilm <em>Pi<\/em>. <em>Pi<\/em> er en uhyre fascinerende og dyktig laget debutfilm.<\/p>\n<p>Anbefales p\u00e5 det varmeste!<\/p>\n<p>Info om filmen: <a href=\"http:\/\/www.filmklubb.no\/medlem\/?id=2235&amp;t=film_nfk35mm\">http:\/\/www.filmklubb.no\/medlem\/?id=2235&amp;t=film_nfk35mm<\/a><\/p>\n<p>og <a href=\"http:\/\/www.imdb.com\/title\/tt0138704\/\">http:\/\/www.imdb.com\/title\/tt0138704\/<\/a><\/p>\n","protected":false},"excerpt":{"rendered":"<p>USA 1997 Regi: Darren Aronofsky Manus: Darren Aronofsky, Sean Gullette, Eric Watson Foto: Matthew Libatique Musikk: Clint Mansell Med: Sean Gullette, Mark Margolis, Ben Shenkman, Pamela Hart 83min, norsk tekst Dessverre m\u00e5 vi avlyse den planlagde visningen av The Machinist (filmbyr\u00e5et har oppdaget at filmkopien er \u00f8delagt&#8230;). Som erstatning viser vi intet mindre enn Darren [&hellip;]<\/p>\n","protected":false},"author":2,"featured_media":0,"parent":0,"menu_order":0,"comment_status":"open","ping_status":"open","template":"","meta":{"footnotes":""},"class_list":["post-270","page","type-page","status-publish","hentry"],"_links":{"self":[{"href":"https:\/\/www.bodofilmklubb.no\/index.php\/wp-json\/wp\/v2\/pages\/270","targetHints":{"allow":["GET"]}}],"collection":[{"href":"https:\/\/www.bodofilmklubb.no\/index.php\/wp-json\/wp\/v2\/pages"}],"about":[{"href":"https:\/\/www.bodofilmklubb.no\/index.php\/wp-json\/wp\/v2\/types\/page"}],"author":[{"embeddable":true,"href":"https:\/\/www.bodofilmklubb.no\/index.php\/wp-json\/wp\/v2\/users\/2"}],"replies":[{"embeddable":true,"href":"https:\/\/www.bodofilmklubb.no\/index.php\/wp-json\/wp\/v2\/comments?post=270"}],"version-history":[{"count":5,"href":"https:\/\/www.bodofilmklubb.no\/index.php\/wp-json\/wp\/v2\/pages\/270\/revisions"}],"predecessor-version":[{"id":274,"href":"https:\/\/www.bodofilmklubb.no\/index.php\/wp-json\/wp\/v2\/pages\/270\/revisions\/274"}],"wp:attachment":[{"href":"https:\/\/www.bodofilmklubb.no\/index.php\/wp-json\/wp\/v2\/media?parent=270"}],"curies":[{"name":"wp","href":"https:\/\/api.w.org\/{rel}","templated":true}]}}