{"id":29,"date":"2008-08-26T10:01:28","date_gmt":"2008-08-26T08:01:28","guid":{"rendered":"http:\/\/www.bodofilmklubb.no\/?page_id=29"},"modified":"2025-01-04T21:27:03","modified_gmt":"2025-01-04T20:27:03","slug":"om-visningene","status":"publish","type":"page","link":"https:\/\/www.bodofilmklubb.no\/index.php\/om-visningene\/","title":{"rendered":"Praktisk info om Bod\u00f8 Filmklubb"},"content":{"rendered":"<h3>Om Bod\u00f8 Filmklubb:<\/h3>\n<p class=\"MsoNormal\" style=\"margin: 0cm 0cm 0pt;\">Bod\u00f8 Filmklubb er en ikke-kommersiell forening som har som m\u00e5l \u00e5 supplere det kommersielle filmtilbudet med nye filmer og klassikere. Ofte trekker vi tematiske tr\u00e5der mellom flere filmer, vi tilbyr seminarer og har du lyst kan du gjerne diskutere \u201dfilm\u201d med likesinnede p\u00e5 kaf\u00e9 etter visningene. Du trenger ikke v\u00e6re filmviter for \u00e5 bli med &#8211; men du trenger medlemskap n\u00e5r du skal se l\u00f8rdagsfilmene! Fram kino i Bod\u00f8 sentrum er visningslokalet v\u00e5rt. Kinoen er fulldigitalisert. Filmklubbfilmene (l\u00f8rdagene) vil enten v\u00e6re i digitalt kinoformat eller visninger fra BluRay.<\/p>\n<p class=\"MsoNormal\" style=\"margin: 0cm 0cm 0pt;\">Vil du vite mer om hva en filmklubb er bes\u00f8k: <a href=\"http:\/\/www.filmklubb.no\">http:\/\/www.filmklubb.no<\/a><\/p>\n<h2 style=\"margin: 0cm 0cm 0pt;\">Medlemskap:<\/h2>\n<p style=\"margin: 0cm 0cm 0pt;\">&#8211; Aldersgrense for medlemskap er 15 \u00e5r.<\/p>\n<p style=\"margin: 0cm 0cm 0pt;\">&#8211; Medlemskap selges ved oppm\u00f8te \u00bd time f\u00f8r l\u00f8rdagsvisningene p\u00e5 Fram kino.<\/p>\n<p style=\"margin: 0cm 0cm 0pt;\">&#8211; Medlemskapet for ett semester (halv\u00e5r) inkluderer adgang til alle l\u00f8rdagsvisningene.<\/p>\n<p class=\"MsoNormal\" style=\"margin: 0cm 0cm 0pt;\">&#8211; Priser for medlemskap: Normalpris: kroner 300,-; St\u00f8ttepris: 400,-; Rabattpris: 200,-<\/p>\n<p style=\"margin: 0cm 0cm 0pt;\">&#8211; Innehaver av kulturkortet for ungdom og studenter vil f\u00e5 medlemskap til rabattert pris (200,-)<\/p>\n<p style=\"margin: 0cm 0cm 0pt;\">&#8211; Pr\u00f8vemedlemskap 1 film: kroner 100,-<\/p>\n<p style=\"margin: 0cm 0cm 0pt;\">&#8211; Betaling skjer kontant eller med Vipps.<\/p>\n<p style=\"margin: 0cm 0cm 0pt;\"><strong>Visninger:<\/strong><\/p>\n<p class=\"MsoNormal\" style=\"margin: 0cm 0cm 0pt;\">Filmklubben har faste egne visninger l\u00f8rdager kl. 15:30 p\u00e5 Fram kino. I tillegg samarbeider vi med Fram om visninger torsdager.<\/p>\n<p style=\"margin: 0cm 0cm 0pt;\"><strong>L\u00f8rdagsfilmer:<\/strong><\/p>\n<p style=\"margin: 0cm 0cm 0pt;\">&#8211; Vises p\u00e5 Fram kino. Arrang\u00f8r er Bod\u00f8 Filmklubb.<\/p>\n<p class=\"MsoNormal\" style=\"margin: 0cm 0cm 0pt;\">&#8211; Forutsetter filmklubbmedlemskap.<\/p>\n<p style=\"margin: 0cm 0cm 0pt;\">&#8211; Visningene starter l\u00f8rdager kl 15:30 p\u00e5 Fram Kino.<\/p>\n<p class=\"MsoNormal\" style=\"margin: 0cm 0cm 0pt;\">&#8211; Adgang til filmene er inkludert i medlemskapsprisen (300\/400\/200)<\/p>\n<p style=\"margin: 0cm 0cm 0pt;\"><strong>Torsdagsfilmer:<\/strong><\/p>\n<p class=\"MsoNormal\" style=\"margin: 0cm 0cm 0pt;\">&#8211; Her vises det aktuelle kinofilmer som vi mener er verdt \u00e5 f\u00e5 med seg<\/p>\n<p style=\"margin: 0cm 0cm 0pt;\">&#8211; Er \u00e5pne for alle (medlemmer og ikke-medlemmer). Visningene er i samarbeid med Fram kino.<\/p>\n<p style=\"margin: 0cm 0cm 0pt;\">&#8211; Tidspunkt varierer &#8211; f\u00f8lg med framkino.no<\/p>\n<p style=\"margin: 0cm 0cm 0pt;\">&#8211; Billettene selges av Fram kino til vanlige betingelser.<\/p>\n<p class=\"MsoNormal\" style=\"margin: 0cm 0cm 0pt;\">&#8211; Filmklubbmedlemmer f\u00e5r rabatt ved fremvisning av medlemsbevis.<br \/>\n&#8211; Rabatten gjelder s\u00e5 lenge filmene vises av Fram kino (det vil si, ikke bare torsdagen)<\/p>\n<p style=\"margin: 0cm 0cm 0pt;\"><strong>Kontaktinfo:<\/strong><\/p>\n<p style=\"margin: 0cm 0cm 0pt;\">e-post: post(at)bodofilmklubb.no<\/p>\n<p><!-- [if gte mso 10]> <mce:style><!\n\/* Style Definitions *\/\ntable.MsoNormalTable\n{mso-style-name:\"Vanlig tabell\";\nmso-tstyle-rowband-size:0;\nmso-tstyle-colband-size:0;\nmso-style-noshow:yes;\nmso-style-parent:\"\";\nmso-padding-alt:0cm 5.4pt 0cm 5.4pt;\nmso-para-margin:0cm;\nmso-para-margin-bottom:.0001pt;\nmso-pagination:widow-orphan;\nfont-size:10.0pt;\nfont-family:\"Times New Roman\";\nmso-ansi-language:#0400;\nmso-fareast-language:#0400;\nmso-bidi-language:#0400;}\n> <! [endif] ><span style=\"text-decoration: underline;\" mce_style=\"text-decoration: underline;\"><\/span><\/div>\n\n\n\n\n<div mce_tmp=\"1\"><span style=\"text-decoration: underline;\" mce_style=\"text-decoration: underline;\"><span style=\"font-size: 14pt; font-family: Verdana;\" mce_style=\"font-size: 14pt; font-family: Verdana;\">Medlemskap:<\/span><\/span><b><\/b><\/div>\n\n\n\n\n<ul>\n \t\n\n<li><span style=\"font-family: Verdana;\" mce_style=\"font-family: Verdana;\">Aldersgrense for medlemskap er 15 \u00e5r.<\/span><\/li>\n\n\n \t\n\n<li><span style=\"font-family: Verdana;\" mce_style=\"font-family: Verdana;\">Medlemskap selges ved oppm\u00f8te \u00bd time f\u00f8r l\u00f8rdagsvisningene p\u00e5 Fram kino.<\/span><b><\/b><\/li>\n\n\n \t\n\n<li><span style=\"font-family: Verdana;\" mce_style=\"font-family: Verdana;\">Medlemskap gjelder for et semester (v\u00e5r eller h\u00f8st) og koster kr 90.<\/span><b><\/b><\/li>\n\n\n \t\n\n<li><span style=\"font-family: Verdana;\" mce_style=\"font-family: Verdana;\">Innehaver av kulturkortet for ungdom f\u00e5r gratis medlemskap ved kj\u00f8p av billett til en v\u00e5re l\u00f8rdagsvisninger.<\/span><\/li>\n\n\n<\/ >< >< ><--><\/p>\n","protected":false},"excerpt":{"rendered":"<p>Om Bod\u00f8 Filmklubb: Bod\u00f8 Filmklubb er en ikke-kommersiell forening som har som m\u00e5l \u00e5 supplere det kommersielle filmtilbudet med nye filmer og klassikere. Ofte trekker vi tematiske tr\u00e5der mellom flere filmer, vi tilbyr seminarer og har du lyst kan du gjerne diskutere \u201dfilm\u201d med likesinnede p\u00e5 kaf\u00e9 etter visningene. Du trenger ikke v\u00e6re filmviter for [&hellip;]<\/p>\n","protected":false},"author":1,"featured_media":0,"parent":0,"menu_order":0,"comment_status":"open","ping_status":"open","template":"","meta":{"footnotes":""},"class_list":["post-29","page","type-page","status-publish","hentry"],"_links":{"self":[{"href":"https:\/\/www.bodofilmklubb.no\/index.php\/wp-json\/wp\/v2\/pages\/29","targetHints":{"allow":["GET"]}}],"collection":[{"href":"https:\/\/www.bodofilmklubb.no\/index.php\/wp-json\/wp\/v2\/pages"}],"about":[{"href":"https:\/\/www.bodofilmklubb.no\/index.php\/wp-json\/wp\/v2\/types\/page"}],"author":[{"embeddable":true,"href":"https:\/\/www.bodofilmklubb.no\/index.php\/wp-json\/wp\/v2\/users\/1"}],"replies":[{"embeddable":true,"href":"https:\/\/www.bodofilmklubb.no\/index.php\/wp-json\/wp\/v2\/comments?post=29"}],"version-history":[{"count":33,"href":"https:\/\/www.bodofilmklubb.no\/index.php\/wp-json\/wp\/v2\/pages\/29\/revisions"}],"predecessor-version":[{"id":2459,"href":"https:\/\/www.bodofilmklubb.no\/index.php\/wp-json\/wp\/v2\/pages\/29\/revisions\/2459"}],"wp:attachment":[{"href":"https:\/\/www.bodofilmklubb.no\/index.php\/wp-json\/wp\/v2\/media?parent=29"}],"curies":[{"name":"wp","href":"https:\/\/api.w.org\/{rel}","templated":true}]}}