{"id":291,"date":"2010-01-21T19:49:25","date_gmt":"2010-01-21T17:49:25","guid":{"rendered":"http:\/\/www.bodofilmklubb.no\/?page_id=291"},"modified":"2010-01-25T22:38:28","modified_gmt":"2010-01-25T20:38:28","slug":"djevelens-trekkspill","status":"publish","type":"page","link":"https:\/\/www.bodofilmklubb.no\/index.php\/djevelens-trekkspill\/","title":{"rendered":"Djevelens trekkspill"},"content":{"rendered":"<p class=\"MsoNormal\" style=\"margin: 0cm 0cm 0pt -27pt;\"><span style=\"font-size: small;\"><\/span><\/p>\n<p class=\"MsoNormal\" style=\"margin: 0cm 0cm 0pt;\"><span style=\"font-size: small; font-family: Times New Roman;\">Originaltittel: Los viajes del viento<\/span><\/p>\n<p class=\"MsoNormal\" style=\"margin: 0cm 0cm 0pt;\"><span style=\"font-size: small; font-family: Times New Roman;\">Regi: Ciro Guerra, Skuespillere: Marciano Martinez, Yull Nunez, Rosendo Romero, Beto Rada, Guillermo Arzuaga, Nasjonalitet: Colombia 2009, Spr\u00e5k: Spansk, Lengde: 2t<\/span><\/p>\n<p class=\"MsoNormal\" style=\"margin: 0cm 0cm 0pt;\"><span style=\"font-size: small; font-family: Times New Roman;\">\u00a0<\/span><\/p>\n<p class=\"MsoNormal\" style=\"margin: 0cm 0cm 0pt;\"><strong style=\"mso-bidi-font-weight: normal;\"><span style=\"font-size: small; font-family: Times New Roman;\">Film fra TIFF10<\/span><\/strong><\/p>\n<p class=\"MsoNormal\" style=\"margin: 0cm 0cm 0pt;\"><span style=\"font-size: small; font-family: Times New Roman;\">Som vanlig \u00e5pner vi ogs\u00e5 dette v\u00e5rsemesteret med en fersk film fra film festivalen i Troms\u00f8. Denne gangen har vi f\u00e5tt en film fra Colombia, en filmproduksjon mot alle odds. I dette hardt borgerkrigsherjede landet er det n\u00e6rmest livsfarlig \u00e5 bevege seg i mange omr\u00e5der. Likevel syder det av kreativitet. <\/span><\/p>\n<p class=\"MsoNormal\" style=\"margin: 0cm 0cm 0pt;\"><span style=\"font-size: small;\"><span style=\"font-family: Times New Roman;\"><em>Djevelens trekkspill<\/em> er skrevet og regissert av Ciro Guerra. Den handler om musikeren Ignacio, som hele sitt liv har reist rundt i Colombia og spilt trekkspill &#8211; et instrument det sies \u00e5 hvile en forbannelse over fordi det en gang tilh\u00f8rte djevelen. N\u00e5r hans kone d\u00f8r bestemmer Ignacio seg for \u00e5 levere tilbake trekkspillet til sin gamle l\u00e6rer og mentor. P\u00e5 veien m\u00f8ter han den unge gutten Ferm\u00edn, og sammen legger de ut p\u00e5 en reise gjennom Colombias vakre landskap.\u00a0<\/span><\/span><\/p>\n<p>\u00a0<\/p>\n<p class=\"MsoNormal\" style=\"margin: 0cm 0cm 0pt -27pt;\"><span style=\"font-size: small; font-family: Verdana;\">Trailer: <a href=\"http:\/\/www.youtube.com\/watch?v=Tli4nSO4hIA\">http:\/\/www.youtube.com\/watch?v=Tli4nSO4hIA<\/a><\/span><\/p>\n","protected":false},"excerpt":{"rendered":"<p>Originaltittel: Los viajes del viento Regi: Ciro Guerra, Skuespillere: Marciano Martinez, Yull Nunez, Rosendo Romero, Beto Rada, Guillermo Arzuaga, Nasjonalitet: Colombia 2009, Spr\u00e5k: Spansk, Lengde: 2t \u00a0 Film fra TIFF10 Som vanlig \u00e5pner vi ogs\u00e5 dette v\u00e5rsemesteret med en fersk film fra film festivalen i Troms\u00f8. Denne gangen har vi f\u00e5tt en film fra Colombia, [&hellip;]<\/p>\n","protected":false},"author":2,"featured_media":0,"parent":0,"menu_order":0,"comment_status":"open","ping_status":"open","template":"","meta":{"footnotes":""},"class_list":["post-291","page","type-page","status-publish","hentry"],"_links":{"self":[{"href":"https:\/\/www.bodofilmklubb.no\/index.php\/wp-json\/wp\/v2\/pages\/291","targetHints":{"allow":["GET"]}}],"collection":[{"href":"https:\/\/www.bodofilmklubb.no\/index.php\/wp-json\/wp\/v2\/pages"}],"about":[{"href":"https:\/\/www.bodofilmklubb.no\/index.php\/wp-json\/wp\/v2\/types\/page"}],"author":[{"embeddable":true,"href":"https:\/\/www.bodofilmklubb.no\/index.php\/wp-json\/wp\/v2\/users\/2"}],"replies":[{"embeddable":true,"href":"https:\/\/www.bodofilmklubb.no\/index.php\/wp-json\/wp\/v2\/comments?post=291"}],"version-history":[{"count":4,"href":"https:\/\/www.bodofilmklubb.no\/index.php\/wp-json\/wp\/v2\/pages\/291\/revisions"}],"predecessor-version":[{"id":320,"href":"https:\/\/www.bodofilmklubb.no\/index.php\/wp-json\/wp\/v2\/pages\/291\/revisions\/320"}],"wp:attachment":[{"href":"https:\/\/www.bodofilmklubb.no\/index.php\/wp-json\/wp\/v2\/media?parent=291"}],"curies":[{"name":"wp","href":"https:\/\/api.w.org\/{rel}","templated":true}]}}