{"id":300,"date":"2010-01-25T21:41:03","date_gmt":"2010-01-25T19:41:03","guid":{"rendered":"http:\/\/www.bodofilmklubb.no\/?page_id=300"},"modified":"2010-01-25T21:41:03","modified_gmt":"2010-01-25T19:41:03","slug":"somers-town","status":"publish","type":"page","link":"https:\/\/www.bodofilmklubb.no\/index.php\/somers-town\/","title":{"rendered":"Somers Town"},"content":{"rendered":"<p class=\"MsoNormal\" style=\"margin: 0cm 0cm 0pt;\"><span style=\"font-size: small; font-family: Times New Roman;\">Regi: Shane Medows, Skuespillere: Thomas Turgoose, Piotr Jagiello, Nasjonalitet: Storbritannia 2008, Spr\u00e5k: Engelsk \u2013 <span style=\"text-decoration: underline;\">med svenske tekster<\/span>, Lengde: 1t 15min<\/span><\/p>\n<p class=\"MsoNormal\" style=\"margin: 0cm 0cm 0pt;\">\u00a0<\/p>\n<p class=\"MsoNormal\" style=\"margin: 0cm 0cm 0pt;\"><strong style=\"mso-bidi-font-weight: normal;\"><span style=\"color: #000000; font-family: Verdana; mso-bidi-font-size: 14.0pt;\"><span style=\"font-size: small;\">Sv\u00e6rt vellykket ungdomsfilm av engelske Shane Medows<\/span><\/span><\/strong><\/p>\n<p class=\"MsoNormal\" style=\"margin: 0cm 0cm 0pt;\"><span style=\"color: #000000; font-family: Verdana; mso-bidi-font-size: 14.0pt;\"><span style=\"font-size: small;\">Shane Medows film <em style=\"mso-bidi-font-style: normal;\">This is England<\/em> var et av h\u00f8ydepunktene fra film\u00e5ret 2006. Med <em style=\"mso-bidi-font-style: normal;\">Somers Town<\/em> lagde han 2008 en leken og sv\u00e6rt sjarmerende film om to ungdomsgutter i bydelen Somers Town i <span style=\"color: #000000; font-family: Verdana; mso-bidi-font-size: 14.0pt;\">London. Tomo (spilt av Thomas Turgoose fra <em style=\"mso-bidi-font-style: normal;\">This is England<\/em>) er p\u00e5 r\u00f8mmen og havner i storbyen. Tilfeldigheter f\u00f8rer ham sammen med Marek, s\u00f8nnen til en polsk anleggsarbeider, som dagdriver gjennom tilv\u00e6relsen i Somers Town. Det utvikler seg en forsiktig vennskap som blomstrer etter hvert. Filmet i svart-hvitt er <em style=\"mso-bidi-font-style: normal;\">Somers Town<\/em> en enkel og med sine 75 minutter ogs\u00e5 en ganske kort film som likevel topper det meste som er laget av film om ungdommer i dag. Shane Medows st\u00e5r frem som en mester til \u00e5 jobbe sammen med unge skuespillere. Hva han f\u00e5r ut av samspillet mellom Tomo og Marek i filmen er ren magi. Anbefales p\u00e5 det varmeste!<\/span><\/span><\/span><\/p>\n<p class=\"MsoNormal\" style=\"margin: 0cm 0cm 0pt;\"><span style=\"color: #000000; font-family: Verdana; mso-bidi-font-size: 14.0pt;\"><\/span><\/p>\n<p class=\"MsoNormal\" style=\"margin: 0cm 0cm 0pt;\">\u00a0<\/p>\n<div class=\"MsoNormal\" style=\"margin: 0cm 0cm 0pt;\"><span style=\"color: #000000; font-family: Verdana; mso-bidi-font-size: 14.0pt;\"><span style=\"font-size: small;\"><span style=\"color: #000000; font-family: Verdana; mso-bidi-font-size: 14.0pt;\">Trailer: <a href=\"http:\/\/www.youtube.com\/watch?v=jf1CI5jcJJg\">http:\/\/www.youtube.com\/watch?v=jf1CI5jcJJg<\/a><\/span>\u00a0<\/span><\/span><\/div>\n<p>\u00a0<\/p>\n<p><span style=\"color: #000000; font-family: Verdana; mso-bidi-font-size: 14.0pt;\"><span style=\"font-size: small;\">\u00a0<\/p>\n<p><\/span><\/span><\/p>\n<p>\u00a0<\/p>\n<p class=\"MsoNormal\" style=\"margin: 0cm 0cm 0pt;\">\u00a0<\/p>\n","protected":false},"excerpt":{"rendered":"<p>Regi: Shane Medows, Skuespillere: Thomas Turgoose, Piotr Jagiello, Nasjonalitet: Storbritannia 2008, Spr\u00e5k: Engelsk \u2013 med svenske tekster, Lengde: 1t 15min \u00a0 Sv\u00e6rt vellykket ungdomsfilm av engelske Shane Medows Shane Medows film This is England var et av h\u00f8ydepunktene fra film\u00e5ret 2006. Med Somers Town lagde han 2008 en leken og sv\u00e6rt sjarmerende film om to [&hellip;]<\/p>\n","protected":false},"author":2,"featured_media":0,"parent":0,"menu_order":0,"comment_status":"open","ping_status":"open","template":"","meta":{"footnotes":""},"class_list":["post-300","page","type-page","status-publish","hentry"],"_links":{"self":[{"href":"https:\/\/www.bodofilmklubb.no\/index.php\/wp-json\/wp\/v2\/pages\/300","targetHints":{"allow":["GET"]}}],"collection":[{"href":"https:\/\/www.bodofilmklubb.no\/index.php\/wp-json\/wp\/v2\/pages"}],"about":[{"href":"https:\/\/www.bodofilmklubb.no\/index.php\/wp-json\/wp\/v2\/types\/page"}],"author":[{"embeddable":true,"href":"https:\/\/www.bodofilmklubb.no\/index.php\/wp-json\/wp\/v2\/users\/2"}],"replies":[{"embeddable":true,"href":"https:\/\/www.bodofilmklubb.no\/index.php\/wp-json\/wp\/v2\/comments?post=300"}],"version-history":[{"count":1,"href":"https:\/\/www.bodofilmklubb.no\/index.php\/wp-json\/wp\/v2\/pages\/300\/revisions"}],"predecessor-version":[{"id":301,"href":"https:\/\/www.bodofilmklubb.no\/index.php\/wp-json\/wp\/v2\/pages\/300\/revisions\/301"}],"wp:attachment":[{"href":"https:\/\/www.bodofilmklubb.no\/index.php\/wp-json\/wp\/v2\/media?parent=300"}],"curies":[{"name":"wp","href":"https:\/\/api.w.org\/{rel}","templated":true}]}}