{"id":306,"date":"2010-01-25T21:58:49","date_gmt":"2010-01-25T19:58:49","guid":{"rendered":"http:\/\/www.bodofilmklubb.no\/?page_id=306"},"modified":"2010-01-25T21:58:49","modified_gmt":"2010-01-25T19:58:49","slug":"kinofeber","status":"publish","type":"page","link":"https:\/\/www.bodofilmklubb.no\/index.php\/kinofeber\/","title":{"rendered":"Kinofeber"},"content":{"rendered":"<p class=\"MsoNormal\" style=\"margin: 0cm 0cm 0pt;\"><span style=\"font-size: small; font-family: Times New Roman;\">Orginal tittel: Comrades in dreams &#8211; Leinwandfieber,<strong style=\"mso-bidi-font-weight: normal;\"> <\/strong><span style=\"mso-spacerun: yes;\">\u00a0<\/span>Regi: <\/span><a href=\"http:\/\/www.filmportal.de\/df\/e3\/Uebersicht,,,,,,,,463EF5740FF84785B721419B58C5044C,,,,,,,,,,,,,,,,,,,,,,,,,,,.html\"><span style=\"color: windowtext; text-decoration: none; text-underline: none;\"><span style=\"font-size: small; font-family: Times New Roman;\">Uli Gaulke<\/span><\/span><\/a><span style=\"font-size: small; font-family: Times New Roman;\">, Nasjonalitet: Tyskland 2006, Spr\u00e5k: Diverse <span style=\"text-decoration: underline;\">med engelsk tekst<\/span>, Lengde: 1 t 46 min, Utleie: Goethe Instituttet<\/span><\/p>\n<p class=\"MsoNormal\" style=\"margin: 0cm 0cm 0pt;\">\u00a0<\/p>\n<p class=\"MsoNormal\" style=\"margin: 0cm 0cm 0pt;\"><strong style=\"mso-bidi-font-weight: normal;\"><span style=\"color: black; font-family: Verdana; mso-bidi-font-size: 14.0pt;\"><span style=\"font-size: small;\">Sjarmerende dokumentar om folk rundt omkring i verden som lever og \u00e5nder for \u00e9n ting, nemlig kino! <\/span><\/span><\/strong><\/p>\n<p class=\"MsoNormal\" style=\"margin: 0cm 0cm 0pt;\"><span style=\"color: black; font-family: Verdana; mso-bidi-font-size: 14.0pt;\"><span style=\"font-size: small;\">Han Jong Sil i Nord Korea dras mellom politisk propaganda og sine egene dr\u00f8mmer. Hun \u00f8nsker \u00e5 forbedre andre menneskers liv ved \u00e5 <\/span><\/span><span style=\"color: black; font-family: Verdana; mso-bidi-font-size: 14.0pt;\"><span style=\"font-size: small;\">vise dem film. Aktivisten Penny Tefertiller fra Wyoming i USA, driver Flick Theater I en ombygd l\u00e5ve. Her f\u00e5r alt fra ten\u00e5ringer til ensomme eldre se underholdende filmer. I et av verdens fattigste land, Burkina Faso, har Lassane og hans venner satset alt p\u00e5 \u00e5 starte en utend\u00f8rs kino. I den indiske landsbyen Shingapur har Anup funnet en m\u00e5te \u00e5 kombinere hobby og karriere p\u00e5. Han viser de nyeste Bollywoodfilmene i et sirkustelt. <\/span><\/span><\/p>\n<p class=\"MsoNormal\" style=\"margin: 0cm 0cm 0pt;\"><span style=\"color: black; font-family: Verdana; mso-bidi-font-size: 14.0pt;\"><span style=\"font-size: small;\">De beste historiene utspiller seg i og rundt kinoene \u2013 og personene i filmen deler anekdoter om sitt publikum med stor fortellerglede. Mens livene til disse \u201dkinosjefene\u201d er sv\u00e6rt forskjellige, m\u00f8ter de samme typer utfordringer i sine virksomheter, og de deler den samme lidenskap for god film.<\/span><\/span><\/p>\n<p class=\"MsoNormal\" style=\"margin: 0cm 0cm 0pt;\">\u00a0<\/p>\n<p class=\"MsoNormal\" style=\"margin: 0cm 0cm 0pt;\">Trailer (tysk): <a href=\"http:\/\/www.youtube.com\/watch?v=MTaJOjZHDtY\">http:\/\/www.youtube.com\/watch?v=MTaJOjZHDtY<\/a><\/p>\n","protected":false},"excerpt":{"rendered":"<p>Orginal tittel: Comrades in dreams &#8211; Leinwandfieber, \u00a0Regi: Uli Gaulke, Nasjonalitet: Tyskland 2006, Spr\u00e5k: Diverse med engelsk tekst, Lengde: 1 t 46 min, Utleie: Goethe Instituttet \u00a0 Sjarmerende dokumentar om folk rundt omkring i verden som lever og \u00e5nder for \u00e9n ting, nemlig kino! Han Jong Sil i Nord Korea dras mellom politisk propaganda og [&hellip;]<\/p>\n","protected":false},"author":2,"featured_media":0,"parent":0,"menu_order":0,"comment_status":"open","ping_status":"open","template":"","meta":{"footnotes":""},"class_list":["post-306","page","type-page","status-publish","hentry"],"_links":{"self":[{"href":"https:\/\/www.bodofilmklubb.no\/index.php\/wp-json\/wp\/v2\/pages\/306","targetHints":{"allow":["GET"]}}],"collection":[{"href":"https:\/\/www.bodofilmklubb.no\/index.php\/wp-json\/wp\/v2\/pages"}],"about":[{"href":"https:\/\/www.bodofilmklubb.no\/index.php\/wp-json\/wp\/v2\/types\/page"}],"author":[{"embeddable":true,"href":"https:\/\/www.bodofilmklubb.no\/index.php\/wp-json\/wp\/v2\/users\/2"}],"replies":[{"embeddable":true,"href":"https:\/\/www.bodofilmklubb.no\/index.php\/wp-json\/wp\/v2\/comments?post=306"}],"version-history":[{"count":1,"href":"https:\/\/www.bodofilmklubb.no\/index.php\/wp-json\/wp\/v2\/pages\/306\/revisions"}],"predecessor-version":[{"id":307,"href":"https:\/\/www.bodofilmklubb.no\/index.php\/wp-json\/wp\/v2\/pages\/306\/revisions\/307"}],"wp:attachment":[{"href":"https:\/\/www.bodofilmklubb.no\/index.php\/wp-json\/wp\/v2\/media?parent=306"}],"curies":[{"name":"wp","href":"https:\/\/api.w.org\/{rel}","templated":true}]}}