{"id":314,"date":"2010-01-25T22:19:35","date_gmt":"2010-01-25T20:19:35","guid":{"rendered":"http:\/\/www.bodofilmklubb.no\/?page_id=314"},"modified":"2010-01-25T22:19:35","modified_gmt":"2010-01-25T20:19:35","slug":"legenden-om-paul-og-paula","status":"publish","type":"page","link":"https:\/\/www.bodofilmklubb.no\/index.php\/legenden-om-paul-og-paula\/","title":{"rendered":"Legenden om Paul og Paula"},"content":{"rendered":"<p class=\"MsoNormal\" style=\"margin: 0cm 0cm 0pt;\"><span style=\"font-size: small; font-family: Times New Roman;\">Originaltittel: Die Legende von Paul und Paula<\/span><\/p>\n<p class=\"MsoNormal\" style=\"margin: 0cm 0cm 0pt;\"><span style=\"font-size: small; font-family: Times New Roman;\">Regi: Heiner Carow, Skuespillere: Angelica Domr\u00f6se, Winfried Glatzeder, Nasjonalitet: DDR 1973, Spr\u00e5k: Tysk, Lengde: 1 t 45 min &#8211; digital<\/span><\/p>\n<p class=\"MsoNormal\" style=\"margin: 0cm 0cm 0pt;\"><span style=\"font-size: small; font-family: Times New Roman;\">\u00a0<\/span><\/p>\n<p class=\"MsoNormal\" style=\"margin: 0cm 0cm 0pt;\"><strong style=\"mso-bidi-font-weight: normal;\"><span style=\"color: black;\"><span style=\"font-size: small;\"><span style=\"font-family: Times New Roman;\">En av de mest suksessrike filmene fra DDR<\/span><\/span><\/span><\/strong><\/p>\n<p class=\"MsoNormal\" style=\"margin: 0cm 0cm 0pt;\"><span style=\"font-size: small;\"><span style=\"color: black;\"><span style=\"font-family: Times New Roman;\">For f\u00f8rste gang kan filmklubben presentere en DEFA-film, som det \u00f8sttyske filmproduksjonsselskapet het. <em style=\"mso-bidi-font-style: normal;\">Legenden<\/em><\/span><\/span><span style=\"color: black; font-family: Verdana;\"> <\/span><span style=\"font-family: Times New Roman;\"><em style=\"mso-bidi-font-style: normal;\">om Paul og Paula <\/em>handler om alenmor Paula som forelsker seg i Paul. Paul p\u00e5 sin side har en karriere som statsansatt og er ulykkelig gift. Mens Paula er villig til \u00e5 f\u00f8lge kj\u00e6rligheten selv om det betyr \u00e5 bryte med de borgerlige konvensjonene, er Paul redd for \u00e5 sette karrieren p\u00e5 spill&#8230; Filmen ble ansett som s\u00e5pass kontroversiell at Erich Honecker personlig fikk siste ord og tillot filmpremieren i 1973.<span style=\"color: black; font-family: Verdana;\"><\/span><\/span><\/span><\/p>\n<p class=\"MsoNormal\" style=\"margin: 0cm 0cm 0pt;\"><span style=\"font-size: small; font-family: Times New Roman;\">Heiner Carows film har i dag en slags kultstatus som ble bekreftet med stor suksess da <em style=\"mso-bidi-font-style: normal;\">Legenden om Paul og Paula<\/em> ble lansert p\u00e5 ny i 1993. <\/span><\/p>\n<p class=\"MsoNormal\" style=\"margin: 0cm 0cm 0pt;\"><span style=\"font-size: small; font-family: Times New Roman;\">Et stykke filmhistorie!<\/span><\/p>\n<p class=\"MsoNormal\" style=\"margin: 0cm 0cm 0pt;\">\u00a0<\/p>\n<p class=\"MsoNormal\" style=\"margin: 0cm 0cm 0pt;\"><span style=\"font-size: small; font-family: Times New Roman;\">Klipp: <a href=\"http:\/\/www.youtube.com\/watch?v=g9qxaSImZtk\">http:\/\/www.youtube.com\/watch?v=g9qxaSImZtk<\/a><\/span><\/p>\n","protected":false},"excerpt":{"rendered":"<p>Originaltittel: Die Legende von Paul und Paula Regi: Heiner Carow, Skuespillere: Angelica Domr\u00f6se, Winfried Glatzeder, Nasjonalitet: DDR 1973, Spr\u00e5k: Tysk, Lengde: 1 t 45 min &#8211; digital \u00a0 En av de mest suksessrike filmene fra DDR For f\u00f8rste gang kan filmklubben presentere en DEFA-film, som det \u00f8sttyske filmproduksjonsselskapet het. Legenden om Paul og Paula handler [&hellip;]<\/p>\n","protected":false},"author":2,"featured_media":0,"parent":0,"menu_order":0,"comment_status":"open","ping_status":"open","template":"","meta":{"footnotes":""},"class_list":["post-314","page","type-page","status-publish","hentry"],"_links":{"self":[{"href":"https:\/\/www.bodofilmklubb.no\/index.php\/wp-json\/wp\/v2\/pages\/314","targetHints":{"allow":["GET"]}}],"collection":[{"href":"https:\/\/www.bodofilmklubb.no\/index.php\/wp-json\/wp\/v2\/pages"}],"about":[{"href":"https:\/\/www.bodofilmklubb.no\/index.php\/wp-json\/wp\/v2\/types\/page"}],"author":[{"embeddable":true,"href":"https:\/\/www.bodofilmklubb.no\/index.php\/wp-json\/wp\/v2\/users\/2"}],"replies":[{"embeddable":true,"href":"https:\/\/www.bodofilmklubb.no\/index.php\/wp-json\/wp\/v2\/comments?post=314"}],"version-history":[{"count":1,"href":"https:\/\/www.bodofilmklubb.no\/index.php\/wp-json\/wp\/v2\/pages\/314\/revisions"}],"predecessor-version":[{"id":315,"href":"https:\/\/www.bodofilmklubb.no\/index.php\/wp-json\/wp\/v2\/pages\/314\/revisions\/315"}],"wp:attachment":[{"href":"https:\/\/www.bodofilmklubb.no\/index.php\/wp-json\/wp\/v2\/media?parent=314"}],"curies":[{"name":"wp","href":"https:\/\/api.w.org\/{rel}","templated":true}]}}