{"id":318,"date":"2010-01-25T22:36:01","date_gmt":"2010-01-25T20:36:01","guid":{"rendered":"http:\/\/www.bodofilmklubb.no\/?page_id=318"},"modified":"2010-01-25T22:36:01","modified_gmt":"2010-01-25T20:36:01","slug":"wendy-og-lucy","status":"publish","type":"page","link":"https:\/\/www.bodofilmklubb.no\/index.php\/wendy-og-lucy\/","title":{"rendered":"Wendy og Lucy"},"content":{"rendered":"<p class=\"MsoNormal\" style=\"margin: 0cm 0cm 0pt;\"><span style=\"font-size: small; font-family: Times New Roman;\">Originaltittel: Wendy and Lucy, Regi: Kelly Reichardt, Skuespillere: Michelle Williams m.fl, Nasjonalitet: USA, 2008, Spr\u00e5k: Engelsk, Lengde: 1 t. 20 min &#8211; digital<\/span><\/p>\n<p class=\"MsoNormal\" style=\"margin: 0cm 0cm 0pt;\"><span style=\"font-size: small; font-family: Times New Roman;\">\u00a0<\/span><\/p>\n<p class=\"MsoNormal\" style=\"margin: 0cm 0cm 0pt;\"><span style=\"font-size: small;\"><span style=\"font-family: Times New Roman;\"><strong style=\"mso-bidi-font-weight: normal;\"><span style=\"mso-ansi-language: EN-US;\" lang=\"EN-US\">You can&#8217;t get an address without an address. You can&#8217;t get a job without a job.<\/span><\/strong><span style=\"mso-ansi-language: EN-US;\" lang=\"EN-US\"> <\/span><\/span><\/span><\/p>\n<p class=\"MsoNormal\" style=\"margin: 0cm 0cm 0pt;\"><span style=\"mso-ansi-language: EN-US;\" lang=\"EN-US\"><span style=\"font-size: small; font-family: Times New Roman;\">\u00a0<\/span><\/span><\/p>\n<p class=\"MsoNormal\" style=\"margin: 0cm 0cm 0pt;\"><span style=\"font-size: small; font-family: Times New Roman;\">Ideen til filmen fikk regiss\u00f8r Kelly Reichardt etter at orkanen Katharina traff kysten utenfor New Orleans. Etter orkanens herjinger var store deler av byen rasert og mange av byens innbyggere hadde mistet alt de eide og stod n\u00e5 p\u00e5 bar bakke. Samtidig ble det klart at det ikke fantes systemer i samfunnet som tok seg av fattige mennesker som ikke kunne klare seg selv.<\/span><\/p>\n<p class=\"MsoNormal\" style=\"margin: 0cm 0cm 0pt;\"><span style=\"font-size: small; font-family: Times New Roman;\">\u00a0<\/span><\/p>\n<p class=\"MsoNormal\" style=\"margin: 0cm 0cm 0pt;\"><span style=\"font-size: small; font-family: Times New Roman;\">Filmen handler om Wendy, som er fattig i et rikt land. Hun er p\u00e5 vei til Alaska for \u00e5 f\u00e5 seg jobb. Med seg i bilen har hun hunden Lucy. I en liten by i Oregon bryter bilen sammen og hun har ikke r\u00e5d til \u00e5 betale verkstedregningen. Samtidig mister hun Lucy. Hvis du ikke har jobb eller familie og ikke omfattes av velferdsordninger, hva gj\u00f8r du da for \u00e5 overleve? <\/span><\/p>\n<p class=\"MsoNormal\" style=\"margin: 0cm 0cm 0pt;\"><span style=\"font-size: small; font-family: Times New Roman;\">\u00a0<\/span><\/p>\n<p class=\"MsoNormal\" style=\"margin: 0cm 0cm 0pt;\"><span style=\"font-size: small; font-family: Times New Roman;\">Dette er en sann independent film. Budsjettet var p\u00e5 bare 300000 $, noe som er mindre enn mange norske novellefilmer koster. Den er minimalistisk i den forstand at det ikke er en overfl\u00f8dig scene eller en overfl\u00f8dig replikk. Samtidig er den estetisk og eksakt nok til \u00e5 fortelle det den skal. <\/span><\/p>\n<p class=\"MsoNormal\" style=\"margin: 0cm 0cm 0pt;\"><span style=\"font-size: small; font-family: Times New Roman;\">\u00a0<\/span><\/p>\n<p class=\"MsoNormal\" style=\"margin: 0cm 0cm 0pt;\"><span style=\"font-size: small; font-family: Times New Roman;\">Filmen ble av mange internasjonale kritikere regnet som \u00e5rets beste i 2008. P\u00e5 tross av dette og den gode mottakelsen filmen fikk i Cannes, har den ikke f\u00e5tt alminnelig distribusjon i Norge. Vi er derfor glade for \u00e5 f\u00e5 anledning til \u00e5 vise den i filmklubben.<\/span><\/p>\n<p class=\"MsoNormal\" style=\"margin: 0cm 0cm 0pt;\">\u00a0<\/p>\n<p class=\"MsoNormal\" style=\"margin: 0cm 0cm 0pt;\"><span style=\"font-size: small; font-family: Times New Roman;\">Trailer: <a href=\"http:\/\/www.youtube.com\/watch?v=5zmQSv7T8wc\">http:\/\/www.youtube.com\/watch?v=5zmQSv7T8wc<\/a><\/span><\/p>\n<p class=\"MsoNormal\" style=\"margin: 0cm 0cm 0pt;\"><span style=\"font-size: small; font-family: Times New Roman;\">Klipp: <a href=\"http:\/\/www.youtube.com\/watch?v=K9ZKcZkSr-8\">http:\/\/www.youtube.com\/watch?v=K9ZKcZkSr-8<\/a><\/span><\/p>\n","protected":false},"excerpt":{"rendered":"<p>Originaltittel: Wendy and Lucy, Regi: Kelly Reichardt, Skuespillere: Michelle Williams m.fl, Nasjonalitet: USA, 2008, Spr\u00e5k: Engelsk, Lengde: 1 t. 20 min &#8211; digital \u00a0 You can&#8217;t get an address without an address. You can&#8217;t get a job without a job. \u00a0 Ideen til filmen fikk regiss\u00f8r Kelly Reichardt etter at orkanen Katharina traff kysten utenfor [&hellip;]<\/p>\n","protected":false},"author":2,"featured_media":0,"parent":0,"menu_order":0,"comment_status":"open","ping_status":"open","template":"","meta":{"footnotes":""},"class_list":["post-318","page","type-page","status-publish","hentry"],"_links":{"self":[{"href":"https:\/\/www.bodofilmklubb.no\/index.php\/wp-json\/wp\/v2\/pages\/318","targetHints":{"allow":["GET"]}}],"collection":[{"href":"https:\/\/www.bodofilmklubb.no\/index.php\/wp-json\/wp\/v2\/pages"}],"about":[{"href":"https:\/\/www.bodofilmklubb.no\/index.php\/wp-json\/wp\/v2\/types\/page"}],"author":[{"embeddable":true,"href":"https:\/\/www.bodofilmklubb.no\/index.php\/wp-json\/wp\/v2\/users\/2"}],"replies":[{"embeddable":true,"href":"https:\/\/www.bodofilmklubb.no\/index.php\/wp-json\/wp\/v2\/comments?post=318"}],"version-history":[{"count":1,"href":"https:\/\/www.bodofilmklubb.no\/index.php\/wp-json\/wp\/v2\/pages\/318\/revisions"}],"predecessor-version":[{"id":319,"href":"https:\/\/www.bodofilmklubb.no\/index.php\/wp-json\/wp\/v2\/pages\/318\/revisions\/319"}],"wp:attachment":[{"href":"https:\/\/www.bodofilmklubb.no\/index.php\/wp-json\/wp\/v2\/media?parent=318"}],"curies":[{"name":"wp","href":"https:\/\/api.w.org\/{rel}","templated":true}]}}