{"id":323,"date":"2010-02-19T21:10:42","date_gmt":"2010-02-19T19:10:42","guid":{"rendered":"http:\/\/www.bodofilmklubb.no\/?page_id=323"},"modified":"2010-02-19T21:10:42","modified_gmt":"2010-02-19T19:10:42","slug":"arsm%c3%b8te-2010","status":"publish","type":"page","link":"https:\/\/www.bodofilmklubb.no\/index.php\/arsm%c3%b8te-2010\/","title":{"rendered":"\u00c5rsm\u00f8te 2010"},"content":{"rendered":"<p>Bod\u00f8 Filmklubb holder \u00e5rsm\u00f8te l\u00f8rdag 27. mars rett etter siste l\u00f8rdagsfilmen, det vil si ca. 16.30. Vi reserverer oss plass p\u00e5 <em>Min Plass<\/em>.<\/p>\n<p>Har du noe du vil ta opp med oss eller kanskje har du lyst til \u00e5 bli med i styret? Ta kontakt eller m\u00f8t opp!<\/p>\n","protected":false},"excerpt":{"rendered":"<p>Bod\u00f8 Filmklubb holder \u00e5rsm\u00f8te l\u00f8rdag 27. mars rett etter siste l\u00f8rdagsfilmen, det vil si ca. 16.30. Vi reserverer oss plass p\u00e5 Min Plass. Har du noe du vil ta opp med oss eller kanskje har du lyst til \u00e5 bli med i styret? Ta kontakt eller m\u00f8t opp!<\/p>\n","protected":false},"author":2,"featured_media":0,"parent":0,"menu_order":0,"comment_status":"open","ping_status":"open","template":"","meta":{"footnotes":""},"class_list":["post-323","page","type-page","status-publish","hentry"],"_links":{"self":[{"href":"https:\/\/www.bodofilmklubb.no\/index.php\/wp-json\/wp\/v2\/pages\/323","targetHints":{"allow":["GET"]}}],"collection":[{"href":"https:\/\/www.bodofilmklubb.no\/index.php\/wp-json\/wp\/v2\/pages"}],"about":[{"href":"https:\/\/www.bodofilmklubb.no\/index.php\/wp-json\/wp\/v2\/types\/page"}],"author":[{"embeddable":true,"href":"https:\/\/www.bodofilmklubb.no\/index.php\/wp-json\/wp\/v2\/users\/2"}],"replies":[{"embeddable":true,"href":"https:\/\/www.bodofilmklubb.no\/index.php\/wp-json\/wp\/v2\/comments?post=323"}],"version-history":[{"count":1,"href":"https:\/\/www.bodofilmklubb.no\/index.php\/wp-json\/wp\/v2\/pages\/323\/revisions"}],"predecessor-version":[{"id":324,"href":"https:\/\/www.bodofilmklubb.no\/index.php\/wp-json\/wp\/v2\/pages\/323\/revisions\/324"}],"wp:attachment":[{"href":"https:\/\/www.bodofilmklubb.no\/index.php\/wp-json\/wp\/v2\/media?parent=323"}],"curies":[{"name":"wp","href":"https:\/\/api.w.org\/{rel}","templated":true}]}}