{"id":359,"date":"2010-09-14T20:33:45","date_gmt":"2010-09-14T18:33:45","guid":{"rendered":"http:\/\/www.bodofilmklubb.no\/?page_id=359"},"modified":"2010-09-16T22:48:00","modified_gmt":"2010-09-16T20:48:00","slug":"the-hurt-locker","status":"publish","type":"page","link":"https:\/\/www.bodofilmklubb.no\/index.php\/the-hurt-locker\/","title":{"rendered":"The Hurt Locker"},"content":{"rendered":"<p><span style=\"font-family: &quot;Verdana&quot;,&quot;sans-serif&quot;; color: black; mso-bidi-font-size: 14.0pt;\"><span style=\"font-family: Times New Roman; font-size: small;\"><\/p>\n<p class=\"MsoNormal\" style=\"margin: 0cm 0cm 0pt;\">Regi: Kathryn Bigelow, Skuespillere: Jeremy Renner, Anthony Mackie, Guy Pearce, Nasjonalitet: USA 2008, Spr\u00e5k: Engelsk \u2013 <span style=\"text-decoration: underline;\">uten tekster<\/span>, Lengde: 2t 12min \u2013 digital<\/p>\n<p class=\"MsoNormal\" style=\"margin: 0cm 0cm 0pt;\">\u00a0<\/p>\n<p><\/span><\/span><\/p>\n<p class=\"MsoNormal\" style=\"margin: 0cm 0cm 0pt;\"><strong style=\"mso-bidi-font-weight: normal;\"><span style=\"font-family: &quot;Verdana&quot;,&quot;sans-serif&quot;; color: black; mso-bidi-font-size: 14.0pt;\"><span style=\"font-size: small;\">Filmen som ga den f\u00f8rste kvinnen en regi-Oscar.<\/span><\/span><\/strong><\/p>\n<p class=\"MsoNormal\" style=\"margin: 0cm 0cm 0pt;\">\n<div class=\"MsoNormal\" style=\"margin: 0cm 0cm 0pt;\"><span style=\"font-family: &quot;Verdana&quot;,&quot;sans-serif&quot;; color: black; mso-bidi-font-size: 14.0pt;\"><span style=\"font-size: small;\">Egentlig utrolig, men sant: Bigelow er den f\u00f8rste kvinnen som fikk Hollywoods h\u00f8yeste utmerkelse som beste regiss\u00f8r. S\u00e5 vil sikkert noen skyte inn: Selvf\u00f8lgelig m\u00e5tte det bli<\/span><\/span><\/div>\n<p><span style=\"font-family: &quot;Verdana&quot;,&quot;sans-serif&quot;; color: black; mso-bidi-font-size: 14.0pt;\"><span style=\"font-size: small;\"><\/p>\n<p class=\"MsoNormal\" style=\"margin: 0cm 0cm 0pt;\"><span style=\"font-family: &quot;Verdana&quot;,&quot;sans-serif&quot;; color: black; mso-bidi-font-size: 14.0pt;\">henne, den \u201dmannligste\u201d av alle kvinnelige regiss\u00f8rer (n\u00e5r en ser p\u00e5 filmografien alts\u00e5!). Sikker riktig det, men s\u00e5 lager ingen maken til sjangerfilm som hun gj\u00f8r (se neste side). <em style=\"mso-bidi-font-style: normal;\">The Hurt Locker<\/em> er p\u00e5 overflaten en typisk krigsactionfilm. Slik ble den ogs\u00e5 solgt i landets videosjapper. At filmen havner i programmet hos oss skyldes for det f\u00f8rste at vi mener at <em style=\"mso-bidi-font-style: normal;\">The Hurt Locker<\/em> burde vises p\u00e5 kino og for det andre at Bigelow ikke lager en hvilken som helst actionfilm. Handlingen er lagd til den aktuelle Irak-krigen og fokuserer p\u00e5 en amerikansk eliteenhet som rydder bomber. Bigelow klarer \u00e5 la den ytre og den indre spenningen g\u00e5 h\u00e5nd i h\u00e5nd og lager en krigsfilm for folk som egentlig ikke liker krigsfilmer. <em style=\"mso-bidi-font-style: normal;\">The Hurt Locker<\/em> er et intenst drama. Eksplosjoner og Irak-settingen er en bonus for noen, men i grunnen er filmen et uhyre dyktig skrevet, spilt, fotografert og regissert stykke kunst. <\/span><\/p>\n<p class=\"MsoNormal\" style=\"margin: 0cm 0cm 0pt;\"><span style=\"font-family: &quot;Verdana&quot;,&quot;sans-serif&quot;; color: black; mso-bidi-font-size: 14.0pt;\">\u00a0<\/span><\/p>\n<div><span style=\"font-family: &quot;Verdana&quot;,&quot;sans-serif&quot;; color: black; mso-bidi-font-size: 14.0pt;\"><\/p>\n<div><\/div>\n<p><\/span><\/div>\n<p><span style=\"font-family: &quot;Verdana&quot;,&quot;sans-serif&quot;; color: black; mso-bidi-font-size: 14.0pt;\"><span style=\"font-size: small;\"><\/p>\n<p class=\"MsoNormal\" style=\"margin: 0cm 0cm 0pt;\">\u00a0<\/p>\n<p>\u00a0<\/p>\n<p><\/span><\/span><\/span><\/span><\/p>\n<p class=\"MsoNormal\" style=\"margin: 0cm 0cm 0pt;\">\u00a0<\/p>\n","protected":false},"excerpt":{"rendered":"<p>Regi: Kathryn Bigelow, Skuespillere: Jeremy Renner, Anthony Mackie, Guy Pearce, Nasjonalitet: USA 2008, Spr\u00e5k: Engelsk \u2013 uten tekster, Lengde: 2t 12min \u2013 digital \u00a0 Filmen som ga den f\u00f8rste kvinnen en regi-Oscar. Egentlig utrolig, men sant: Bigelow er den f\u00f8rste kvinnen som fikk Hollywoods h\u00f8yeste utmerkelse som beste regiss\u00f8r. S\u00e5 vil sikkert noen skyte inn: [&hellip;]<\/p>\n","protected":false},"author":2,"featured_media":0,"parent":0,"menu_order":0,"comment_status":"open","ping_status":"open","template":"","meta":{"footnotes":""},"class_list":["post-359","page","type-page","status-publish","hentry"],"_links":{"self":[{"href":"https:\/\/www.bodofilmklubb.no\/index.php\/wp-json\/wp\/v2\/pages\/359","targetHints":{"allow":["GET"]}}],"collection":[{"href":"https:\/\/www.bodofilmklubb.no\/index.php\/wp-json\/wp\/v2\/pages"}],"about":[{"href":"https:\/\/www.bodofilmklubb.no\/index.php\/wp-json\/wp\/v2\/types\/page"}],"author":[{"embeddable":true,"href":"https:\/\/www.bodofilmklubb.no\/index.php\/wp-json\/wp\/v2\/users\/2"}],"replies":[{"embeddable":true,"href":"https:\/\/www.bodofilmklubb.no\/index.php\/wp-json\/wp\/v2\/comments?post=359"}],"version-history":[{"count":3,"href":"https:\/\/www.bodofilmklubb.no\/index.php\/wp-json\/wp\/v2\/pages\/359\/revisions"}],"predecessor-version":[{"id":408,"href":"https:\/\/www.bodofilmklubb.no\/index.php\/wp-json\/wp\/v2\/pages\/359\/revisions\/408"}],"wp:attachment":[{"href":"https:\/\/www.bodofilmklubb.no\/index.php\/wp-json\/wp\/v2\/media?parent=359"}],"curies":[{"name":"wp","href":"https:\/\/api.w.org\/{rel}","templated":true}]}}