{"id":365,"date":"2010-09-14T21:06:11","date_gmt":"2010-09-14T19:06:11","guid":{"rendered":"http:\/\/www.bodofilmklubb.no\/?page_id=365"},"modified":"2010-09-16T22:52:30","modified_gmt":"2010-09-16T20:52:30","slug":"pianomania","status":"publish","type":"page","link":"https:\/\/www.bodofilmklubb.no\/index.php\/pianomania\/","title":{"rendered":"Pianomania"},"content":{"rendered":"<div><\/div>\n<div><span style=\"font-family: &quot;Verdana&quot;,&quot;sans-serif&quot;; color: black;\"><\/span><\/div>\n<p><span style=\"font-family: &quot;Verdana&quot;,&quot;sans-serif&quot;; color: black;\"><span style=\"font-size: small;\"><\/p>\n<p class=\"MsoNormal\" style=\"margin: 0cm 0cm 0pt;\"><span style=\"font-family: Times New Roman;\">Dokumentarfilm, Regi: Robert Cibis, Nasjonalitet: Tyskland 2009, Spr\u00e5k: Tysk med engelske undertekster. Lengde: 1 t 33 min \u2013 digital<\/span><\/p>\n<div><\/div>\n<p><span style=\"font-size: small;\"><font face=\"&quot;Verdana&quot;,&quot;sans-serif&quot;\" color=\"black\"><font style=\"font-size: small;\" size=\"3\"><font style=\"font-size: small;\" size=\"3\"><\/p>\n<p class=\"MsoNormal\" style=\"margin: 0cm 0cm 0pt;\"><span style=\"font-family: Times New Roman;\">\u00a0<\/span><\/p>\n<p><\/font><\/font><\/font><\/span><font face=\"&quot;Verdana&quot;,&quot;sans-serif&quot;\" color=\"black\"><font style=\"font-size: small;\" size=\"3\"><\/p>\n<p class=\"MsoNormal\" style=\"margin: 0cm 0cm 0pt;\">\u00a0<\/p>\n<p><\/font><\/font><\/span><font face=\"&quot;Verdana&quot;,&quot;sans-serif&quot;\" color=\"black\"><\/p>\n<p class=\"MsoNormal\" style=\"margin: 0cm 0cm 0pt;\">\u00a0<\/p>\n<p><\/font><\/span><\/p>\n<p class=\"MsoNormal\" style=\"margin: 0cm 0cm 0pt;\"><strong style=\"mso-bidi-font-weight: normal;\"><span style=\"font-family: &quot;Verdana&quot;,&quot;sans-serif&quot;; color: black;\"><span style=\"font-size: small;\">Festivalfavoritt: P\u00e5 leting etter den perfekte lyden.<\/span><\/span><\/strong><\/p>\n<p class=\"MsoNormal\" style=\"margin: 0cm 0cm 0pt;\"><em style=\"mso-bidi-font-style: normal;\"><\/em><\/p>\n<p class=\"MsoNormal\" style=\"margin: 0cm 0cm 0pt;\">\n<div class=\"MsoNormal\" style=\"margin: 0cm 0cm 0pt;\"><span style=\"font-size: small;\"><em style=\"mso-bidi-font-style: normal;\"><span style=\"font-family: &quot;Verdana&quot;,&quot;sans-serif&quot;; color: black; mso-bidi-font-size: 14.0pt;\">Pianomania <\/span><\/em><\/span><span style=\"font-size: small;\"><span style=\"font-family: &quot;Verdana&quot;,&quot;sans-serif&quot;; color: black; mso-bidi-font-size: 14.0pt;\">portretterer pianostemmeren Stefan Kn\u00fcpfer. Han jobber hos Steinway &amp; <\/span><span style=\"font-family: &quot;Verdana&quot;,&quot;sans-serif&quot;; color: black; mso-bidi-font-size: 14.0pt;\"><span style=\"font-family: &quot;Verdana&quot;,&quot;sans-serif&quot;; color: black;\">Sons i \u00d8sterrike og blir regnet som en av de absolutt beste i faget. Ikke uventet er det alts\u00e5 han som f\u00e5r oppdrag n\u00e5r de mest ber\u00f8mte pianistene skal spille inn nye plater. <\/span><\/span><\/span><\/div>\n<p class=\"MsoNormal\" style=\"margin: 0cm 0cm 0pt;\"><span style=\"font-family: &quot;Verdana&quot;,&quot;sans-serif&quot;; color: black;\">Av og til dukker det opp dokumentarfilmer om de mest spesielle emner, og man kan lure p\u00e5: Er n\u00e5 det interessant nok for halvannen time p\u00e5 kino? Svaret her er: Ja, det er verdt det. En vellykket dokumentarfilm som <em style=\"mso-bidi-font-style: normal;\">Pianomania<\/em> fanger nemlig ikke bare oppmerksomheten til de f\u00e5 som virkelig er interessert i faget som skildres, men forteller noe utover det. For eksempel om profesjonell hengivenhet. Kn\u00fcpfer er perfeksjonist uten \u00e5 v\u00e6re irriterende, han lever og \u00e5nder oppriktig for det han gj\u00f8r. <em style=\"mso-bidi-font-style: normal;\">Pianomania<\/em> f\u00f8lger jakten etter den perfekte lyden med nerven til en spenningsfilm. Og du trenger alts\u00e5 ikke \u00e5 v\u00e6re klassikknerd for \u00e5 trives som tilskuer. Men en klassikkelsker ville kanskje sette spesielt pris p\u00e5 filmen? Har du alts\u00e5 en i familien burde du nok vurdere \u00e5 ta han eller henne med p\u00e5 kino i dag (for er du selv filmklubbmedlem og klassikkfan, s\u00e5 st\u00e5r du vel fremst i k\u00f8en allerede?) <\/span><\/p>\n<div><\/div>\n<p><span style=\"font-family: &quot;Verdana&quot;,&quot;sans-serif&quot;; color: black; mso-bidi-font-size: 14.0pt;\"><\/p>\n<p class=\"MsoNormal\" style=\"margin: 0cm 0cm 0pt;\">\u00a0<\/p>\n<p>\u00a0<\/p>\n<p>\u00a0<\/p>\n<p>\u00a0<\/p>\n<p>\u00a0<\/p>\n<p><\/span><\/p>\n<p class=\"MsoNormal\" style=\"margin: 0cm 0cm 0pt;\">\u00a0<\/p>\n<p>\u00a0<\/p>\n<div><span style=\"font-size: small;\">\u00a0<\/span><\/div>\n<div><span style=\"font-size: small;\">\u00a0<\/span><\/div>\n<div><span style=\"font-size: small;\">\u00a0<\/span><\/div>\n<div><span style=\"font-size: small;\">\u00a0<\/span><\/div>\n<p><span style=\"font-size: small;\">\u00a0<\/p>\n<p><\/span><\/p>\n<p class=\"MsoNormal\" style=\"margin: 0cm 0cm 0pt;\">\u00a0<\/p>\n","protected":false},"excerpt":{"rendered":"<p>Dokumentarfilm, Regi: Robert Cibis, Nasjonalitet: Tyskland 2009, Spr\u00e5k: Tysk med engelske undertekster. Lengde: 1 t 33 min \u2013 digital \u00a0 \u00a0 \u00a0 Festivalfavoritt: P\u00e5 leting etter den perfekte lyden. Pianomania portretterer pianostemmeren Stefan Kn\u00fcpfer. Han jobber hos Steinway &amp; Sons i \u00d8sterrike og blir regnet som en av de absolutt beste i faget. Ikke uventet [&hellip;]<\/p>\n","protected":false},"author":2,"featured_media":0,"parent":0,"menu_order":0,"comment_status":"open","ping_status":"open","template":"","meta":{"footnotes":""},"class_list":["post-365","page","type-page","status-publish","hentry"],"_links":{"self":[{"href":"https:\/\/www.bodofilmklubb.no\/index.php\/wp-json\/wp\/v2\/pages\/365","targetHints":{"allow":["GET"]}}],"collection":[{"href":"https:\/\/www.bodofilmklubb.no\/index.php\/wp-json\/wp\/v2\/pages"}],"about":[{"href":"https:\/\/www.bodofilmklubb.no\/index.php\/wp-json\/wp\/v2\/types\/page"}],"author":[{"embeddable":true,"href":"https:\/\/www.bodofilmklubb.no\/index.php\/wp-json\/wp\/v2\/users\/2"}],"replies":[{"embeddable":true,"href":"https:\/\/www.bodofilmklubb.no\/index.php\/wp-json\/wp\/v2\/comments?post=365"}],"version-history":[{"count":7,"href":"https:\/\/www.bodofilmklubb.no\/index.php\/wp-json\/wp\/v2\/pages\/365\/revisions"}],"predecessor-version":[{"id":413,"href":"https:\/\/www.bodofilmklubb.no\/index.php\/wp-json\/wp\/v2\/pages\/365\/revisions\/413"}],"wp:attachment":[{"href":"https:\/\/www.bodofilmklubb.no\/index.php\/wp-json\/wp\/v2\/media?parent=365"}],"curies":[{"name":"wp","href":"https:\/\/api.w.org\/{rel}","templated":true}]}}