{"id":369,"date":"2010-09-14T21:21:27","date_gmt":"2010-09-14T19:21:27","guid":{"rendered":"http:\/\/www.bodofilmklubb.no\/?page_id=369"},"modified":"2010-09-14T21:53:12","modified_gmt":"2010-09-14T19:53:12","slug":"mary-og-max","status":"publish","type":"page","link":"https:\/\/www.bodofilmklubb.no\/index.php\/mary-og-max\/","title":{"rendered":"Mary og Max"},"content":{"rendered":"<div class=\"MsoNormal\" style=\"text-align: left; margin: 0cm 0cm 0pt -1cm;\"><span style=\"font-family: &quot;Verdana&quot;,&quot;sans-serif&quot;; color: black;\"><span style=\"font-family: &quot;Verdana&quot;,&quot;sans-serif&quot;; color: black;\"><\/p>\n<p class=\"MsoNormal\" style=\"margin: 0cm 0cm 0pt 21.3pt;\"><span style=\"font-family: Times New Roman; font-size: small;\">Regi: Adam Elliot, Stemmer: Toni Collette, Philip Seymor Hoffman, Nasjonalitet: Australia 2009, Spr\u00e5k: Engelsk, Lengde: 1t 32 min &#8211; digital <\/span><\/p>\n<p class=\"MsoNormal\" style=\"margin: 0cm 0cm 0pt 21.3pt;\"><span style=\"font-family: Times New Roman; font-size: small;\">\u00a0<\/span><\/p>\n<p class=\"MsoNormal\" style=\"margin: 0cm 0cm 0pt 21.3pt;\"><strong style=\"mso-bidi-font-weight: normal;\"><span style=\"font-family: &quot;Verdana&quot;,&quot;sans-serif&quot;; color: black;\"><span style=\"font-size: small;\">Animasjonsfilm for voksne \u2013 En hyllest til alle som er annerledes.<\/span><\/span><\/strong><\/p>\n<p class=\"MsoNormal\" style=\"margin: 0cm 0cm 0pt 21.3pt;\"><span style=\"font-family: &quot;Verdana&quot;,&quot;sans-serif&quot;; color: black;\"><span style=\"font-size: small;\">Mary er en 8 \u00e5r gammel jente fra Melbourne som lurer p\u00e5 det meste i verden. Svar f\u00e5r hun derimot ikke \u2013 foreldrene hennes er mest opptatt av seg selv og venner har hun ikke. Enda verre: Hun blir mobbet for utseendet sitt. Slikt kunne v\u00e6re utgangspunkt for et tungt sosialrealistisk drama, men i Adam Elliots fantastiske animasjonsfilm blir det starten p\u00e5 en varm og r\u00f8rende fortelling. Mary bestemmer seg nemlig for \u00e5 skrive sp\u00f8rsm\u00e5lene sine ned i brevform, og sender brevet til et vilk\u00e5rlig utplukket navn i New York. Skjebnen vil at brevet havner hos Max Horowitz. Max er 44 \u00e5r, er sv\u00e6rt overvektig og har Aspergers syndrom. F\u00f8rst reagerer han mildt sagt skrekkslagen p\u00e5 Marys brev, men snart utvikler det seg et helt uvanlig vennskap. <em style=\"mso-bidi-font-style: normal;\">Mary og Max<\/em> er en utrolig forn\u00f8yelig og original film som vi h\u00e5per mange av dere vil komme for \u00e5 se. Tips: Hvis du vil f\u00e5 et inntrykk av hvordan filmen er kan du s\u00f8ke opp regiss\u00f8rens Oscar-premierte kortfilm <em style=\"mso-bidi-font-style: normal;\">Harvie Krumpet<\/em> fra 2003 p\u00e5 You Tube, der den ligger ute i full lengde.<\/span><\/span><\/p>\n<p class=\"MsoNormal\" style=\"margin: 0cm 0cm 0pt;\">\u00a0<\/p>\n<p><\/span><\/span><\/div>\n","protected":false},"excerpt":{"rendered":"<p>Regi: Adam Elliot, Stemmer: Toni Collette, Philip Seymor Hoffman, Nasjonalitet: Australia 2009, Spr\u00e5k: Engelsk, Lengde: 1t 32 min &#8211; digital \u00a0 Animasjonsfilm for voksne \u2013 En hyllest til alle som er annerledes. Mary er en 8 \u00e5r gammel jente fra Melbourne som lurer p\u00e5 det meste i verden. Svar f\u00e5r hun derimot ikke \u2013 foreldrene [&hellip;]<\/p>\n","protected":false},"author":2,"featured_media":0,"parent":0,"menu_order":0,"comment_status":"open","ping_status":"open","template":"","meta":{"footnotes":""},"class_list":["post-369","page","type-page","status-publish","hentry"],"_links":{"self":[{"href":"https:\/\/www.bodofilmklubb.no\/index.php\/wp-json\/wp\/v2\/pages\/369","targetHints":{"allow":["GET"]}}],"collection":[{"href":"https:\/\/www.bodofilmklubb.no\/index.php\/wp-json\/wp\/v2\/pages"}],"about":[{"href":"https:\/\/www.bodofilmklubb.no\/index.php\/wp-json\/wp\/v2\/types\/page"}],"author":[{"embeddable":true,"href":"https:\/\/www.bodofilmklubb.no\/index.php\/wp-json\/wp\/v2\/users\/2"}],"replies":[{"embeddable":true,"href":"https:\/\/www.bodofilmklubb.no\/index.php\/wp-json\/wp\/v2\/comments?post=369"}],"version-history":[{"count":5,"href":"https:\/\/www.bodofilmklubb.no\/index.php\/wp-json\/wp\/v2\/pages\/369\/revisions"}],"predecessor-version":[{"id":386,"href":"https:\/\/www.bodofilmklubb.no\/index.php\/wp-json\/wp\/v2\/pages\/369\/revisions\/386"}],"wp:attachment":[{"href":"https:\/\/www.bodofilmklubb.no\/index.php\/wp-json\/wp\/v2\/media?parent=369"}],"curies":[{"name":"wp","href":"https:\/\/api.w.org\/{rel}","templated":true}]}}