{"id":372,"date":"2010-09-14T21:28:55","date_gmt":"2010-09-14T19:28:55","guid":{"rendered":"http:\/\/www.bodofilmklubb.no\/?page_id=372"},"modified":"2010-09-14T21:28:55","modified_gmt":"2010-09-14T19:28:55","slug":"lasse-og-geir","status":"publish","type":"page","link":"https:\/\/www.bodofilmklubb.no\/index.php\/lasse-og-geir\/","title":{"rendered":"Lasse og Geir"},"content":{"rendered":"<p class=\"MsoNormal\" style=\"margin: 0cm 0cm 0pt;\"><span style=\"font-family: Times New Roman; font-size: small;\">Regi: Svend Wam og Petter Venner\u00f8d, Skuespillere: Torgeir Schjerven, Lasse T\u00f8mte, Nasjonalitet: Norge 1976, Spr\u00e5k: norsk, Lengde: 1t 31min \u2013 digital<\/span><\/p>\n<p class=\"MsoNormal\" style=\"margin: 0cm 0cm 0pt;\"><span style=\"font-family: Times New Roman; font-size: small;\">\u00a0<\/span><\/p>\n<p class=\"MsoNormal\" style=\"margin: 0cm 0cm 0pt;\"><strong style=\"mso-bidi-font-weight: normal;\"><span style=\"font-family: &quot;Verdana&quot;,&quot;sans-serif&quot;; color: black; mso-bidi-font-size: 14.0pt;\"><span style=\"font-size: small;\">Legendarisk norsk sosialrealisme fra 1970-tallet.<\/span><\/span><\/strong><\/p>\n<p class=\"MsoNormal\" style=\"margin: 0cm 0cm 0pt;\"><span style=\"font-family: &quot;Verdana&quot;,&quot;sans-serif&quot;; color: black; mso-bidi-font-size: 14.0pt;\"><span style=\"font-size: small;\">Lasse og Geir er sinte. De er sinte p\u00e5 alt som er etablert og lukter av borgerskap og tilpasning. De oppf\u00f8rer seg p\u00f8belaktig p\u00e5 bussen og havner deretter i arresten. Filmen tar s\u00e5 p\u00e5 seg \u00e5 forklare hvor denne aggresjonen kommer fra. Hvis noen fortsatt trenger bevis for at film alltid er dypt knyttet til sin produksjonstid trenger en bare \u00e5 komme p\u00e5 visning i dag. Det som i utgangspunkt er ment som en \u2013 ikke spesiell subtil \u2013 samfunnskritisk film, blir i dag bare i liten grad et troverdig bilde av Rikets tilstand anno 1976, men i hovedsak et meget interessant eksempel for hvordan denne tilstanden ble tolket av politisk engasjerte kunstnere. Det er heller ingen hemmelighet at \u00e5 se Wam og Venner\u00f8ds f\u00f8rste samarbeid i dag er stor underholdning. Vi kan love dere de sm\u00e5tt legendariske dialogene presentert med krystallklart digital lyd. <\/span><\/span><\/p>\n","protected":false},"excerpt":{"rendered":"<p>Regi: Svend Wam og Petter Venner\u00f8d, Skuespillere: Torgeir Schjerven, Lasse T\u00f8mte, Nasjonalitet: Norge 1976, Spr\u00e5k: norsk, Lengde: 1t 31min \u2013 digital \u00a0 Legendarisk norsk sosialrealisme fra 1970-tallet. Lasse og Geir er sinte. De er sinte p\u00e5 alt som er etablert og lukter av borgerskap og tilpasning. De oppf\u00f8rer seg p\u00f8belaktig p\u00e5 bussen og havner deretter [&hellip;]<\/p>\n","protected":false},"author":2,"featured_media":0,"parent":0,"menu_order":0,"comment_status":"open","ping_status":"open","template":"","meta":{"footnotes":""},"class_list":["post-372","page","type-page","status-publish","hentry"],"_links":{"self":[{"href":"https:\/\/www.bodofilmklubb.no\/index.php\/wp-json\/wp\/v2\/pages\/372","targetHints":{"allow":["GET"]}}],"collection":[{"href":"https:\/\/www.bodofilmklubb.no\/index.php\/wp-json\/wp\/v2\/pages"}],"about":[{"href":"https:\/\/www.bodofilmklubb.no\/index.php\/wp-json\/wp\/v2\/types\/page"}],"author":[{"embeddable":true,"href":"https:\/\/www.bodofilmklubb.no\/index.php\/wp-json\/wp\/v2\/users\/2"}],"replies":[{"embeddable":true,"href":"https:\/\/www.bodofilmklubb.no\/index.php\/wp-json\/wp\/v2\/comments?post=372"}],"version-history":[{"count":1,"href":"https:\/\/www.bodofilmklubb.no\/index.php\/wp-json\/wp\/v2\/pages\/372\/revisions"}],"predecessor-version":[{"id":373,"href":"https:\/\/www.bodofilmklubb.no\/index.php\/wp-json\/wp\/v2\/pages\/372\/revisions\/373"}],"wp:attachment":[{"href":"https:\/\/www.bodofilmklubb.no\/index.php\/wp-json\/wp\/v2\/media?parent=372"}],"curies":[{"name":"wp","href":"https:\/\/api.w.org\/{rel}","templated":true}]}}