{"id":374,"date":"2010-09-14T21:33:44","date_gmt":"2010-09-14T19:33:44","guid":{"rendered":"http:\/\/www.bodofilmklubb.no\/?page_id=374"},"modified":"2010-09-14T21:33:44","modified_gmt":"2010-09-14T19:33:44","slug":"five-easy-pieces","status":"publish","type":"page","link":"https:\/\/www.bodofilmklubb.no\/index.php\/five-easy-pieces\/","title":{"rendered":"Five Easy Pieces"},"content":{"rendered":"<p class=\"MsoNormal\" style=\"margin: 0cm 0cm 0pt;\"><span style=\"font-family: Times New Roman; font-size: small;\">Regi: Bob Rafelson, Skuespillere: Jack Nicholson, Karen Black, Susan Ansbach, Nasjonalitet: USA 1970, Spr\u00e5k: Engelsk <span style=\"text-decoration: underline;\">uten tekst<\/span>, Lengde: 1 t 36 min &#8211; digital<\/span><\/p>\n<p class=\"MsoNormal\" style=\"margin: 0cm 0cm 0pt;\"><span style=\"font-family: &quot;Verdana&quot;,&quot;sans-serif&quot;; color: black; mso-bidi-font-size: 14.0pt;\"><span style=\"font-size: small;\">\u00a0<\/span><\/span><\/p>\n<p class=\"MsoNormal\" style=\"margin: 0cm 0cm 0pt;\"><strong style=\"mso-bidi-font-weight: normal;\"><span style=\"font-family: &quot;Verdana&quot;,&quot;sans-serif&quot;; color: black; mso-bidi-font-size: 14.0pt;\"><span style=\"font-size: small;\">Stemningsfull karakterstudie av en frustrert, sj\u00f8lproletarisert engang s\u00e5 lovende konsertpianist. <\/span><\/span><\/strong><\/p>\n<p class=\"MsoNormal\" style=\"margin: 0cm 0cm 0pt;\"><span style=\"font-family: &quot;Verdana&quot;,&quot;sans-serif&quot;; color: black; mso-bidi-font-size: 14.0pt;\"><span style=\"font-size: small;\">P\u00e5 tross av at han er en brilliant klassisk pianist \u2013 fra en intellektuell og velhavende familie \u2013 har Robert Dupea (Nicholson) gjort karriere av \u00e5 g\u00e5 fra jobb til jobb og fra kvinne til kvinne.<\/span><\/span><\/p>\n<p class=\"MsoNormal\" style=\"margin: 0cm 0cm 0pt;\"><span style=\"font-family: &quot;Verdana&quot;,&quot;sans-serif&quot;; color: black; mso-bidi-font-size: 14.0pt;\"><span style=\"font-size: small;\">For tiden arbeider han p\u00e5 et oljefelt, og bruker det meste av fritiden p\u00e5 \u00e5 drikke \u00f8l, spille poker og \u00e5 forbli uavhengig av sin sexy, men uintelligente, kj\u00e6reste Rayette (Karen Black). Men n\u00e5r han kommer til sin fars d\u00f8dsleie sammen med Rayette, m\u00f8ter han en sofistikert kvinne (Susan Anspach) som han faller for. Fanget mellom sine to motstridende livsstiler, st\u00e5r den intelligente, men problemfylte, Dupea overfor valg som vil forandre livet hans totalt. <\/span><\/span><\/p>\n<p class=\"MsoNormal\" style=\"margin: 0cm 0cm 0pt;\"><span style=\"font-family: &quot;Verdana&quot;,&quot;sans-serif&quot;; color: black; mso-bidi-font-size: 14.0pt;\"><span style=\"font-size: small;\">En viktig film innen det s\u00e5kalte &laquo;New Hollywood&raquo;-skolen som oppstod p\u00e5 70-tallet med regiss\u00f8rer som Francis Ford Coppola og Martin Scorcese, og dessuten rollen som ble Jack Nicholsons store gjennombrudd som &laquo;leading man&raquo;.<\/span><\/span><\/p>\n","protected":false},"excerpt":{"rendered":"<p>Regi: Bob Rafelson, Skuespillere: Jack Nicholson, Karen Black, Susan Ansbach, Nasjonalitet: USA 1970, Spr\u00e5k: Engelsk uten tekst, Lengde: 1 t 36 min &#8211; digital \u00a0 Stemningsfull karakterstudie av en frustrert, sj\u00f8lproletarisert engang s\u00e5 lovende konsertpianist. P\u00e5 tross av at han er en brilliant klassisk pianist \u2013 fra en intellektuell og velhavende familie \u2013 har Robert [&hellip;]<\/p>\n","protected":false},"author":2,"featured_media":0,"parent":0,"menu_order":0,"comment_status":"open","ping_status":"open","template":"","meta":{"footnotes":""},"class_list":["post-374","page","type-page","status-publish","hentry"],"_links":{"self":[{"href":"https:\/\/www.bodofilmklubb.no\/index.php\/wp-json\/wp\/v2\/pages\/374","targetHints":{"allow":["GET"]}}],"collection":[{"href":"https:\/\/www.bodofilmklubb.no\/index.php\/wp-json\/wp\/v2\/pages"}],"about":[{"href":"https:\/\/www.bodofilmklubb.no\/index.php\/wp-json\/wp\/v2\/types\/page"}],"author":[{"embeddable":true,"href":"https:\/\/www.bodofilmklubb.no\/index.php\/wp-json\/wp\/v2\/users\/2"}],"replies":[{"embeddable":true,"href":"https:\/\/www.bodofilmklubb.no\/index.php\/wp-json\/wp\/v2\/comments?post=374"}],"version-history":[{"count":1,"href":"https:\/\/www.bodofilmklubb.no\/index.php\/wp-json\/wp\/v2\/pages\/374\/revisions"}],"predecessor-version":[{"id":375,"href":"https:\/\/www.bodofilmklubb.no\/index.php\/wp-json\/wp\/v2\/pages\/374\/revisions\/375"}],"wp:attachment":[{"href":"https:\/\/www.bodofilmklubb.no\/index.php\/wp-json\/wp\/v2\/media?parent=374"}],"curies":[{"name":"wp","href":"https:\/\/api.w.org\/{rel}","templated":true}]}}