{"id":376,"date":"2010-09-14T21:36:35","date_gmt":"2010-09-14T19:36:35","guid":{"rendered":"http:\/\/www.bodofilmklubb.no\/?page_id=376"},"modified":"2010-09-14T21:37:04","modified_gmt":"2010-09-14T19:37:04","slug":"a-matter-of-life-and-death","status":"publish","type":"page","link":"https:\/\/www.bodofilmklubb.no\/index.php\/a-matter-of-life-and-death\/","title":{"rendered":"A Matter of Life and Death"},"content":{"rendered":"<p class=\"MsoNormal\" style=\"margin: 0cm 0cm 0pt;\"><span style=\"font-family: Times New Roman;\"><span style=\"font-size: small;\"><span style=\"mso-ansi-language: EN-US;\" lang=\"EN-US\">Originaltittel: A Matter of Life and Death, Regi: Michael Powell (Emeric Pressburger)<\/span><span style=\"mso-ansi-language: EN-GB;\" lang=\"EN-GB\">, Skuespillere: <\/span><span style=\"mso-ansi-language: EN-US;\" lang=\"EN-US\">David Niven, Richard Attenborough, Kim Hunter, <\/span><span style=\"mso-ansi-language: EN-GB;\" lang=\"EN-GB\">Nasjonalitet: England 1946, Spr\u00e5k: engelsk \u2013 <span style=\"text-decoration: underline;\">uten tekst, <\/span>Lengde: 1t 29 min \u2013 digital<\/span><\/span><\/span><\/p>\n<p class=\"MsoNormal\" style=\"margin: 0cm 0cm 0pt;\"><span style=\"mso-ansi-language: EN-GB;\" lang=\"EN-GB\"><span style=\"font-family: Times New Roman; font-size: small;\">\u00a0<\/span><\/span><\/p>\n<p class=\"MsoNormal\" style=\"margin: 0cm 0cm 0pt;\"><strong style=\"mso-bidi-font-weight: normal;\"><span style=\"font-family: &quot;Verdana&quot;,&quot;sans-serif&quot;; color: black; mso-bidi-font-size: 14.0pt;\"><span style=\"font-size: small;\">En film om den store kj\u00e6rligheten som overvinner alt, laget p\u00e5 oppdrag av den britiske regjeringen.<\/span><\/span><\/strong><\/p>\n<p class=\"MsoNormal\" style=\"margin: 0cm 0cm 0pt;\"><span style=\"font-family: &quot;Verdana&quot;,&quot;sans-serif&quot;; color: black; mso-bidi-font-size: 14.0pt;\"><span style=\"font-size: small;\">Bod\u00f8 filmklubb viser fire filmer av den store britiske filmduoen Powell og Pressburger, ogs\u00e5 kjent som \u201dThe Archers\u201d. Begge ble kreditert som b\u00e5de regiss\u00f8rer, produsenter og manusforfattere i de fleste filmene de laget, men Powell var hovedansvarlig for regien. Den f\u00f8rste av duoens filmer vi har gleden av \u00e5 vise er <em style=\"mso-bidi-font-style: normal;\">\u201dA Matter of Life and Death\u201d<\/em>. Filmen er kanskje mer kjent som <em style=\"mso-bidi-font-style: normal;\">\u201dStairway to heaven\u201d<\/em>, tittelen den ble lansert under i USA. Handlingen er lagt til de siste dagene av 2. verdenskrig. P\u00e5 vei hjem til England f\u00e5r Peter Carter (David Niven) problemer med flyet han f\u00f8rer. Til slutt ser han seg n\u00f8dt til \u00e5 kaste seg ut av flyet uten fallskjerm. Under en operasjon hvor han svever mellom liv og d\u00f8d, dr\u00f8mmer Peter at det p\u00e5g\u00e5r en himmelsk rettssak om hvorvidt han f\u00e5r leve videre for \u00e5 gifte seg med sin store kj\u00e6rlighet eller ei. Duoen er kjent for en rekke spesielle artistiske valg. Det mest tydelig i <em style=\"mso-bidi-font-style: normal;\">\u201dA Matter of Life and Death\u201d<\/em> er \u00e5 ha de jordiske scenene i farger, noe som st\u00e5r i sterk kontrast til de himmelske i svart-hvitt. <\/span><\/span><\/p>\n","protected":false},"excerpt":{"rendered":"<p>Originaltittel: A Matter of Life and Death, Regi: Michael Powell (Emeric Pressburger), Skuespillere: David Niven, Richard Attenborough, Kim Hunter, Nasjonalitet: England 1946, Spr\u00e5k: engelsk \u2013 uten tekst, Lengde: 1t 29 min \u2013 digital \u00a0 En film om den store kj\u00e6rligheten som overvinner alt, laget p\u00e5 oppdrag av den britiske regjeringen. Bod\u00f8 filmklubb viser fire filmer [&hellip;]<\/p>\n","protected":false},"author":2,"featured_media":0,"parent":0,"menu_order":0,"comment_status":"open","ping_status":"open","template":"","meta":{"footnotes":""},"class_list":["post-376","page","type-page","status-publish","hentry"],"_links":{"self":[{"href":"https:\/\/www.bodofilmklubb.no\/index.php\/wp-json\/wp\/v2\/pages\/376","targetHints":{"allow":["GET"]}}],"collection":[{"href":"https:\/\/www.bodofilmklubb.no\/index.php\/wp-json\/wp\/v2\/pages"}],"about":[{"href":"https:\/\/www.bodofilmklubb.no\/index.php\/wp-json\/wp\/v2\/types\/page"}],"author":[{"embeddable":true,"href":"https:\/\/www.bodofilmklubb.no\/index.php\/wp-json\/wp\/v2\/users\/2"}],"replies":[{"embeddable":true,"href":"https:\/\/www.bodofilmklubb.no\/index.php\/wp-json\/wp\/v2\/comments?post=376"}],"version-history":[{"count":2,"href":"https:\/\/www.bodofilmklubb.no\/index.php\/wp-json\/wp\/v2\/pages\/376\/revisions"}],"predecessor-version":[{"id":378,"href":"https:\/\/www.bodofilmklubb.no\/index.php\/wp-json\/wp\/v2\/pages\/376\/revisions\/378"}],"wp:attachment":[{"href":"https:\/\/www.bodofilmklubb.no\/index.php\/wp-json\/wp\/v2\/media?parent=376"}],"curies":[{"name":"wp","href":"https:\/\/api.w.org\/{rel}","templated":true}]}}