{"id":381,"date":"2010-09-14T21:43:21","date_gmt":"2010-09-14T19:43:21","guid":{"rendered":"http:\/\/www.bodofilmklubb.no\/?page_id=381"},"modified":"2010-09-14T21:43:21","modified_gmt":"2010-09-14T19:43:21","slug":"the-red-shoes","status":"publish","type":"page","link":"https:\/\/www.bodofilmklubb.no\/index.php\/the-red-shoes\/","title":{"rendered":"The Red Shoes"},"content":{"rendered":"<p class=\"MsoNormal\" style=\"margin: 0cm 0cm 0pt; background: white;\"><span style=\"font-family: Times New Roman;\"><span style=\"font-size: small;\"><span style=\"mso-ansi-language: EN-GB;\" lang=\"EN-GB\">Regi: Michael Powell (Emeric Pressburger)<span style=\"mso-bidi-font-style: italic;\"> skuespillere: Marius Goring, Anton Walbrook, Moira Shearer. <\/span><\/span><span style=\"mso-bidi-font-style: italic;\">Nasjonalitet: England<\/span> 1948, Spr\u00e5k: Engelsk, Lengde: 1 t. 20 min &#8211; digital<\/span><\/span><\/p>\n<p class=\"MsoNormal\" style=\"margin: 0cm 0cm 0pt;\"><span style=\"font-family: &quot;Verdana&quot;,&quot;sans-serif&quot;;\"><span style=\"font-size: small;\">\u00a0<\/span><\/span><\/p>\n<p class=\"MsoNormal\" style=\"margin: 0cm 0cm 0pt;\"><span style=\"font-size: small;\"><strong style=\"mso-bidi-font-weight: normal;\"><em style=\"mso-bidi-font-style: normal;\"><span style=\"font-family: &quot;Verdana&quot;,&quot;sans-serif&quot;; color: black;\">The Red Shoes<\/span><\/em><\/strong><strong style=\"mso-bidi-font-weight: normal;\"><span style=\"font-family: &quot;Verdana&quot;,&quot;sans-serif&quot;; color: black;\"> er Powell og Pressburgers (\u201dThe Archers\u201d) mest kjente film. Martin Scorsese har nevnt filmen som en av sine favoritter. <\/span><\/strong><\/span><\/p>\n<p class=\"MsoNormal\" style=\"margin: 0cm 0cm 0pt;\"><span style=\"font-family: &quot;Verdana&quot;,&quot;sans-serif&quot;; color: black;\"><span style=\"font-size: small;\">Basert p\u00e5 H. C. Andersens \u201dDe r\u00f8de skoene\u201d. Boris Lermontov (Anton Walbrook) styrer ballettselskapet sitt med hard h\u00e5nd.<span style=\"mso-spacerun: yes;\">\u00a0 <\/span><\/span><\/span><\/p>\n<p class=\"MsoNormal\" style=\"margin: 0cm 0cm 0pt;\"><span style=\"font-family: &quot;Verdana&quot;,&quot;sans-serif&quot;; color: black;\"><span style=\"font-size: small;\">P\u00e5 et nachspiel blir han forelsket i Victoria Page (Moira Shearer), en ung ballett- danserinne. Hun blir ansatt og oppn\u00e5r stor suksess p\u00e5 kort tid. Men hva skjer n\u00e5r hun forelsker seg i en annen ansatt i ballettselskapet?<\/span><\/span><\/p>\n<p class=\"MsoNormal\" style=\"margin: 0cm 0cm 0pt;\"><span style=\"font-family: &quot;Verdana&quot;,&quot;sans-serif&quot;; color: black;\"><span style=\"font-size: small;\">Filmen vant to oscarstatuetter (blant annet for beste musikk) og var for \u00f8vrig den f\u00f8rste ikke-amerikanske filmen til \u00e5 motta den statuetten. Spesielt imponerende er den 15 minutters lange ballettdelen av filmen. Igjen viser \u201dThe Archers\u201d sin evne til \u00e5 vektlegge b\u00e5de sm\u00e5 detaljer og helheten. <em style=\"mso-bidi-font-style: normal;\">The Red Shoes<\/em> er en av de mest ber\u00f8mte fargefilmene i historien og nydelig restaurert \u2013 Som skapt for digital kinovisning.<\/span><\/span><\/p>\n","protected":false},"excerpt":{"rendered":"<p>Regi: Michael Powell (Emeric Pressburger) skuespillere: Marius Goring, Anton Walbrook, Moira Shearer. Nasjonalitet: England 1948, Spr\u00e5k: Engelsk, Lengde: 1 t. 20 min &#8211; digital \u00a0 The Red Shoes er Powell og Pressburgers (\u201dThe Archers\u201d) mest kjente film. Martin Scorsese har nevnt filmen som en av sine favoritter. Basert p\u00e5 H. C. Andersens \u201dDe r\u00f8de skoene\u201d. [&hellip;]<\/p>\n","protected":false},"author":2,"featured_media":0,"parent":0,"menu_order":0,"comment_status":"open","ping_status":"open","template":"","meta":{"footnotes":""},"class_list":["post-381","page","type-page","status-publish","hentry"],"_links":{"self":[{"href":"https:\/\/www.bodofilmklubb.no\/index.php\/wp-json\/wp\/v2\/pages\/381","targetHints":{"allow":["GET"]}}],"collection":[{"href":"https:\/\/www.bodofilmklubb.no\/index.php\/wp-json\/wp\/v2\/pages"}],"about":[{"href":"https:\/\/www.bodofilmklubb.no\/index.php\/wp-json\/wp\/v2\/types\/page"}],"author":[{"embeddable":true,"href":"https:\/\/www.bodofilmklubb.no\/index.php\/wp-json\/wp\/v2\/users\/2"}],"replies":[{"embeddable":true,"href":"https:\/\/www.bodofilmklubb.no\/index.php\/wp-json\/wp\/v2\/comments?post=381"}],"version-history":[{"count":1,"href":"https:\/\/www.bodofilmklubb.no\/index.php\/wp-json\/wp\/v2\/pages\/381\/revisions"}],"predecessor-version":[{"id":382,"href":"https:\/\/www.bodofilmklubb.no\/index.php\/wp-json\/wp\/v2\/pages\/381\/revisions\/382"}],"wp:attachment":[{"href":"https:\/\/www.bodofilmklubb.no\/index.php\/wp-json\/wp\/v2\/media?parent=381"}],"curies":[{"name":"wp","href":"https:\/\/api.w.org\/{rel}","templated":true}]}}