{"id":383,"date":"2010-09-14T21:48:27","date_gmt":"2010-09-14T19:48:27","guid":{"rendered":"http:\/\/www.bodofilmklubb.no\/?page_id=383"},"modified":"2010-09-14T21:48:27","modified_gmt":"2010-09-14T19:48:27","slug":"the-thief-of-bagdad","status":"publish","type":"page","link":"https:\/\/www.bodofilmklubb.no\/index.php\/the-thief-of-bagdad\/","title":{"rendered":"The Thief of Bagdad"},"content":{"rendered":"<p class=\"MsoNormal\" style=\"margin: 0cm 0cm 0pt; background: white;\"><span style=\"font-family: Times New Roman; font-size: small;\">Regi: Ludwig Berger, Michael Powell m.fl.<span style=\"mso-bidi-font-style: italic;\"> Skuespillere: <\/span>Conrad Veidt, Sabu, <span style=\"mso-bidi-font-style: italic;\">Nasjonalitet: Storbritannia<\/span> 1940, Spr\u00e5k: Engelsk <span style=\"text-decoration: underline;\">uten tekst<\/span>, Lengde: 1 t. 46 min &#8211; digital<\/span><\/p>\n<p class=\"MsoNormal\" style=\"margin: 0cm 0cm 0pt;\"><span style=\"font-family: &quot;Verdana&quot;,&quot;sans-serif&quot;; color: black;\"><span style=\"font-size: small;\">\u00a0<\/span><\/span><\/p>\n<p class=\"MsoNormal\" style=\"margin: 0cm 0cm 0pt;\"><strong style=\"mso-bidi-font-weight: normal;\"><span style=\"font-family: &quot;Verdana&quot;,&quot;sans-serif&quot;; color: black;\"><span style=\"font-size: small;\">H\u00f8stens store eventyr<\/span><\/span><\/strong><\/p>\n<p class=\"MsoNormal\" style=\"margin: 0cm 0cm 0pt;\"><span style=\"font-size: small;\"><span style=\"font-family: &quot;Verdana&quot;,&quot;sans-serif&quot;; color: black; mso-bidi-font-size: 14.0pt;\">Hvis du fortsatt skulle v\u00e6re av den mening at det er mengden digitale effekter som teller n\u00e5r en skal trollbinde publikumet med historier fra 1001 natt (<em style=\"mso-bidi-font-style: normal;\">Prince of Persia<\/em> anyone?), kan du fort bli kurert om du kommer p\u00e5 v\u00e5r siste visning i h\u00f8st. For det finnes knapt maken til fantastisk og fantasifull film som <em style=\"mso-bidi-font-style: normal;\">The Thief of<\/em> <em style=\"mso-bidi-font-style: normal;\">Bagdad<\/em>. Den britiske produsenten Alexander Korda skapte en film som fortryller b\u00e5de voksne og barn, selv 70 \u00e5r etter dens premiere.<\/span><span style=\"font-family: Times New Roman;\"> <\/span><span style=\"font-family: &quot;Verdana&quot;,&quot;sans-serif&quot;; color: black; mso-bidi-font-size: 14.0pt;\">At det ikke var en lett oppgave \u00e5 lage <em style=\"mso-bidi-font-style: normal;\">The Thief of Bagdad<\/em>, vises blant annet ved at det er flere regiss\u00f8rer som var involvert i arbeidet, blant dem Michael Powell som vi har stiftet inng\u00e5ende bekjentskap med denne h\u00f8sten. Historien er tidl\u00f8s som alle eventyr: Kongen Ahmad blir styrtet av den onde Jaffar, men flykter med hjelp av den lille tyven Abu. En vakker prinsesse m\u00e5 reddes fra Jaffar og Abu m\u00e5 best\u00e5 mange pr\u00f8velser for s\u00e5 til slutt \u00e5 hjelpe rettferdigheten med \u00e5 seire atter en gang. Men det er bildene som fester seg for alltid: Flygende tepper og mekaniske hester, \u00e5nden fra flasken, grusomme kjempeedderkopper og en vakker prinsesse. Som ved <em style=\"mso-bidi-font-style: normal;\">Trollmannen fra Oz<\/em> er det noe med fargene i disse tidlige Technicolorfilmene, som filmskaperne senere aldri har klart eller \u00f8nsket \u00e5 gjenskape: Nyt.<\/span><\/span><\/p>\n","protected":false},"excerpt":{"rendered":"<p>Regi: Ludwig Berger, Michael Powell m.fl. Skuespillere: Conrad Veidt, Sabu, Nasjonalitet: Storbritannia 1940, Spr\u00e5k: Engelsk uten tekst, Lengde: 1 t. 46 min &#8211; digital \u00a0 H\u00f8stens store eventyr Hvis du fortsatt skulle v\u00e6re av den mening at det er mengden digitale effekter som teller n\u00e5r en skal trollbinde publikumet med historier fra 1001 natt (Prince [&hellip;]<\/p>\n","protected":false},"author":2,"featured_media":0,"parent":0,"menu_order":0,"comment_status":"open","ping_status":"open","template":"","meta":{"footnotes":""},"class_list":["post-383","page","type-page","status-publish","hentry"],"_links":{"self":[{"href":"https:\/\/www.bodofilmklubb.no\/index.php\/wp-json\/wp\/v2\/pages\/383","targetHints":{"allow":["GET"]}}],"collection":[{"href":"https:\/\/www.bodofilmklubb.no\/index.php\/wp-json\/wp\/v2\/pages"}],"about":[{"href":"https:\/\/www.bodofilmklubb.no\/index.php\/wp-json\/wp\/v2\/types\/page"}],"author":[{"embeddable":true,"href":"https:\/\/www.bodofilmklubb.no\/index.php\/wp-json\/wp\/v2\/users\/2"}],"replies":[{"embeddable":true,"href":"https:\/\/www.bodofilmklubb.no\/index.php\/wp-json\/wp\/v2\/comments?post=383"}],"version-history":[{"count":1,"href":"https:\/\/www.bodofilmklubb.no\/index.php\/wp-json\/wp\/v2\/pages\/383\/revisions"}],"predecessor-version":[{"id":384,"href":"https:\/\/www.bodofilmklubb.no\/index.php\/wp-json\/wp\/v2\/pages\/383\/revisions\/384"}],"wp:attachment":[{"href":"https:\/\/www.bodofilmklubb.no\/index.php\/wp-json\/wp\/v2\/media?parent=383"}],"curies":[{"name":"wp","href":"https:\/\/api.w.org\/{rel}","templated":true}]}}