{"id":388,"date":"2010-09-16T22:01:52","date_gmt":"2010-09-16T20:01:52","guid":{"rendered":"http:\/\/www.bodofilmklubb.no\/?page_id=388"},"modified":"2010-09-16T22:45:45","modified_gmt":"2010-09-16T20:45:45","slug":"pa-vei","status":"publish","type":"page","link":"https:\/\/www.bodofilmklubb.no\/index.php\/pa-vei\/","title":{"rendered":"P\u00e5 vei"},"content":{"rendered":"<p class=\"MsoNormal\" style=\"margin: 0cm 0cm 0pt;\"><strong style=\"mso-bidi-font-weight: normal;\"><span style=\"font-family: &quot;Verdana&quot;,&quot;sans-serif&quot;; color: black;\"><\/span><\/strong><\/p>\n<p class=\"MsoNormal\" style=\"margin: 0cm 0cm 0pt;\"><strong style=\"mso-bidi-font-weight: normal;\"><span style=\"font-family: &quot;Verdana&quot;,&quot;sans-serif&quot;; color: black;\"><span style=\"font-size: small;\">Ny film fra regiss\u00f8ren av Grbavica. <\/span><\/span><\/strong><\/p>\n<p class=\"MsoNormal\" style=\"margin: 0cm 0cm 0pt;\"><span style=\"font-family: &quot;Verdana&quot;,&quot;sans-serif&quot;; color: black;\"><span style=\"font-size: small;\">Luna er en ung flyvertinne som gjerne skulle sett at kj\u00e6resten Amar fikk kontroll p\u00e5 drikking og festing. Etter at han f\u00e5r jobb som dataekspert i en avsondret leir med blant annet en islamsk bibelskole, svinger imidlertid pendelen for langt den andre veien.<\/span><\/span><\/p>\n","protected":false},"excerpt":{"rendered":"<p>Ny film fra regiss\u00f8ren av Grbavica. Luna er en ung flyvertinne som gjerne skulle sett at kj\u00e6resten Amar fikk kontroll p\u00e5 drikking og festing. Etter at han f\u00e5r jobb som dataekspert i en avsondret leir med blant annet en islamsk bibelskole, svinger imidlertid pendelen for langt den andre veien.<\/p>\n","protected":false},"author":2,"featured_media":0,"parent":0,"menu_order":0,"comment_status":"open","ping_status":"open","template":"","meta":{"footnotes":""},"class_list":["post-388","page","type-page","status-publish","hentry"],"_links":{"self":[{"href":"https:\/\/www.bodofilmklubb.no\/index.php\/wp-json\/wp\/v2\/pages\/388","targetHints":{"allow":["GET"]}}],"collection":[{"href":"https:\/\/www.bodofilmklubb.no\/index.php\/wp-json\/wp\/v2\/pages"}],"about":[{"href":"https:\/\/www.bodofilmklubb.no\/index.php\/wp-json\/wp\/v2\/types\/page"}],"author":[{"embeddable":true,"href":"https:\/\/www.bodofilmklubb.no\/index.php\/wp-json\/wp\/v2\/users\/2"}],"replies":[{"embeddable":true,"href":"https:\/\/www.bodofilmklubb.no\/index.php\/wp-json\/wp\/v2\/comments?post=388"}],"version-history":[{"count":2,"href":"https:\/\/www.bodofilmklubb.no\/index.php\/wp-json\/wp\/v2\/pages\/388\/revisions"}],"predecessor-version":[{"id":406,"href":"https:\/\/www.bodofilmklubb.no\/index.php\/wp-json\/wp\/v2\/pages\/388\/revisions\/406"}],"wp:attachment":[{"href":"https:\/\/www.bodofilmklubb.no\/index.php\/wp-json\/wp\/v2\/media?parent=388"}],"curies":[{"name":"wp","href":"https:\/\/api.w.org\/{rel}","templated":true}]}}