{"id":392,"date":"2010-09-16T22:17:53","date_gmt":"2010-09-16T20:17:53","guid":{"rendered":"http:\/\/www.bodofilmklubb.no\/?page_id=392"},"modified":"2010-09-16T22:50:23","modified_gmt":"2010-09-16T20:50:23","slug":"dogtooth","status":"publish","type":"page","link":"https:\/\/www.bodofilmklubb.no\/index.php\/dogtooth\/","title":{"rendered":"Dogtooth"},"content":{"rendered":"<p class=\"MsoNormal\" style=\"margin: 0cm 0cm 0pt;\"><strong style=\"mso-bidi-font-weight: normal;\"><\/strong><\/p>\n<p class=\"MsoNormal\" style=\"margin: 0cm 0cm 0pt;\"><strong style=\"mso-bidi-font-weight: normal;\"><span style=\"font-family: &quot;Verdana&quot;,&quot;sans-serif&quot;; color: black;\"><\/span><\/strong><\/p>\n<p class=\"MsoNormal\" style=\"margin: 0cm 0cm 0pt;\"><strong style=\"mso-bidi-font-weight: normal;\"><span style=\"font-family: &quot;Verdana&quot;,&quot;sans-serif&quot;; color: black;\"><span style=\"font-size: small;\">Brutalt og til tider kvalmende om isolasjon.<\/span><\/span><\/strong><\/p>\n<p class=\"MsoNormal\" style=\"margin: 0cm 0cm 0pt;\"><span style=\"font-family: &quot;Verdana&quot;,&quot;sans-serif&quot;; color: black;\"><span style=\"font-size: small;\">En far, mor og deres tre barn bor i et stort hus i en \u00f8de utkant av en by. Huset deres er omgitt av et h\u00f8yt gjerde. Barna har aldri har v\u00e6rt utenfor gjerdet \u2013 de blir undervist, underholdt og trent alt etter hva foreldrene anser som hensiktsmessig, fullstendig uten p\u00e5virkning utenfra.<\/span><\/span><\/p>\n","protected":false},"excerpt":{"rendered":"<p>Brutalt og til tider kvalmende om isolasjon. En far, mor og deres tre barn bor i et stort hus i en \u00f8de utkant av en by. Huset deres er omgitt av et h\u00f8yt gjerde. Barna har aldri har v\u00e6rt utenfor gjerdet \u2013 de blir undervist, underholdt og trent alt etter hva foreldrene anser som hensiktsmessig, [&hellip;]<\/p>\n","protected":false},"author":2,"featured_media":0,"parent":0,"menu_order":0,"comment_status":"open","ping_status":"open","template":"","meta":{"footnotes":""},"class_list":["post-392","page","type-page","status-publish","hentry"],"_links":{"self":[{"href":"https:\/\/www.bodofilmklubb.no\/index.php\/wp-json\/wp\/v2\/pages\/392","targetHints":{"allow":["GET"]}}],"collection":[{"href":"https:\/\/www.bodofilmklubb.no\/index.php\/wp-json\/wp\/v2\/pages"}],"about":[{"href":"https:\/\/www.bodofilmklubb.no\/index.php\/wp-json\/wp\/v2\/types\/page"}],"author":[{"embeddable":true,"href":"https:\/\/www.bodofilmklubb.no\/index.php\/wp-json\/wp\/v2\/users\/2"}],"replies":[{"embeddable":true,"href":"https:\/\/www.bodofilmklubb.no\/index.php\/wp-json\/wp\/v2\/comments?post=392"}],"version-history":[{"count":2,"href":"https:\/\/www.bodofilmklubb.no\/index.php\/wp-json\/wp\/v2\/pages\/392\/revisions"}],"predecessor-version":[{"id":412,"href":"https:\/\/www.bodofilmklubb.no\/index.php\/wp-json\/wp\/v2\/pages\/392\/revisions\/412"}],"wp:attachment":[{"href":"https:\/\/www.bodofilmklubb.no\/index.php\/wp-json\/wp\/v2\/media?parent=392"}],"curies":[{"name":"wp","href":"https:\/\/api.w.org\/{rel}","templated":true}]}}