{"id":398,"date":"2010-09-16T22:26:33","date_gmt":"2010-09-16T20:26:33","guid":{"rendered":"http:\/\/www.bodofilmklubb.no\/?page_id=398"},"modified":"2010-09-16T22:26:33","modified_gmt":"2010-09-16T20:26:33","slug":"an-education","status":"publish","type":"page","link":"https:\/\/www.bodofilmklubb.no\/index.php\/an-education\/","title":{"rendered":"An Education"},"content":{"rendered":"<p class=\"MsoNormal\" style=\"margin: 0cm 0cm 0pt;\"><strong style=\"mso-bidi-font-weight: normal;\"><span style=\"font-family: &quot;Verdana&quot;,&quot;sans-serif&quot;; color: black;\"><\/span><\/strong><\/p>\n<p class=\"MsoNormal\" style=\"margin: 0cm 0cm 0pt;\"><strong style=\"mso-bidi-font-weight: normal;\"><span style=\"font-family: &quot;Verdana&quot;,&quot;sans-serif&quot;; color: black;\"><span style=\"font-size: small;\">Et sv\u00e6rt hyggelig drama.<\/span><\/span><\/strong><\/p>\n<p class=\"MsoNormal\" style=\"margin: 0cm 0cm 0pt;\"><span style=\"font-family: &quot;Verdana&quot;,&quot;sans-serif&quot;; color: black;\"><span style=\"font-size: small;\">Den 16 \u00e5r gamle skolejenta er under et konstant karakterjag. Faren krever nemlig at hun skal komme inn p\u00e5 Oxford-universitet. S\u00e5 blir hverdagen snudd p\u00e5 hodet n\u00e5r hun m\u00f8ter den eldre David og hans venner, som introduserer henne for en spennende verden av kunst, kultur, reiser og opplevelser.<\/span><\/span><\/p>\n<p class=\"MsoNormal\" style=\"margin: 0cm 0cm 0pt;\"><span style=\"font-family: Times New Roman; font-size: small;\">\u00a0<\/span><\/p>\n","protected":false},"excerpt":{"rendered":"<p>Et sv\u00e6rt hyggelig drama. Den 16 \u00e5r gamle skolejenta er under et konstant karakterjag. Faren krever nemlig at hun skal komme inn p\u00e5 Oxford-universitet. S\u00e5 blir hverdagen snudd p\u00e5 hodet n\u00e5r hun m\u00f8ter den eldre David og hans venner, som introduserer henne for en spennende verden av kunst, kultur, reiser og opplevelser. \u00a0<\/p>\n","protected":false},"author":2,"featured_media":0,"parent":0,"menu_order":0,"comment_status":"open","ping_status":"open","template":"","meta":{"footnotes":""},"class_list":["post-398","page","type-page","status-publish","hentry"],"_links":{"self":[{"href":"https:\/\/www.bodofilmklubb.no\/index.php\/wp-json\/wp\/v2\/pages\/398","targetHints":{"allow":["GET"]}}],"collection":[{"href":"https:\/\/www.bodofilmklubb.no\/index.php\/wp-json\/wp\/v2\/pages"}],"about":[{"href":"https:\/\/www.bodofilmklubb.no\/index.php\/wp-json\/wp\/v2\/types\/page"}],"author":[{"embeddable":true,"href":"https:\/\/www.bodofilmklubb.no\/index.php\/wp-json\/wp\/v2\/users\/2"}],"replies":[{"embeddable":true,"href":"https:\/\/www.bodofilmklubb.no\/index.php\/wp-json\/wp\/v2\/comments?post=398"}],"version-history":[{"count":1,"href":"https:\/\/www.bodofilmklubb.no\/index.php\/wp-json\/wp\/v2\/pages\/398\/revisions"}],"predecessor-version":[{"id":399,"href":"https:\/\/www.bodofilmklubb.no\/index.php\/wp-json\/wp\/v2\/pages\/398\/revisions\/399"}],"wp:attachment":[{"href":"https:\/\/www.bodofilmklubb.no\/index.php\/wp-json\/wp\/v2\/media?parent=398"}],"curies":[{"name":"wp","href":"https:\/\/api.w.org\/{rel}","templated":true}]}}