{"id":400,"date":"2010-09-16T22:29:52","date_gmt":"2010-09-16T20:29:52","guid":{"rendered":"http:\/\/www.bodofilmklubb.no\/?page_id=400"},"modified":"2010-09-16T22:29:52","modified_gmt":"2010-09-16T20:29:52","slug":"london-river","status":"publish","type":"page","link":"https:\/\/www.bodofilmklubb.no\/index.php\/london-river\/","title":{"rendered":"London River"},"content":{"rendered":"<p>\u00a0<\/p>\n<p class=\"MsoNormal\" style=\"margin: 0cm 0cm 0pt;\"><strong style=\"mso-bidi-font-weight: normal;\"><span style=\"font-family: &quot;Verdana&quot;,&quot;sans-serif&quot;; color: black;\"><span style=\"font-size: small;\">Noen ganger treffer mann og kvinne hverandre av helt feil \u00e5rsaker.<\/span><\/span><\/strong><\/p>\n<p class=\"MsoNormal\" style=\"margin: 0cm 0cm 0pt;\"><span style=\"font-family: &quot;Verdana&quot;,&quot;sans-serif&quot;; color: black; mso-bidi-font-weight: bold;\"><span style=\"font-size: small;\">London sommeren 2005: T-banen og busser rundt i byen har blitt utsatt for terror. En mor reiser til byen for \u00e5 lete etter sin datter. Her treffer hun en fransk mann som leter etter sin s\u00f8nn. Uspektakul\u00e6r om terror den dens f\u00f8lger.<\/span><\/span><\/p>\n","protected":false},"excerpt":{"rendered":"<p>\u00a0 Noen ganger treffer mann og kvinne hverandre av helt feil \u00e5rsaker. London sommeren 2005: T-banen og busser rundt i byen har blitt utsatt for terror. En mor reiser til byen for \u00e5 lete etter sin datter. Her treffer hun en fransk mann som leter etter sin s\u00f8nn. Uspektakul\u00e6r om terror den dens f\u00f8lger.<\/p>\n","protected":false},"author":2,"featured_media":0,"parent":0,"menu_order":0,"comment_status":"open","ping_status":"open","template":"","meta":{"footnotes":""},"class_list":["post-400","page","type-page","status-publish","hentry"],"_links":{"self":[{"href":"https:\/\/www.bodofilmklubb.no\/index.php\/wp-json\/wp\/v2\/pages\/400","targetHints":{"allow":["GET"]}}],"collection":[{"href":"https:\/\/www.bodofilmklubb.no\/index.php\/wp-json\/wp\/v2\/pages"}],"about":[{"href":"https:\/\/www.bodofilmklubb.no\/index.php\/wp-json\/wp\/v2\/types\/page"}],"author":[{"embeddable":true,"href":"https:\/\/www.bodofilmklubb.no\/index.php\/wp-json\/wp\/v2\/users\/2"}],"replies":[{"embeddable":true,"href":"https:\/\/www.bodofilmklubb.no\/index.php\/wp-json\/wp\/v2\/comments?post=400"}],"version-history":[{"count":1,"href":"https:\/\/www.bodofilmklubb.no\/index.php\/wp-json\/wp\/v2\/pages\/400\/revisions"}],"predecessor-version":[{"id":401,"href":"https:\/\/www.bodofilmklubb.no\/index.php\/wp-json\/wp\/v2\/pages\/400\/revisions\/401"}],"wp:attachment":[{"href":"https:\/\/www.bodofilmklubb.no\/index.php\/wp-json\/wp\/v2\/media?parent=400"}],"curies":[{"name":"wp","href":"https:\/\/api.w.org\/{rel}","templated":true}]}}