{"id":404,"date":"2010-09-16T22:34:16","date_gmt":"2010-09-16T20:34:16","guid":{"rendered":"http:\/\/www.bodofilmklubb.no\/?page_id=404"},"modified":"2010-09-16T22:34:16","modified_gmt":"2010-09-16T20:34:16","slug":"med-apne-%c3%b8yne","status":"publish","type":"page","link":"https:\/\/www.bodofilmklubb.no\/index.php\/med-apne-%c3%b8yne\/","title":{"rendered":"Med \u00e5pne \u00f8yne"},"content":{"rendered":"<p>\u00a0<\/p>\n<p class=\"MsoNormal\" style=\"margin: 0cm 0cm 0pt;\"><strong style=\"mso-bidi-font-weight: normal;\"><span style=\"font-family: &quot;Verdana&quot;,&quot;sans-serif&quot;; color: black;\"><span style=\"font-size: small;\">Vakker beretning om forbudt kj\u00e6rlighet i Jerusalem.<\/span><\/span><\/strong><\/p>\n<p class=\"MsoNormal\" style=\"margin: 0cm 0cm 0pt;\"><span style=\"font-family: &quot;Verdana&quot;,&quot;sans-serif&quot;; color: black;\"><span style=\"font-size: small;\">Hva skjer n\u00e5r et forhold utvikler seg mellom to menn i et j\u00f8disk ortodoks samfunn?<\/span><\/span><\/p>\n","protected":false},"excerpt":{"rendered":"<p>\u00a0 Vakker beretning om forbudt kj\u00e6rlighet i Jerusalem. Hva skjer n\u00e5r et forhold utvikler seg mellom to menn i et j\u00f8disk ortodoks samfunn?<\/p>\n","protected":false},"author":2,"featured_media":0,"parent":0,"menu_order":0,"comment_status":"open","ping_status":"open","template":"","meta":{"footnotes":""},"class_list":["post-404","page","type-page","status-publish","hentry"],"_links":{"self":[{"href":"https:\/\/www.bodofilmklubb.no\/index.php\/wp-json\/wp\/v2\/pages\/404","targetHints":{"allow":["GET"]}}],"collection":[{"href":"https:\/\/www.bodofilmklubb.no\/index.php\/wp-json\/wp\/v2\/pages"}],"about":[{"href":"https:\/\/www.bodofilmklubb.no\/index.php\/wp-json\/wp\/v2\/types\/page"}],"author":[{"embeddable":true,"href":"https:\/\/www.bodofilmklubb.no\/index.php\/wp-json\/wp\/v2\/users\/2"}],"replies":[{"embeddable":true,"href":"https:\/\/www.bodofilmklubb.no\/index.php\/wp-json\/wp\/v2\/comments?post=404"}],"version-history":[{"count":1,"href":"https:\/\/www.bodofilmklubb.no\/index.php\/wp-json\/wp\/v2\/pages\/404\/revisions"}],"predecessor-version":[{"id":405,"href":"https:\/\/www.bodofilmklubb.no\/index.php\/wp-json\/wp\/v2\/pages\/404\/revisions\/405"}],"wp:attachment":[{"href":"https:\/\/www.bodofilmklubb.no\/index.php\/wp-json\/wp\/v2\/media?parent=404"}],"curies":[{"name":"wp","href":"https:\/\/api.w.org\/{rel}","templated":true}]}}