{"id":41,"date":"2008-09-11T21:51:00","date_gmt":"2008-09-11T19:51:00","guid":{"rendered":"http:\/\/www.bodofilmklubb.no\/?page_id=41"},"modified":"2008-09-11T21:51:00","modified_gmt":"2008-09-11T19:51:00","slug":"yella","status":"publish","type":"page","link":"https:\/\/www.bodofilmklubb.no\/index.php\/filmer\/yella\/","title":{"rendered":"Yella"},"content":{"rendered":"<p>Regi: Christian Petzold, Skuespillere: Nina Hoss, Devid Striesow, Nasjonalitet: Tyskland 2007, Spr\u00e5k: Tysk \u2013 med engelske tekster,  Lengde: 1t 29min<\/p>\n<p><strong>Importfilm: Fjor\u00e5rets kanskje beste tyske film<\/strong><br \/>\nChristian Petzold (Gespenster) f\u00f8dt i 1960 har etablert seg som en av de aller beste samtidsregiss\u00f8rene i Europa. Yella, spilt av Nina Hoss som h\u00f8stet mange priser for sin prestasjon, er en kvinne p\u00e5 vei til et nytt liv. Hun krysser grensen mellom det gamle \u00d8st-Tyskland og Vesten etter et havarert ekteskap og mannens konkurs. Hun m\u00f8ter Philip, en ung \u201dplayer\u201d i risikokapitalismen og blir hans assistent. Petzold forteller Yellas historie i nydelige og presise bilder, men samtidig lurer noe under overflaten. Bak hovedpersonen ligger det ogs\u00e5 en helt annen historie og filmen vil f\u00e5 en helt ny betydning etter at du f\u00f8rst har sett den\u2026<br \/>\nYella har ikke f\u00e5tt norsk kinodistribusjon og vi f\u00e5r filmen eksklusivt takket v\u00e6re Goethe Instituttet i Oslo.<\/p>\n","protected":false},"excerpt":{"rendered":"<p>Regi: Christian Petzold, Skuespillere: Nina Hoss, Devid Striesow, Nasjonalitet: Tyskland 2007, Spr\u00e5k: Tysk \u2013 med engelske tekster, Lengde: 1t 29min Importfilm: Fjor\u00e5rets kanskje beste tyske film Christian Petzold (Gespenster) f\u00f8dt i 1960 har etablert seg som en av de aller beste samtidsregiss\u00f8rene i Europa. Yella, spilt av Nina Hoss som h\u00f8stet mange priser for sin [&hellip;]<\/p>\n","protected":false},"author":1,"featured_media":0,"parent":16,"menu_order":0,"comment_status":"open","ping_status":"open","template":"","meta":{"footnotes":""},"class_list":["post-41","page","type-page","status-publish","hentry"],"_links":{"self":[{"href":"https:\/\/www.bodofilmklubb.no\/index.php\/wp-json\/wp\/v2\/pages\/41","targetHints":{"allow":["GET"]}}],"collection":[{"href":"https:\/\/www.bodofilmklubb.no\/index.php\/wp-json\/wp\/v2\/pages"}],"about":[{"href":"https:\/\/www.bodofilmklubb.no\/index.php\/wp-json\/wp\/v2\/types\/page"}],"author":[{"embeddable":true,"href":"https:\/\/www.bodofilmklubb.no\/index.php\/wp-json\/wp\/v2\/users\/1"}],"replies":[{"embeddable":true,"href":"https:\/\/www.bodofilmklubb.no\/index.php\/wp-json\/wp\/v2\/comments?post=41"}],"version-history":[{"count":3,"href":"https:\/\/www.bodofilmklubb.no\/index.php\/wp-json\/wp\/v2\/pages\/41\/revisions"}],"predecessor-version":[{"id":44,"href":"https:\/\/www.bodofilmklubb.no\/index.php\/wp-json\/wp\/v2\/pages\/41\/revisions\/44"}],"up":[{"embeddable":true,"href":"https:\/\/www.bodofilmklubb.no\/index.php\/wp-json\/wp\/v2\/pages\/16"}],"wp:attachment":[{"href":"https:\/\/www.bodofilmklubb.no\/index.php\/wp-json\/wp\/v2\/media?parent=41"}],"curies":[{"name":"wp","href":"https:\/\/api.w.org\/{rel}","templated":true}]}}