{"id":456,"date":"2011-01-24T23:53:20","date_gmt":"2011-01-24T21:53:20","guid":{"rendered":"http:\/\/www.bodofilmklubb.no\/?page_id=456"},"modified":"2011-01-24T23:53:20","modified_gmt":"2011-01-24T21:53:20","slug":"fortellinger-fra-saunaen","status":"publish","type":"page","link":"https:\/\/www.bodofilmklubb.no\/index.php\/fortellinger-fra-saunaen\/","title":{"rendered":"Fortellinger fra saunaen"},"content":{"rendered":"<p><span style=\"font-family: Times New Roman; font-size: small;\">Dokumentar, Original tittel: Miesten vuoro, Regi: Joonas Bergh\u00e4ll, Mika Hotakainen, Nasjonalitet: Finland 2010, Spr\u00e5k: Finsk, Lengde: 1 t. 37 min<\/span><\/p>\n<p><strong style=\"mso-bidi-font-weight: normal;\"><span style=\"font-family: &quot;Verdana&quot;,&quot;sans-serif&quot;; color: black; mso-bidi-font-size: 14.0pt;\"><span style=\"font-size: small;\">En naken og \u00e6rlig film, bokstavelig talt.<\/span><\/span><\/strong><\/p>\n<p><strong style=\"mso-bidi-font-weight: normal;\"><\/strong><span style=\"font-family: &quot;Verdana&quot;,&quot;sans-serif&quot;; color: black; mso-bidi-font-size: 14.0pt;\"><span style=\"font-size: small;\">Finnene elsker sin sauna. Saunaen er ikke bare et sted \u00e5 rengj\u00f8re kroppen, men ogs\u00e5 for \u00e5 rense sjelen. I den trygge atmosf\u00e6ren av svette og damp \u00e5pner den ellers s\u00e5 ordknappe finske mannen seg, og historiene str\u00f8mmer p\u00e5. Historier uten filter. Som en finsk versjon av H<em style=\"mso-bidi-font-style: normal;\">eftig og begeistret<\/em> er ogs\u00e5 denne filmen en dokumentar der vi m\u00f8ter barske menn. Barske menn som har v\u00e6rt ute en vinterdag f\u00f8r og har opplevd et og annet &#8211; ikke bare hyggelige ting. I saunaen er vi alle nakne for hverandre, og det g\u00e5r an, selv for den finske mannen, \u00e5 sette ord p\u00e5 f\u00f8lelsene eller la t\u00e5rene trille. <em style=\"mso-bidi-font-style: normal;\">Fortellinger fra saunaen<\/em> er en nydelig, gripende og til tider morsom dokumentarfilm som har g\u00e5tt sin seiersgang p\u00e5 finske kinoer.<\/span><\/span><\/p>\n","protected":false},"excerpt":{"rendered":"<p>Dokumentar, Original tittel: Miesten vuoro, Regi: Joonas Bergh\u00e4ll, Mika Hotakainen, Nasjonalitet: Finland 2010, Spr\u00e5k: Finsk, Lengde: 1 t. 37 min En naken og \u00e6rlig film, bokstavelig talt. Finnene elsker sin sauna. Saunaen er ikke bare et sted \u00e5 rengj\u00f8re kroppen, men ogs\u00e5 for \u00e5 rense sjelen. I den trygge atmosf\u00e6ren av svette og damp \u00e5pner [&hellip;]<\/p>\n","protected":false},"author":2,"featured_media":0,"parent":0,"menu_order":0,"comment_status":"open","ping_status":"open","template":"","meta":{"footnotes":""},"class_list":["post-456","page","type-page","status-publish","hentry"],"_links":{"self":[{"href":"https:\/\/www.bodofilmklubb.no\/index.php\/wp-json\/wp\/v2\/pages\/456","targetHints":{"allow":["GET"]}}],"collection":[{"href":"https:\/\/www.bodofilmklubb.no\/index.php\/wp-json\/wp\/v2\/pages"}],"about":[{"href":"https:\/\/www.bodofilmklubb.no\/index.php\/wp-json\/wp\/v2\/types\/page"}],"author":[{"embeddable":true,"href":"https:\/\/www.bodofilmklubb.no\/index.php\/wp-json\/wp\/v2\/users\/2"}],"replies":[{"embeddable":true,"href":"https:\/\/www.bodofilmklubb.no\/index.php\/wp-json\/wp\/v2\/comments?post=456"}],"version-history":[{"count":2,"href":"https:\/\/www.bodofilmklubb.no\/index.php\/wp-json\/wp\/v2\/pages\/456\/revisions"}],"predecessor-version":[{"id":458,"href":"https:\/\/www.bodofilmklubb.no\/index.php\/wp-json\/wp\/v2\/pages\/456\/revisions\/458"}],"wp:attachment":[{"href":"https:\/\/www.bodofilmklubb.no\/index.php\/wp-json\/wp\/v2\/media?parent=456"}],"curies":[{"name":"wp","href":"https:\/\/api.w.org\/{rel}","templated":true}]}}