{"id":486,"date":"2011-01-27T11:48:54","date_gmt":"2011-01-27T09:48:54","guid":{"rendered":"http:\/\/www.bodofilmklubb.no\/?page_id=486"},"modified":"2011-01-27T11:48:54","modified_gmt":"2011-01-27T09:48:54","slug":"shadows-in-paradise","status":"publish","type":"page","link":"https:\/\/www.bodofilmklubb.no\/index.php\/shadows-in-paradise\/","title":{"rendered":"Shadows in Paradise"},"content":{"rendered":"<p><!--[if gte mso 9]><xml> <w:WordDocument> <w:View>Normal<\/w:View> <w:Zoom>0<\/w:Zoom> <w:HyphenationZone>21<\/w:HyphenationZone> <w:PunctuationKerning \/> <w:ValidateAgainstSchemas \/> <w:SaveIfXMLInvalid>false<\/w:SaveIfXMLInvalid> <w:IgnoreMixedContent>false<\/w:IgnoreMixedContent> <w:AlwaysShowPlaceholderText>false<\/w:AlwaysShowPlaceholderText> <w:Compatibility> <w:BreakWrappedTables \/> <w:SnapToGridInCell \/> <w:WrapTextWithPunct \/> <w:UseAsianBreakRules \/> <w:DontGrowAutofit \/> <\/w:Compatibility> <w:BrowserLevel>MicrosoftInternetExplorer4<\/w:BrowserLevel> <\/w:WordDocument> <\/xml><![endif]--><!--[if gte mso 9]><xml> <w:LatentStyles DefLockedState=\"false\" LatentStyleCount=\"156\"> <\/w:LatentStyles> <\/xml><![endif]--><!--[if gte mso 10]> \n\n<style>\n \/* Style Definitions *\/\n table.MsoNormalTable\n\t{mso-style-name:\"Vanlig tabell\";\n\tmso-tstyle-rowband-size:0;\n\tmso-tstyle-colband-size:0;\n\tmso-style-noshow:yes;\n\tmso-style-parent:\"\";\n\tmso-padding-alt:0cm 5.4pt 0cm 5.4pt;\n\tmso-para-margin:0cm;\n\tmso-para-margin-bottom:.0001pt;\n\tmso-pagination:widow-orphan;\n\tfont-size:10.0pt;\n\tfont-family:\"Times New Roman\";\n\tmso-ansi-language:#0400;\n\tmso-fareast-language:#0400;\n\tmso-bidi-language:#0400;}\n<\/style>\n\n <![endif]--><\/p>\n<p class=\"MsoNormal\"><span style=\"font-family: Verdana; color: black;\">Originaltittel: Varjoja Paratiisissa, Regi: Aki Kaurism\u00e4ki, Skuespillere: Kati Outinen,Matti Pellonpaa,Sakari Kuosmanen,Esko Nikkari, Nasjonalitet: Finland, 1986, Spr\u00e5k: Finsk, Lengde: 1 t 16 min<\/span><\/p>\n<p class=\"MsoNormal\"><span style=\"font-family: Verdana; color: black;\"> <\/span><\/p>\n<p class=\"MsoNormal\"><strong><span style=\"font-family: Verdana; color: black;\">Absolutt severdig fra Aki Kaurism\u00e4ki<\/span><\/strong><\/p>\n<p class=\"MsoNormal\"><span style=\"font-family: Verdana; color: black;\">I sin tredje film har Aki Kaurism\u00e4ki perfeksjonert sin stil. Den sparsomme dialogen hvor pausene snakker h\u00f8yest, de statiske men velkomponerte bildene, det minimale skuespillet hvor vulkaner av f\u00f8lelser ulmer like under overflaten, de trange og slitne leilighetene og ikke minst Helsinki selv \u2013 i br\u00f8drene Kaurism\u00e4kis \u00f8yne en melankoliens yngleplass av \u00f8de gater, industritomter, gatekj\u00f8kken og upersonlige kafeer. P\u00e5 denne bakgrunnen utspiller det seg i Skygger i Paradiset en \u00f8m kj\u00e6rlighetshistorie, som alltid til tonene av en underlig kombinasjon av finsk weltschmerts og rufsete blues.<\/span><\/p>\n<p class=\"MsoNormal\"><a href=\"http:\/\/www.youtube.com\/watch?v=kJJV1NvQ_GE\">Filmklipp<\/a><\/p>\n","protected":false},"excerpt":{"rendered":"<p>Originaltittel: Varjoja Paratiisissa, Regi: Aki Kaurism\u00e4ki, Skuespillere: Kati Outinen,Matti Pellonpaa,Sakari Kuosmanen,Esko Nikkari, Nasjonalitet: Finland, 1986, Spr\u00e5k: Finsk, Lengde: 1 t 16 min Absolutt severdig fra Aki Kaurism\u00e4ki I sin tredje film har Aki Kaurism\u00e4ki perfeksjonert sin stil. Den sparsomme dialogen hvor pausene snakker h\u00f8yest, de statiske men velkomponerte bildene, det minimale skuespillet hvor vulkaner av [&hellip;]<\/p>\n","protected":false},"author":2,"featured_media":0,"parent":0,"menu_order":0,"comment_status":"open","ping_status":"open","template":"","meta":{"footnotes":""},"class_list":["post-486","page","type-page","status-publish","hentry"],"_links":{"self":[{"href":"https:\/\/www.bodofilmklubb.no\/index.php\/wp-json\/wp\/v2\/pages\/486","targetHints":{"allow":["GET"]}}],"collection":[{"href":"https:\/\/www.bodofilmklubb.no\/index.php\/wp-json\/wp\/v2\/pages"}],"about":[{"href":"https:\/\/www.bodofilmklubb.no\/index.php\/wp-json\/wp\/v2\/types\/page"}],"author":[{"embeddable":true,"href":"https:\/\/www.bodofilmklubb.no\/index.php\/wp-json\/wp\/v2\/users\/2"}],"replies":[{"embeddable":true,"href":"https:\/\/www.bodofilmklubb.no\/index.php\/wp-json\/wp\/v2\/comments?post=486"}],"version-history":[{"count":2,"href":"https:\/\/www.bodofilmklubb.no\/index.php\/wp-json\/wp\/v2\/pages\/486\/revisions"}],"predecessor-version":[{"id":488,"href":"https:\/\/www.bodofilmklubb.no\/index.php\/wp-json\/wp\/v2\/pages\/486\/revisions\/488"}],"wp:attachment":[{"href":"https:\/\/www.bodofilmklubb.no\/index.php\/wp-json\/wp\/v2\/media?parent=486"}],"curies":[{"name":"wp","href":"https:\/\/api.w.org\/{rel}","templated":true}]}}