{"id":489,"date":"2011-01-27T11:54:54","date_gmt":"2011-01-27T09:54:54","guid":{"rendered":"http:\/\/www.bodofilmklubb.no\/?page_id=489"},"modified":"2011-01-27T11:54:54","modified_gmt":"2011-01-27T09:54:54","slug":"thirst-2","status":"publish","type":"page","link":"https:\/\/www.bodofilmklubb.no\/index.php\/thirst-2\/","title":{"rendered":"Thirst"},"content":{"rendered":"<p><!--[if gte mso 9]><xml> <w:WordDocument> <w:View>Normal<\/w:View> <w:Zoom>0<\/w:Zoom> <w:HyphenationZone>21<\/w:HyphenationZone> <w:PunctuationKerning \/> <w:ValidateAgainstSchemas \/> <w:SaveIfXMLInvalid>false<\/w:SaveIfXMLInvalid> <w:IgnoreMixedContent>false<\/w:IgnoreMixedContent> <w:AlwaysShowPlaceholderText>false<\/w:AlwaysShowPlaceholderText> <w:Compatibility> <w:BreakWrappedTables \/> <w:SnapToGridInCell \/> <w:WrapTextWithPunct \/> <w:UseAsianBreakRules \/> <w:DontGrowAutofit \/> <\/w:Compatibility> <w:BrowserLevel>MicrosoftInternetExplorer4<\/w:BrowserLevel> <\/w:WordDocument> <\/xml><![endif]--><!--[if gte mso 9]><xml> <w:LatentStyles DefLockedState=\"false\" LatentStyleCount=\"156\"> <\/w:LatentStyles> <\/xml><![endif]--><!--[if gte mso 10]> \n\n<style>\n \/* Style Definitions *\/\n table.MsoNormalTable\n\t{mso-style-name:\"Vanlig tabell\";\n\tmso-tstyle-rowband-size:0;\n\tmso-tstyle-colband-size:0;\n\tmso-style-noshow:yes;\n\tmso-style-parent:\"\";\n\tmso-padding-alt:0cm 5.4pt 0cm 5.4pt;\n\tmso-para-margin:0cm;\n\tmso-para-margin-bottom:.0001pt;\n\tmso-pagination:widow-orphan;\n\tfont-size:10.0pt;\n\tfont-family:\"Times New Roman\";\n\tmso-ansi-language:#0400;\n\tmso-fareast-language:#0400;\n\tmso-bidi-language:#0400;}\n<\/style>\n\n <![endif]--><\/p>\n<p class=\"MsoNormal\"><span style=\"font-family: Verdana; color: black;\">Originaltittel: Bakjwi, Regi: Chan-wook Park , Skuespillere: Kang-ho Song, Ok-vin Kim, Hae-sook Kim, Ha-kyun Shin, In-hwan Park, Dal-su Oh, Young-chang Song, Mercedes Cabral, Eriq Ebouaney, Nasjonalitet: S\u00f8r-Korea 2009, Spr\u00e5k: Koreansk, Lengde: 2 t. 15 min.<\/span><\/p>\n<p class=\"MsoNormal\"><span style=\"font-family: Verdana; color: black;\"> <\/span><\/p>\n<p class=\"MsoNormal\"><strong><span style=\"font-family: Verdana; color: black;\">Et friskt bitt i den storslagne revitaliseringen av vampyrgenren<\/span><\/strong><\/p>\n<p class=\"MsoNormal\"><span style=\"font-family: Verdana; color: black;\">Vampyrgeneren har v\u00e6rt over oss en stund og er popul\u00e6r s\u00e6rlig blandt ungdommen. Filmklubben har tidligere vist b\u00e5de stumfilmklassikeren Nosferatu og den svenske filmen La den rette komme inn, som begge er i denne ganeren.<span> <\/span>Dette semesteret viser vi den S\u00f8r-Koreanske vampyrfilmen Thirst, om en<span> <\/span>hengiven prest som elsker livet s\u00e5 h\u00f8yt at han uselvisk er villig til \u00e5 ofre det for \u00e5 pr\u00f8ve ut en ny vaksine mot et d\u00f8delig virus. Noe g\u00e5r imidlertid galt og han reddes ved hjelp av en blodoverf\u00f8ring. Dette gir ham imidlertid en blodt\u00f8rst uten like. Den tidligere s\u00e5 jomfruelige presten oversv\u00f8mmes n\u00e5 av begj\u00e6r, og finner en \u00e5ndsfrende i konen til en barndomsvenn. Deres gjensidige attraksjon er altoverskyggende, b\u00e5de psykisk og fysisk, og de finner en tr\u00f8st og en glede i hverandre som de aldri tidligere har kjent. Park Chan-wook fr\u00e5tser i det vampyriske universet, hvor sexen er hetere, volden er hardere, begj\u00e6ret er sterkere og de menneskelige driftene n\u00e6rmest uutholdelige.<\/span><\/p>\n<p class=\"MsoNormal\"><a href=\"http:\/\/www.youtube.com\/watch?v=kG4AV6kLrKY\">Trailer<\/a><\/p>\n","protected":false},"excerpt":{"rendered":"<p>Originaltittel: Bakjwi, Regi: Chan-wook Park , Skuespillere: Kang-ho Song, Ok-vin Kim, Hae-sook Kim, Ha-kyun Shin, In-hwan Park, Dal-su Oh, Young-chang Song, Mercedes Cabral, Eriq Ebouaney, Nasjonalitet: S\u00f8r-Korea 2009, Spr\u00e5k: Koreansk, Lengde: 2 t. 15 min. Et friskt bitt i den storslagne revitaliseringen av vampyrgenren Vampyrgeneren har v\u00e6rt over oss en stund og er popul\u00e6r s\u00e6rlig [&hellip;]<\/p>\n","protected":false},"author":2,"featured_media":0,"parent":0,"menu_order":0,"comment_status":"open","ping_status":"open","template":"","meta":{"footnotes":""},"class_list":["post-489","page","type-page","status-publish","hentry"],"_links":{"self":[{"href":"https:\/\/www.bodofilmklubb.no\/index.php\/wp-json\/wp\/v2\/pages\/489","targetHints":{"allow":["GET"]}}],"collection":[{"href":"https:\/\/www.bodofilmklubb.no\/index.php\/wp-json\/wp\/v2\/pages"}],"about":[{"href":"https:\/\/www.bodofilmklubb.no\/index.php\/wp-json\/wp\/v2\/types\/page"}],"author":[{"embeddable":true,"href":"https:\/\/www.bodofilmklubb.no\/index.php\/wp-json\/wp\/v2\/users\/2"}],"replies":[{"embeddable":true,"href":"https:\/\/www.bodofilmklubb.no\/index.php\/wp-json\/wp\/v2\/comments?post=489"}],"version-history":[{"count":2,"href":"https:\/\/www.bodofilmklubb.no\/index.php\/wp-json\/wp\/v2\/pages\/489\/revisions"}],"predecessor-version":[{"id":505,"href":"https:\/\/www.bodofilmklubb.no\/index.php\/wp-json\/wp\/v2\/pages\/489\/revisions\/505"}],"wp:attachment":[{"href":"https:\/\/www.bodofilmklubb.no\/index.php\/wp-json\/wp\/v2\/media?parent=489"}],"curies":[{"name":"wp","href":"https:\/\/api.w.org\/{rel}","templated":true}]}}