{"id":491,"date":"2011-01-27T12:01:09","date_gmt":"2011-01-27T10:01:09","guid":{"rendered":"http:\/\/www.bodofilmklubb.no\/?page_id=491"},"modified":"2011-01-27T12:01:09","modified_gmt":"2011-01-27T10:01:09","slug":"better-things","status":"publish","type":"page","link":"https:\/\/www.bodofilmklubb.no\/index.php\/better-things\/","title":{"rendered":"Better Things"},"content":{"rendered":"<p><!--[if gte mso 9]><xml> <w:WordDocument> <w:View>Normal<\/w:View> <w:Zoom>0<\/w:Zoom> <w:HyphenationZone>21<\/w:HyphenationZone> <w:PunctuationKerning \/> <w:ValidateAgainstSchemas \/> <w:SaveIfXMLInvalid>false<\/w:SaveIfXMLInvalid> <w:IgnoreMixedContent>false<\/w:IgnoreMixedContent> <w:AlwaysShowPlaceholderText>false<\/w:AlwaysShowPlaceholderText> <w:Compatibility> <w:BreakWrappedTables \/> <w:SnapToGridInCell \/> <w:WrapTextWithPunct \/> <w:UseAsianBreakRules \/> <w:DontGrowAutofit \/> <\/w:Compatibility> <w:BrowserLevel>MicrosoftInternetExplorer4<\/w:BrowserLevel> <\/w:WordDocument> <\/xml><![endif]--><!--[if gte mso 9]><xml> <w:LatentStyles DefLockedState=\"false\" LatentStyleCount=\"156\"> <\/w:LatentStyles> <\/xml><![endif]--><!--[if gte mso 10]> \n\n<style>\n \/* Style Definitions *\/\n table.MsoNormalTable\n\t{mso-style-name:\"Vanlig tabell\";\n\tmso-tstyle-rowband-size:0;\n\tmso-tstyle-colband-size:0;\n\tmso-style-noshow:yes;\n\tmso-style-parent:\"\";\n\tmso-padding-alt:0cm 5.4pt 0cm 5.4pt;\n\tmso-para-margin:0cm;\n\tmso-para-margin-bottom:.0001pt;\n\tmso-pagination:widow-orphan;\n\tfont-size:10.0pt;\n\tfont-family:\"Times New Roman\";\n\tmso-ansi-language:#0400;\n\tmso-fareast-language:#0400;\n\tmso-bidi-language:#0400;}\n<\/style>\n\n <![endif]--><\/p>\n<p class=\"MsoNormal\"><span style=\"font-family: Verdana; color: black;\">Regi: Duane Hopkins, Skuespillere: Che Corr, Jane Foxhall, Rachel McIntyre, Tara Ballard, Kurt Taylor, Freddie Cunliffe, Nasjonalitet: England 2008, Spr\u00e5k: Englsk uten norsk tekst, Lengde 1 t 33 min<\/span><\/p>\n<p class=\"MsoNormal\"><span style=\"font-family: Verdana; color: black;\"> <\/span><\/p>\n<p class=\"MsoNormal\"><strong><span style=\"font-family: Verdana; color: black;\">R\u00e5sterkt innblikk i livet p\u00e5 landet i England, hvor en hel generasjon synes \u00e5 dope seg til d\u00f8de<\/span><\/strong><\/p>\n<p class=\"MsoNormal\"><span style=\"font-family: Verdana; color: black;\"> <\/span><\/p>\n<p class=\"MsoNormal\"><span style=\"font-family: Verdana; color: black;\">Vi i filmklubben liker som nevnt \u00e5 vise nyere europeisk film. Dette semesteret har vi gleden av \u00e5 vise debutfilmen til Duane Hopkins. Filmen fikk stor oppmerksomhet n\u00e5r den hadde premiere i England i 2008, og Hopkins er sp\u00e5dd en betydelig kariere som regiss\u00f8r. Dette er en film om indre smerte: en av karakterene har mistet kj\u00e6resten i en overdose, en annen t\u00f8r ikke g\u00e5 ut av huset, et par lider av separasjonsangst, mens et annet par opplever den sanne kj\u00e6rligheten i en ekstrem smertefull form. Inntrykket av realisme forsterkes ved at alle skuespillerne er amat\u00f8rer og mange av dem tidligere narkotikamussbrukere.<\/span><\/p>\n<p class=\"MsoNormal\"><span style=\"font-family: Verdana; color: black;\"><span> <\/span>Regiss\u00f8ren studerte kunst f\u00f8r han begynte \u00e5 lage film, noe som vi kan se av filmingen. Kameraet er ur\u00f8rlig og fokusert, til tider poetisk. Legg merke til hvordan lyden er brukt i filmen!<\/span><\/p>\n<p class=\"MsoNormal\"><a href=\"http:\/\/www.youtube.com\/watch?v=DFGcqx7cu9w\">Trailer<\/a><\/p>\n","protected":false},"excerpt":{"rendered":"<p>Regi: Duane Hopkins, Skuespillere: Che Corr, Jane Foxhall, Rachel McIntyre, Tara Ballard, Kurt Taylor, Freddie Cunliffe, Nasjonalitet: England 2008, Spr\u00e5k: Englsk uten norsk tekst, Lengde 1 t 33 min R\u00e5sterkt innblikk i livet p\u00e5 landet i England, hvor en hel generasjon synes \u00e5 dope seg til d\u00f8de Vi i filmklubben liker som nevnt \u00e5 vise [&hellip;]<\/p>\n","protected":false},"author":2,"featured_media":0,"parent":0,"menu_order":0,"comment_status":"open","ping_status":"open","template":"","meta":{"footnotes":""},"class_list":["post-491","page","type-page","status-publish","hentry"],"_links":{"self":[{"href":"https:\/\/www.bodofilmklubb.no\/index.php\/wp-json\/wp\/v2\/pages\/491","targetHints":{"allow":["GET"]}}],"collection":[{"href":"https:\/\/www.bodofilmklubb.no\/index.php\/wp-json\/wp\/v2\/pages"}],"about":[{"href":"https:\/\/www.bodofilmklubb.no\/index.php\/wp-json\/wp\/v2\/types\/page"}],"author":[{"embeddable":true,"href":"https:\/\/www.bodofilmklubb.no\/index.php\/wp-json\/wp\/v2\/users\/2"}],"replies":[{"embeddable":true,"href":"https:\/\/www.bodofilmklubb.no\/index.php\/wp-json\/wp\/v2\/comments?post=491"}],"version-history":[{"count":1,"href":"https:\/\/www.bodofilmklubb.no\/index.php\/wp-json\/wp\/v2\/pages\/491\/revisions"}],"predecessor-version":[{"id":492,"href":"https:\/\/www.bodofilmklubb.no\/index.php\/wp-json\/wp\/v2\/pages\/491\/revisions\/492"}],"wp:attachment":[{"href":"https:\/\/www.bodofilmklubb.no\/index.php\/wp-json\/wp\/v2\/media?parent=491"}],"curies":[{"name":"wp","href":"https:\/\/api.w.org\/{rel}","templated":true}]}}