{"id":495,"date":"2011-01-27T12:12:30","date_gmt":"2011-01-27T10:12:30","guid":{"rendered":"http:\/\/www.bodofilmklubb.no\/?page_id=495"},"modified":"2011-01-27T12:12:30","modified_gmt":"2011-01-27T10:12:30","slug":"enter-the-void","status":"publish","type":"page","link":"https:\/\/www.bodofilmklubb.no\/index.php\/enter-the-void\/","title":{"rendered":"Enter the Void"},"content":{"rendered":"<p><!--[if gte mso 9]><xml> <w:WordDocument> <w:View>Normal<\/w:View> <w:Zoom>0<\/w:Zoom> <w:HyphenationZone>21<\/w:HyphenationZone> <w:PunctuationKerning \/> <w:ValidateAgainstSchemas \/> <w:SaveIfXMLInvalid>false<\/w:SaveIfXMLInvalid> <w:IgnoreMixedContent>false<\/w:IgnoreMixedContent> <w:AlwaysShowPlaceholderText>false<\/w:AlwaysShowPlaceholderText> <w:Compatibility> <w:BreakWrappedTables \/> <w:SnapToGridInCell \/> <w:WrapTextWithPunct \/> <w:UseAsianBreakRules \/> <w:DontGrowAutofit \/> <\/w:Compatibility> <w:BrowserLevel>MicrosoftInternetExplorer4<\/w:BrowserLevel> <\/w:WordDocument> <\/xml><![endif]--><!--[if gte mso 9]><xml> <w:LatentStyles DefLockedState=\"false\" LatentStyleCount=\"156\"> <\/w:LatentStyles> <\/xml><![endif]--><!--[if !mso]><object  classid=\"clsid:38481807-CA0E-42D2-BF39-B33AF135CC4D\" id=ieooui><\/object> \n\n<style>\nst1\\:*{behavior:url(#ieooui) }\n<\/style>\n\n <![endif]--><!--[if gte mso 10]> \n\n<style>\n \/* Style Definitions *\/\n table.MsoNormalTable\n\t{mso-style-name:\"Vanlig tabell\";\n\tmso-tstyle-rowband-size:0;\n\tmso-tstyle-colband-size:0;\n\tmso-style-noshow:yes;\n\tmso-style-parent:\"\";\n\tmso-padding-alt:0cm 5.4pt 0cm 5.4pt;\n\tmso-para-margin:0cm;\n\tmso-para-margin-bottom:.0001pt;\n\tmso-pagination:widow-orphan;\n\tfont-size:10.0pt;\n\tfont-family:\"Times New Roman\";\n\tmso-ansi-language:#0400;\n\tmso-fareast-language:#0400;\n\tmso-bidi-language:#0400;}\n<\/style>\n\n <![endif]--><\/p>\n<p class=\"MsoNormal\"><span style=\"font-family: Verdana; color: black;\">Regi: Gaspar No\u00e9, Skuespillere: Nathaniel Brown, Paz de la Huerta, Nasjonalitet: Frankrike 2009, Spr\u00e5k: Engelsk og japansk \u2013 med svenske tekster, Lengde: 2 t 40 min<\/span><\/p>\n<p class=\"MsoNormal\"><strong><span style=\"font-family: Verdana; color: black;\">Gaspar No\u00e9 overvelder oss igjen<\/span><\/strong><\/p>\n<p class=\"MsoNormal\"><span style=\"font-family: Verdana; color: black;\"><em>Irr\u00e9versible<\/em>. De som har sett denne filmen fra 2002 husker den med sikkerhet, men uten et smil rundt munnen, vil vi tro. Gaspar No\u00e9 er et av kinoverdens enfant terribles som sjokkerer og frast\u00f8tter den gjengse kinogjengeren. Vi sier oss imidlertid stolt over \u00e5 kunne presentere No\u00e9s siste verk <em>Enter the Void<\/em> eksklusivt hos oss.<\/span><\/p>\n<p class=\"MsoNormal\"><span style=\"font-family: Verdana; color: black;\"><em>Enter the Void<\/em> er en eksessiv film, en film som overvelder, sliter og irriterer. Men ogs\u00e5 en film som bel\u00f8nner tilskueren med en erfaring ulik noen annen. Oscar bor i Tokyo og tar alle slags rusmidler han kommer over. Han har et uvanlig tett forhold til s\u00f8steren Linda som jobber som nakendanser p\u00e5 en nattklubb. Vi ser filmen fra Oscars perspektiv og hans s\u00f8skenskj\u00e6rlighet er bokstavelig talt sterkere enn d\u00f8den, for Oscar mister livet, men fortsetter \u00e5 vokte over Linda. <\/span><\/p>\n<p class=\"MsoNormal\"><span style=\"font-family: Verdana; color: black;\">No\u00e9 leverer et eksistensielt drama om kj\u00e6rlighet, forpliktelse, d\u00f8d og h\u00e5p \u2013 og rusmidler. En ikke ubetydelig del av filmen vies nemlig til skildringen av rustilstanden. Enter the Void er uten tvil semesterets store utfordring. Vi tar den. Er du med?<\/span><\/p>\n<p class=\"MsoNormal\"><a href=\"http:\/\/www.youtube.com\/watch?v=bKRxDP--e-Y\">Trailer<\/a><\/p>\n","protected":false},"excerpt":{"rendered":"<p>Regi: Gaspar No\u00e9, Skuespillere: Nathaniel Brown, Paz de la Huerta, Nasjonalitet: Frankrike 2009, Spr\u00e5k: Engelsk og japansk \u2013 med svenske tekster, Lengde: 2 t 40 min Gaspar No\u00e9 overvelder oss igjen Irr\u00e9versible. De som har sett denne filmen fra 2002 husker den med sikkerhet, men uten et smil rundt munnen, vil vi tro. Gaspar No\u00e9 [&hellip;]<\/p>\n","protected":false},"author":2,"featured_media":0,"parent":0,"menu_order":0,"comment_status":"open","ping_status":"open","template":"","meta":{"footnotes":""},"class_list":["post-495","page","type-page","status-publish","hentry"],"_links":{"self":[{"href":"https:\/\/www.bodofilmklubb.no\/index.php\/wp-json\/wp\/v2\/pages\/495","targetHints":{"allow":["GET"]}}],"collection":[{"href":"https:\/\/www.bodofilmklubb.no\/index.php\/wp-json\/wp\/v2\/pages"}],"about":[{"href":"https:\/\/www.bodofilmklubb.no\/index.php\/wp-json\/wp\/v2\/types\/page"}],"author":[{"embeddable":true,"href":"https:\/\/www.bodofilmklubb.no\/index.php\/wp-json\/wp\/v2\/users\/2"}],"replies":[{"embeddable":true,"href":"https:\/\/www.bodofilmklubb.no\/index.php\/wp-json\/wp\/v2\/comments?post=495"}],"version-history":[{"count":1,"href":"https:\/\/www.bodofilmklubb.no\/index.php\/wp-json\/wp\/v2\/pages\/495\/revisions"}],"predecessor-version":[{"id":496,"href":"https:\/\/www.bodofilmklubb.no\/index.php\/wp-json\/wp\/v2\/pages\/495\/revisions\/496"}],"wp:attachment":[{"href":"https:\/\/www.bodofilmklubb.no\/index.php\/wp-json\/wp\/v2\/media?parent=495"}],"curies":[{"name":"wp","href":"https:\/\/api.w.org\/{rel}","templated":true}]}}