{"id":497,"date":"2011-01-27T12:19:12","date_gmt":"2011-01-27T10:19:12","guid":{"rendered":"http:\/\/www.bodofilmklubb.no\/?page_id=497"},"modified":"2011-01-27T12:19:12","modified_gmt":"2011-01-27T10:19:12","slug":"the-pit-and-the-pendelum","status":"publish","type":"page","link":"https:\/\/www.bodofilmklubb.no\/index.php\/the-pit-and-the-pendelum\/","title":{"rendered":"The Pit and the Pendelum"},"content":{"rendered":"<p><!--[if gte mso 9]><xml> <w:WordDocument> <w:View>Normal<\/w:View> <w:Zoom>0<\/w:Zoom> <w:HyphenationZone>21<\/w:HyphenationZone> <w:PunctuationKerning \/> <w:ValidateAgainstSchemas \/> <w:SaveIfXMLInvalid>false<\/w:SaveIfXMLInvalid> <w:IgnoreMixedContent>false<\/w:IgnoreMixedContent> <w:AlwaysShowPlaceholderText>false<\/w:AlwaysShowPlaceholderText> <w:Compatibility> <w:BreakWrappedTables \/> <w:SnapToGridInCell \/> <w:WrapTextWithPunct \/> <w:UseAsianBreakRules \/> <w:DontGrowAutofit \/> <\/w:Compatibility> <w:BrowserLevel>MicrosoftInternetExplorer4<\/w:BrowserLevel> <\/w:WordDocument> <\/xml><![endif]--><!--[if gte mso 9]><xml> <w:LatentStyles DefLockedState=\"false\" LatentStyleCount=\"156\"> <\/w:LatentStyles> <\/xml><![endif]--><!--[if gte mso 10]> \n\n<style>\n \/* Style Definitions *\/\n table.MsoNormalTable\n\t{mso-style-name:\"Vanlig tabell\";\n\tmso-tstyle-rowband-size:0;\n\tmso-tstyle-colband-size:0;\n\tmso-style-noshow:yes;\n\tmso-style-parent:\"\";\n\tmso-padding-alt:0cm 5.4pt 0cm 5.4pt;\n\tmso-para-margin:0cm;\n\tmso-para-margin-bottom:.0001pt;\n\tmso-pagination:widow-orphan;\n\tfont-size:10.0pt;\n\tfont-family:\"Times New Roman\";\n\tmso-ansi-language:#0400;\n\tmso-fareast-language:#0400;\n\tmso-bidi-language:#0400;}\n<\/style>\n\n <![endif]--><\/p>\n<p class=\"MsoNormal\">Regi: Roger Corman, Skuespillere: Vincent Price, Barbara Steele, Nasjonalitet: USA 1961, Spr\u00e5k: Engelsk \u2013<span> <\/span><span style=\"text-decoration: underline;\">uten norske tekster, <\/span>Lengde: 1 t 25 min<\/p>\n<p class=\"MsoNormal\"><span style=\"font-family: Verdana;\"> <\/span><\/p>\n<p class=\"MsoNormal\"><strong><span style=\"font-family: Verdana; color: black;\">Stilfull gr\u00f8sser etter Edgar Allan Poe<\/span><\/strong><\/p>\n<p class=\"MsoNormal\"><span style=\"font-family: Verdana; color: black;\">Regiss\u00f8r Roger Corman, f\u00f8dt i 1926, er en levende Hollywoodlegende. Fra 1950-tallet og til i dag har han produsert ikke mindre enn 394 filmer, og han er oppf\u00f8rt med regiansvar for 56 av dem. Corman produserer raskt, billig og alltid orientert mot det publikumet \u00f8nsker seg. De fleste filmene er nok fort glemt, men Corman burde ikke under-vurderes og har alltid hatt teft for nye talenter og kunstneriske muligheter. Mange av regiss\u00f8rene og skuespillerne som preget \u201dNew Hollywood-b\u00f8lgen\u201d p\u00e5 1970-tallet gjorde sine f\u00f8rste erfaringer hos Corman. Det gjelder blant annet Coppola, Scorsese og Bogdanovich (se <em>The Last Picture Show<\/em>). P\u00e5 1960-tallet stod Corman selv for en rekke suksessfulle filmer basert p\u00e5 fortellinger av Edgar Allan Poe. <em>The Pit and the Pendelum<\/em> er nummer to i rekken. Filmen inneholder selvf\u00f8lgelig den djevelske tortur-innretningen som Poe oppfant i novellen sin: Den sylskarpe pendelen som ustoppelig senker seg n\u00e6rmere og n\u00e6rmere et bundet offer\u2026 <\/span><\/p>\n<p class=\"MsoNormal\"><span style=\"font-family: Verdana; color: black;\">Vincent Price har hovedrollen og filmen er ingen billig dusinvare. Cormans Poe-filmatiseringer er flott fotograferte filmer i nydelige farger. Klassisk gr\u00f8ss med andre ord.<\/span><\/p>\n<p class=\"MsoNormal\"><a href=\"http:\/\/www.youtube.com\/watch?v=buRFANaKp0c&amp;feature=fvw\">Trailer<\/a><\/p>\n","protected":false},"excerpt":{"rendered":"<p>Regi: Roger Corman, Skuespillere: Vincent Price, Barbara Steele, Nasjonalitet: USA 1961, Spr\u00e5k: Engelsk \u2013 uten norske tekster, Lengde: 1 t 25 min Stilfull gr\u00f8sser etter Edgar Allan Poe Regiss\u00f8r Roger Corman, f\u00f8dt i 1926, er en levende Hollywoodlegende. Fra 1950-tallet og til i dag har han produsert ikke mindre enn 394 filmer, og han er [&hellip;]<\/p>\n","protected":false},"author":2,"featured_media":0,"parent":0,"menu_order":0,"comment_status":"open","ping_status":"open","template":"","meta":{"footnotes":""},"class_list":["post-497","page","type-page","status-publish","hentry"],"_links":{"self":[{"href":"https:\/\/www.bodofilmklubb.no\/index.php\/wp-json\/wp\/v2\/pages\/497","targetHints":{"allow":["GET"]}}],"collection":[{"href":"https:\/\/www.bodofilmklubb.no\/index.php\/wp-json\/wp\/v2\/pages"}],"about":[{"href":"https:\/\/www.bodofilmklubb.no\/index.php\/wp-json\/wp\/v2\/types\/page"}],"author":[{"embeddable":true,"href":"https:\/\/www.bodofilmklubb.no\/index.php\/wp-json\/wp\/v2\/users\/2"}],"replies":[{"embeddable":true,"href":"https:\/\/www.bodofilmklubb.no\/index.php\/wp-json\/wp\/v2\/comments?post=497"}],"version-history":[{"count":1,"href":"https:\/\/www.bodofilmklubb.no\/index.php\/wp-json\/wp\/v2\/pages\/497\/revisions"}],"predecessor-version":[{"id":498,"href":"https:\/\/www.bodofilmklubb.no\/index.php\/wp-json\/wp\/v2\/pages\/497\/revisions\/498"}],"wp:attachment":[{"href":"https:\/\/www.bodofilmklubb.no\/index.php\/wp-json\/wp\/v2\/media?parent=497"}],"curies":[{"name":"wp","href":"https:\/\/api.w.org\/{rel}","templated":true}]}}