{"id":499,"date":"2011-01-27T12:29:10","date_gmt":"2011-01-27T10:29:10","guid":{"rendered":"http:\/\/www.bodofilmklubb.no\/?page_id=499"},"modified":"2011-03-26T01:48:44","modified_gmt":"2011-03-25T23:48:44","slug":"sita-sings-the-blues","status":"publish","type":"page","link":"https:\/\/www.bodofilmklubb.no\/index.php\/sita-sings-the-blues\/","title":{"rendered":"Sita Sings the Blues"},"content":{"rendered":"<p style=\"line-height: 13.5pt; margin: 0cm 0cm 6pt;\"><strong><span style=\"font-family: &quot;Arial&quot;,&quot;sans-serif&quot;; color: black; font-size: 10pt;\">USA, 2008<br \/>\nRegi: Nina Paley<br \/>\nMed: Reena Shah, Sanjiv Jhaveri, Debargo Sanyal<br \/>\nEngelsk tale, utekstet, animasjon<br \/>\ndigital, farger, 82 min.<\/p>\n<p><\/span><\/strong><span style=\"font-family: &quot;Arial&quot;,&quot;sans-serif&quot;; color: black; font-size: 10pt;\"><br \/>\nEn av hinduismens vakreste historier er legenden om Prins Rama og hans trofaste Sita. I Sita Sings the Blues greier regiss\u00f8r Nina Paley \u00e5 gj\u00f8re denne historien levende og aktuell gjennom en mengde friske og overraskende grep. Hun lar blant annet hovedhistorien bli illustrert med vakre, intrikat symmetriske bilder, mens en parallell historie satt i n\u00e5tid f\u00e5r en mye l\u00f8sere strek og enklere komposisjon. Gudene har ogs\u00e5 f\u00e5tt plass, som ett skyggeteater kommenterer og diskuterer de handlingen og fortellingens mange variasjoner.<\/span><\/p>\n<p style=\"line-height: 13.5pt; margin: 0cm 0cm 6pt;\"><span style=\"font-family: &quot;Arial&quot;,&quot;sans-serif&quot;; color: black; font-size: 10pt;\">Sist, men definitivt ikke minst, er grepet med \u00e5 la Sita synge Anette Hanshaws vidunderlige 20 og 30-talls bluesl\u00e5ter. Av en eller annen forunderlig grunn fungerer det hele perfekt, historiene og f\u00f8lelsene til dagens mennesker speiles b\u00e5de i Hanshaws snart 100 \u00e5r gamle musikk og i Sitas 7000 \u00e5r gamle fortelling.<\/span><\/p>\n","protected":false},"excerpt":{"rendered":"<p>USA, 2008 Regi: Nina Paley Med: Reena Shah, Sanjiv Jhaveri, Debargo Sanyal Engelsk tale, utekstet, animasjon digital, farger, 82 min. En av hinduismens vakreste historier er legenden om Prins Rama og hans trofaste Sita. I Sita Sings the Blues greier regiss\u00f8r Nina Paley \u00e5 gj\u00f8re denne historien levende og aktuell gjennom en mengde friske og [&hellip;]<\/p>\n","protected":false},"author":2,"featured_media":0,"parent":0,"menu_order":0,"comment_status":"open","ping_status":"open","template":"","meta":{"footnotes":""},"class_list":["post-499","page","type-page","status-publish","hentry"],"_links":{"self":[{"href":"https:\/\/www.bodofilmklubb.no\/index.php\/wp-json\/wp\/v2\/pages\/499","targetHints":{"allow":["GET"]}}],"collection":[{"href":"https:\/\/www.bodofilmklubb.no\/index.php\/wp-json\/wp\/v2\/pages"}],"about":[{"href":"https:\/\/www.bodofilmklubb.no\/index.php\/wp-json\/wp\/v2\/types\/page"}],"author":[{"embeddable":true,"href":"https:\/\/www.bodofilmklubb.no\/index.php\/wp-json\/wp\/v2\/users\/2"}],"replies":[{"embeddable":true,"href":"https:\/\/www.bodofilmklubb.no\/index.php\/wp-json\/wp\/v2\/comments?post=499"}],"version-history":[{"count":5,"href":"https:\/\/www.bodofilmklubb.no\/index.php\/wp-json\/wp\/v2\/pages\/499\/revisions"}],"predecessor-version":[{"id":516,"href":"https:\/\/www.bodofilmklubb.no\/index.php\/wp-json\/wp\/v2\/pages\/499\/revisions\/516"}],"wp:attachment":[{"href":"https:\/\/www.bodofilmklubb.no\/index.php\/wp-json\/wp\/v2\/media?parent=499"}],"curies":[{"name":"wp","href":"https:\/\/api.w.org\/{rel}","templated":true}]}}