{"id":50,"date":"2008-09-11T22:00:02","date_gmt":"2008-09-11T20:00:02","guid":{"rendered":"http:\/\/www.bodofilmklubb.no\/?page_id=50"},"modified":"2008-09-11T22:00:02","modified_gmt":"2008-09-11T20:00:02","slug":"my-bluberry-nights","status":"publish","type":"page","link":"https:\/\/www.bodofilmklubb.no\/index.php\/filmer\/my-bluberry-nights\/","title":{"rendered":"My Bluberry Nights"},"content":{"rendered":"<p>Regi: Wong Kar Wai, Skuespillere: Norah Jones, Jude Law, David Strathairn, Natalie Portman, Nasjonalitet: Hong Kong, Kina og Frankrike 2007, Spr\u00e5k: engelsk, Lengde: 1t 35 min.<\/p>\n<p><strong>Elisabeths vei ut av fortapelse?<\/strong><br \/>\nElisabeth blir br\u00e5tt satt i en ny virkelighet n\u00e5r hennes langvarige parforhold f\u00e5r en plutselig slutt. I et fors\u00f8k p\u00e5 \u00e5 finne tilbake til seg selv, oppleve noe nytt og slippe vekk fra fortidens forventninger bestemmer hun seg raskt for \u00e5 legge ut p\u00e5 en heller spontan reise. Reisen byr henne en rekke nyheter og opplevelser innen menneskelige historier og delvis skjulte valg. I valgenes potens av lykke og sorg ligger ogs\u00e5 mulighetene for dem som t\u00f8r.<br \/>\nFilmen er Wong Kar Wais f\u00f8rste engelskspr\u00e5klig film. Som regiss\u00f8r er han kjent for sin s\u00e6regne estetikk. Han har lang og variert erfaring fra regi, produksjon, forfatterskap og skuespill og er kjent i Vesten for filmer som Chungking Express, In the mood for love og 2046.<\/p>\n","protected":false},"excerpt":{"rendered":"<p>Regi: Wong Kar Wai, Skuespillere: Norah Jones, Jude Law, David Strathairn, Natalie Portman, Nasjonalitet: Hong Kong, Kina og Frankrike 2007, Spr\u00e5k: engelsk, Lengde: 1t 35 min. Elisabeths vei ut av fortapelse? Elisabeth blir br\u00e5tt satt i en ny virkelighet n\u00e5r hennes langvarige parforhold f\u00e5r en plutselig slutt. I et fors\u00f8k p\u00e5 \u00e5 finne tilbake til [&hellip;]<\/p>\n","protected":false},"author":1,"featured_media":0,"parent":16,"menu_order":0,"comment_status":"open","ping_status":"open","template":"","meta":{"footnotes":""},"class_list":["post-50","page","type-page","status-publish","hentry"],"_links":{"self":[{"href":"https:\/\/www.bodofilmklubb.no\/index.php\/wp-json\/wp\/v2\/pages\/50","targetHints":{"allow":["GET"]}}],"collection":[{"href":"https:\/\/www.bodofilmklubb.no\/index.php\/wp-json\/wp\/v2\/pages"}],"about":[{"href":"https:\/\/www.bodofilmklubb.no\/index.php\/wp-json\/wp\/v2\/types\/page"}],"author":[{"embeddable":true,"href":"https:\/\/www.bodofilmklubb.no\/index.php\/wp-json\/wp\/v2\/users\/1"}],"replies":[{"embeddable":true,"href":"https:\/\/www.bodofilmklubb.no\/index.php\/wp-json\/wp\/v2\/comments?post=50"}],"version-history":[{"count":1,"href":"https:\/\/www.bodofilmklubb.no\/index.php\/wp-json\/wp\/v2\/pages\/50\/revisions"}],"predecessor-version":[{"id":51,"href":"https:\/\/www.bodofilmklubb.no\/index.php\/wp-json\/wp\/v2\/pages\/50\/revisions\/51"}],"up":[{"embeddable":true,"href":"https:\/\/www.bodofilmklubb.no\/index.php\/wp-json\/wp\/v2\/pages\/16"}],"wp:attachment":[{"href":"https:\/\/www.bodofilmklubb.no\/index.php\/wp-json\/wp\/v2\/media?parent=50"}],"curies":[{"name":"wp","href":"https:\/\/api.w.org\/{rel}","templated":true}]}}