{"id":53,"date":"2008-09-11T22:05:11","date_gmt":"2008-09-11T20:05:11","guid":{"rendered":"http:\/\/www.bodofilmklubb.no\/?page_id=53"},"modified":"2008-09-11T22:05:11","modified_gmt":"2008-09-11T20:05:11","slug":"time","status":"publish","type":"page","link":"https:\/\/www.bodofilmklubb.no\/index.php\/filmer\/time\/","title":{"rendered":"Time"},"content":{"rendered":"<p>Orginaltittel: Shi gan, Regi: Kim Ki-Duk Skuespillere: Jung-Woo Ha, Ji-Yeon Park, Ji-Heon Kim, Nasjonalitet: Korea 2006, Spr\u00e5k: koreansk, Lengde: 1t 37min.<\/p>\n<p><strong>Full forvirring!<\/strong><\/p>\n<p>Jiwoo elsker Sehie, og hun elsker han. Plutselig en dag befinner Sehi seg hos en plastisk kirurg. Planen hennes er \u00e5 bli en annen. Jiwoo f\u00e5r seg s\u00e5dan en overraskelse n\u00e5r han kommer hjem fra jobb og ser at Sehie har flyttet uten \u00e5 si fra. Ikke svarer hun p\u00e5 mobilen heller n\u00e5r han ringer henne. Historien f\u00e5r f\u00f8lgelig noen br\u00e5e vendepunkt med flere nye bekjentskap, rare tilfeldigheter og upassende sammenfall av hendelser i jakten p\u00e5 \u00e5 finne tilbake til eller r\u00f8mme fra den tapte kj\u00e6rlighet. Hvordan kan en gjenkjenne den som ikke lenger er seg selv?<\/p>\n<p>Filmen har en rekke referanser til Kims (V\u00e5r, sommer, h\u00f8st, vinter&#8230;) siste filmer i visuell stil, symbolisme\/metaforer og musikkvalg. Den utmerker seg ogs\u00e5 ved \u00e5 sette lupen p\u00e5 rikere middelklassekoreanere. Som vanlig har Kim en samfunnskritisk agenda i kledd hans vanlige (u)tydelighet og semi-surrealisme, eller kanskje det er slik verden er?<\/p>\n","protected":false},"excerpt":{"rendered":"<p>Orginaltittel: Shi gan, Regi: Kim Ki-Duk Skuespillere: Jung-Woo Ha, Ji-Yeon Park, Ji-Heon Kim, Nasjonalitet: Korea 2006, Spr\u00e5k: koreansk, Lengde: 1t 37min. Full forvirring! Jiwoo elsker Sehie, og hun elsker han. Plutselig en dag befinner Sehi seg hos en plastisk kirurg. Planen hennes er \u00e5 bli en annen. Jiwoo f\u00e5r seg s\u00e5dan en overraskelse n\u00e5r han [&hellip;]<\/p>\n","protected":false},"author":1,"featured_media":0,"parent":16,"menu_order":0,"comment_status":"open","ping_status":"open","template":"","meta":{"footnotes":""},"class_list":["post-53","page","type-page","status-publish","hentry"],"_links":{"self":[{"href":"https:\/\/www.bodofilmklubb.no\/index.php\/wp-json\/wp\/v2\/pages\/53","targetHints":{"allow":["GET"]}}],"collection":[{"href":"https:\/\/www.bodofilmklubb.no\/index.php\/wp-json\/wp\/v2\/pages"}],"about":[{"href":"https:\/\/www.bodofilmklubb.no\/index.php\/wp-json\/wp\/v2\/types\/page"}],"author":[{"embeddable":true,"href":"https:\/\/www.bodofilmklubb.no\/index.php\/wp-json\/wp\/v2\/users\/1"}],"replies":[{"embeddable":true,"href":"https:\/\/www.bodofilmklubb.no\/index.php\/wp-json\/wp\/v2\/comments?post=53"}],"version-history":[{"count":1,"href":"https:\/\/www.bodofilmklubb.no\/index.php\/wp-json\/wp\/v2\/pages\/53\/revisions"}],"predecessor-version":[{"id":54,"href":"https:\/\/www.bodofilmklubb.no\/index.php\/wp-json\/wp\/v2\/pages\/53\/revisions\/54"}],"up":[{"embeddable":true,"href":"https:\/\/www.bodofilmklubb.no\/index.php\/wp-json\/wp\/v2\/pages\/16"}],"wp:attachment":[{"href":"https:\/\/www.bodofilmklubb.no\/index.php\/wp-json\/wp\/v2\/media?parent=53"}],"curies":[{"name":"wp","href":"https:\/\/api.w.org\/{rel}","templated":true}]}}