{"id":535,"date":"2011-09-27T20:39:39","date_gmt":"2011-09-27T18:39:39","guid":{"rendered":"http:\/\/www.bodofilmklubb.no\/?page_id=535"},"modified":"2011-10-06T08:37:49","modified_gmt":"2011-10-06T06:37:49","slug":"landsbyen-pa-toppen-av-fjellet","status":"publish","type":"page","link":"https:\/\/www.bodofilmklubb.no\/index.php\/landsbyen-pa-toppen-av-fjellet\/","title":{"rendered":"Landsbyen p\u00e5 toppen av fjellet"},"content":{"rendered":"<p class=\"MsoNormal\" style=\"margin: 0cm 0cm 0pt;\"><span style=\"font-family: Times New Roman; font-size: small;\">Originaltittel: Le quattro volte, Regi: Michelangelo Frammartino, Skuespillere: Diverse, Nasjonalitet: Italia, 2010, Spr\u00e5k: Italiensk, Lengde: 1 t 28 min<\/span><\/p>\n<p class=\"MsoNormal\" style=\"margin: 0cm 0cm 0pt;\"><span style=\"font-family: Times New Roman; font-size: small;\">\u00a0<\/span><\/p>\n<p class=\"MsoNormal\" style=\"margin: 0cm 0cm 0pt;\"><strong style=\"mso-bidi-font-weight: normal;\"><span style=\"font-size: small;\"><span style=\"font-family: Times New Roman;\">En rolig, dvelende og lindrende opplevelse<\/span><\/span><\/strong><\/p>\n<p class=\"MsoNormal\" style=\"margin: 0cm 0cm 0pt;\"><span style=\"font-size: small;\"><span style=\"font-family: Times New Roman;\"><em style=\"mso-bidi-font-style: normal;\">Landsbyen p\u00e5 toppen av fjellet<\/em> er en meditativ, sakteg\u00e5ende og vakker skildring av en landsby der tiden har st\u00e5tt relativt stille de siste ti\u00e5rene. Vi blir kjent med en aldrende, d\u00f8ende gjeter som bytter melk mot helbredende st\u00f8v fra kirkegulvet. En geit som blir f\u00f8dt, tar sine f\u00f8rste skritt, leker kongen p\u00e5 haugen med kompisene, f\u00f8r den finner sitt siste hvilested. Filmen handler ogs\u00e5 om livets runddans gjennom \u00e5rstidene. Med en skildring av snegler som unslipper en kjele, kommer den i kategorien sakte film. Filmen er uten dialog og er nesten uten dramaturgisk utvikling. Til gjengjeld har den en perlerad av underfundige situasjoner og kl\u00f8ktig komponerte observasjoner, som \u00e5pner for at man gradvis oppdager dramatikken og komikken i hverdagslige hendelser og ubetydelige detaljer.<\/p>\n<p class=\"MsoNormal\" style=\"margin: 0cm 0cm 0pt;\">\u00a0<\/p>\n<p class=\"MsoNormal\" style=\"margin: 0cm 0cm 0pt;\">Vinner av Beste film p\u00e5 Bergen filmfestival 2010.<\/p>\n<p><font size=\"3\"><font face=\"Times New Roman\"><\/p>\n<p class=\"MsoNormal\" style=\"margin: 0cm 0cm 0pt;\">\u00a0<\/p>\n<p><\/font><\/font><\/span><font size=\"3\"><\/p>\n<p class=\"MsoNormal\" style=\"margin: 0cm 0cm 0pt;\">\u00a0<\/p>\n<p><\/font><\/span><\/p>\n<p class=\"MsoNormal\" style=\"margin: 0cm 0cm 0pt;\">\u00a0<\/p>\n<p><a href=\"http:\/\/www.youtube.com\/watch?v=RpDSlbNj8bE\">Trailer<\/a><!--[if gte mso 10]>\n<mce:style><!   \/* Style Definitions *\/  table.MsoNormalTable \t{mso-style-name:\"Vanlig tabell\"; \tmso-tstyle-rowband-size:0; \tmso-tstyle-colband-size:0; \tmso-style-noshow:yes; \tmso-style-priority:99; \tmso-style-qformat:yes; \tmso-style-parent:\"\"; \tmso-padding-alt:0cm 5.4pt 0cm 5.4pt; \tmso-para-margin-top:0cm; \tmso-para-margin-right:0cm; \tmso-para-margin-bottom:10.0pt; \tmso-para-margin-left:0cm; \tline-height:115%; \tmso-pagination:widow-orphan; \tfont-size:11.0pt; \tfont-family:\"Calibri\",\"sans-serif\"; \tmso-ascii-font-family:Calibri; \tmso-ascii-theme-font:minor-latin; \tmso-fareast-font-family:\"Times New Roman\"; \tmso-fareast-theme-font:minor-fareast; \tmso-hansi-font-family:Calibri; \tmso-hansi-theme-font:minor-latin; \tmso-bidi-font-family:\"Times New Roman\"; \tmso-bidi-theme-font:minor-bidi;}  >\n\n<! [endif]  >\n\n\n<p class=\"MsoNormal\">Originaltittel: Le quattro volte, Regi: Michelangelo Frammartino, Skuespillere: Diverse, Nasjonalitet: Italia, 2010, Spr\u00e5k: Italiensk, Lengde: 1 t 28 min<\/p>\n\n\n\n\n<p class=\"MsoNormal\"><strong>En rolig, dvelende og lindrende opplevelse<\/strong><\/p>\n\n\n\n\n<p class=\"MsoNormal\"><em>Landsbyen p\u00e5 toppen av fjellet<\/em> er en meditativ, sakteg\u00e5ende og vakker skildring av en landsby der tiden har st\u00e5tt relativt stille de siste ti\u00e5rene. Vi blir kjent med en aldrende, d\u00f8ende gjeter som bytter melk mot helbredende st\u00f8v fra kirkegulvet. En geit som blir f\u00f8dt, tar sine f\u00f8rste skritt, leker kongen p\u00e5 haugen med kompisene, f\u00f8r den finner sitt siste hvilested. Filmen handler ogs\u00e5 om livets runddans gjennom \u00e5rstidene. Med en skildring av snegler som unslipper en kjele, kommer den i kategorien sakte film. Filmen er uten dialog og er nesten uten dramaturgisk utvikling. Til gjengjeld har den en perlerad av underfundige situasjoner og kl\u00f8ktig komponerte observasjoner, som \u00e5pner for at man gradvis oppdager dramatikken og komikken i hverdagslige hendelser og ubetydelige detaljer.<\/p>\n\n\n\n\n<p class=\"MsoNormal\">Vinner av Beste film p\u00e5 Bergen filmfestival 2010.<\/p>\n\n\n\n\n<p class=\"MsoNormal\"><a href=\"http:\/\/www.youtube.com\/watch?v=PFWefUV5rRU\" mce_href=\"http:\/\/www.youtube.com\/watch?v=PFWefUV5rRU\">Trailer<\/a><\/p>\n\n\n\n\n<p class=\"MsoNorma-->\u00a0<\/p>\n","protected":false},"excerpt":{"rendered":"<p>Originaltittel: Le quattro volte, Regi: Michelangelo Frammartino, Skuespillere: Diverse, Nasjonalitet: Italia, 2010, Spr\u00e5k: Italiensk, Lengde: 1 t 28 min \u00a0 En rolig, dvelende og lindrende opplevelse Landsbyen p\u00e5 toppen av fjellet er en meditativ, sakteg\u00e5ende og vakker skildring av en landsby der tiden har st\u00e5tt relativt stille de siste ti\u00e5rene. Vi blir kjent med en [&hellip;]<\/p>\n","protected":false},"author":2,"featured_media":0,"parent":0,"menu_order":0,"comment_status":"open","ping_status":"open","template":"","meta":{"footnotes":""},"class_list":["post-535","page","type-page","status-publish","hentry"],"_links":{"self":[{"href":"https:\/\/www.bodofilmklubb.no\/index.php\/wp-json\/wp\/v2\/pages\/535","targetHints":{"allow":["GET"]}}],"collection":[{"href":"https:\/\/www.bodofilmklubb.no\/index.php\/wp-json\/wp\/v2\/pages"}],"about":[{"href":"https:\/\/www.bodofilmklubb.no\/index.php\/wp-json\/wp\/v2\/types\/page"}],"author":[{"embeddable":true,"href":"https:\/\/www.bodofilmklubb.no\/index.php\/wp-json\/wp\/v2\/users\/2"}],"replies":[{"embeddable":true,"href":"https:\/\/www.bodofilmklubb.no\/index.php\/wp-json\/wp\/v2\/comments?post=535"}],"version-history":[{"count":4,"href":"https:\/\/www.bodofilmklubb.no\/index.php\/wp-json\/wp\/v2\/pages\/535\/revisions"}],"predecessor-version":[{"id":550,"href":"https:\/\/www.bodofilmklubb.no\/index.php\/wp-json\/wp\/v2\/pages\/535\/revisions\/550"}],"wp:attachment":[{"href":"https:\/\/www.bodofilmklubb.no\/index.php\/wp-json\/wp\/v2\/media?parent=535"}],"curies":[{"name":"wp","href":"https:\/\/api.w.org\/{rel}","templated":true}]}}