{"id":57,"date":"2008-09-11T22:08:39","date_gmt":"2008-09-11T20:08:39","guid":{"rendered":"http:\/\/www.bodofilmklubb.no\/?page_id=57"},"modified":"2008-09-11T22:09:05","modified_gmt":"2008-09-11T20:09:05","slug":"tideland","status":"publish","type":"page","link":"https:\/\/www.bodofilmklubb.no\/index.php\/filmer\/tideland\/","title":{"rendered":"Tideland"},"content":{"rendered":"<p>Regi: Terry Gilliam, Skuespillere: Jeff Bridges, Jennifer Tilly, Jodelle Ferland, Brendan Fletcher, Nasjonalitet: USA 2006, Spr\u00e5k: Engelsk, Lengde 1t 55 min<\/p>\n<p><strong>Terry Gilliam er tilbake med en makaber historie basert p\u00e5 Mitch Cullins bok \u201dTideland\u201d<\/strong><\/p>\n<p>Ti \u00e5r gamle Jeliza-Rose (Jodelle Ferland) har all grunn til \u00e5 flykte inn i en fantasiverden. Foreldrene Noah (Jeff Bridges) og Queen Gunhilda (Jennifer Tilly) har s\u00e5 store problemer med \u00e5 takle virkeligheten at de s\u00f8ker tilflukt i heroinrusen, s\u00e5 den fors\u00f8mte vesle jenta kommuniserer mest med barbiehodene sine n\u00e5r hun ikke deler farens dr\u00f8m om \u00e5 reise til den magiske \u00f8ya Jylland.<\/p>\n<p>De n\u00e5r aldri Jylland, men n\u00e5r mora d\u00f8r av en overdose tar Noah med seg Jeliza-Rose til den forfalne g\u00e5rden i Texas der han vokste opp.<\/p>\n<p>P\u00e5 den nedslitte og forfalne g\u00e5rden tar det ikke lang tid f\u00f8r faren ogs\u00e5 tar overdose, og dermed er Jeliza Rose alene i sin fantasiverden. En ny visuell briljant gjennomf\u00f8rt film fra Gilliam og en av de mest omstridte han har laget. Fra kritikerne haglet det b\u00e5de slakt og ros, men vi filmklubbnerder sier: Gilliam er pensum. Punktum.<\/p>\n","protected":false},"excerpt":{"rendered":"<p>Regi: Terry Gilliam, Skuespillere: Jeff Bridges, Jennifer Tilly, Jodelle Ferland, Brendan Fletcher, Nasjonalitet: USA 2006, Spr\u00e5k: Engelsk, Lengde 1t 55 min Terry Gilliam er tilbake med en makaber historie basert p\u00e5 Mitch Cullins bok \u201dTideland\u201d Ti \u00e5r gamle Jeliza-Rose (Jodelle Ferland) har all grunn til \u00e5 flykte inn i en fantasiverden. Foreldrene Noah (Jeff Bridges) [&hellip;]<\/p>\n","protected":false},"author":1,"featured_media":0,"parent":16,"menu_order":0,"comment_status":"open","ping_status":"open","template":"","meta":{"footnotes":""},"class_list":["post-57","page","type-page","status-publish","hentry"],"_links":{"self":[{"href":"https:\/\/www.bodofilmklubb.no\/index.php\/wp-json\/wp\/v2\/pages\/57","targetHints":{"allow":["GET"]}}],"collection":[{"href":"https:\/\/www.bodofilmklubb.no\/index.php\/wp-json\/wp\/v2\/pages"}],"about":[{"href":"https:\/\/www.bodofilmklubb.no\/index.php\/wp-json\/wp\/v2\/types\/page"}],"author":[{"embeddable":true,"href":"https:\/\/www.bodofilmklubb.no\/index.php\/wp-json\/wp\/v2\/users\/1"}],"replies":[{"embeddable":true,"href":"https:\/\/www.bodofilmklubb.no\/index.php\/wp-json\/wp\/v2\/comments?post=57"}],"version-history":[{"count":3,"href":"https:\/\/www.bodofilmklubb.no\/index.php\/wp-json\/wp\/v2\/pages\/57\/revisions"}],"predecessor-version":[{"id":74,"href":"https:\/\/www.bodofilmklubb.no\/index.php\/wp-json\/wp\/v2\/pages\/57\/revisions\/74"}],"up":[{"embeddable":true,"href":"https:\/\/www.bodofilmklubb.no\/index.php\/wp-json\/wp\/v2\/pages\/16"}],"wp:attachment":[{"href":"https:\/\/www.bodofilmklubb.no\/index.php\/wp-json\/wp\/v2\/media?parent=57"}],"curies":[{"name":"wp","href":"https:\/\/api.w.org\/{rel}","templated":true}]}}