{"id":581,"date":"2012-01-23T21:59:59","date_gmt":"2012-01-23T19:59:59","guid":{"rendered":"http:\/\/www.bodofilmklubb.no\/?page_id=581"},"modified":"2012-04-15T21:28:47","modified_gmt":"2012-04-15T19:28:47","slug":"keinohrhasen-harer-uten-%c3%b8rer","status":"publish","type":"page","link":"https:\/\/www.bodofilmklubb.no\/index.php\/keinohrhasen-harer-uten-%c3%b8rer\/","title":{"rendered":"KeinOhrHasen (Harer uten \u00f8rer)"},"content":{"rendered":"<p><a href=\"http:\/\/outnow.ch\/Media\/Movies\/Bilder\/2007\/Keinohrhasen\/dvd-film.ws\/11.jpg\"><img loading=\"lazy\" decoding=\"async\" class=\"alignnone\" title=\"KeinOhrHAsen\" src=\"http:\/\/outnow.ch\/Media\/Movies\/Bilder\/2007\/Keinohrhasen\/dvd-film.ws\/11.jpg\" alt=\"\" width=\"328\" height=\"185\" \/><\/a><\/p>\n<p>Regi: Til Schweiger<br \/>\nSkuespillere: Til Schweiger, Nora Tschirner<br \/>\nNasjonalitet: Tyskland 2007<br \/>\nSpr\u00e5k: Tysk \u2013 med engelske tekster<br \/>\nLengde: 1t 47 min<\/p>\n<p><strong>EKSTRAVISNING l\u00f8rdag 21. april kl. 15.00<\/strong><\/p>\n<p><strong>Ekstrem popul\u00e6r tysk romantisk komedie fra 2007 <\/strong><br \/>\n6,5 millioner publikummere kan vel ikke ta feil? Til Schweiger, Tysklands <em>sexiest-man-alive<\/em>, tok med <em>KeinOhrHasen<\/em> grep om den tyske romantiske komedien og har siden ikke sluppet taket. Greit nok er det ekstremt kommersielt, men i \u00e5r tenkte vi oss en myk start inn i filmklubbprogrammet!<br \/>\nSchweiger spiller Ludo, en Se og H\u00f8r-type reporter som havner \u00e9n gang for mye i tr\u00f8bbel. Han blir id\u00f8mt 300 timer samfunnstjeneste. Synes vi synd p\u00e5 ham? Nei, det gj\u00f8r vi ikke. Schweiger\u2019s Ludo er en womanizer blottet for moral, men selvf\u00f8lgelig av den typen, som vi likevel kan ha sympati for. Ludo havner i en barnehage og treffer \u2013 selvf\u00f8lgelig \u2013 p\u00e5 en kvinne, Anna, som egentlig overhodet ikke er typen hans. Faktisk s\u00e5 hater hun ham og starter med \u00e5 plage Ludo s\u00e5 godt hun kan. Det g\u00e5r selvf\u00f8lgelig ikke med mange bleieskift f\u00f8r de to n\u00e6rmer seg kj\u00e6rligheten og vi oss en sjangertypisk happy end.<br \/>\nP\u00e5 mange m\u00e5ter er det Nora Tschirners Anna som redder filmen fra \u00e5 bli dusinvare. Manuset f\u00e5r hun selvf\u00f8lgelig til \u00e5 si og gj\u00f8re ting, som ikke alltid er like troverdig, men Tschirner er en av Tyskland mer interessante unge skuespillere. Filmen har i tillegg \u00e5 by p\u00e5 en rekke gjesteopptredener av kjente tyske ansikter. S\u00e6rlig J\u00fcrgen Vogel koser seg \u00e5penbart med en liten rolle som seg selv helt i starten av filmen\u2026<br \/>\nMB<\/p>\n<p><a href=\"http:\/\/www.youtube.com\/watch?v=dbdzrPtYrHs&amp;feature=related\">Trailer<\/a><\/p>\n","protected":false},"excerpt":{"rendered":"<p>Regi: Til Schweiger Skuespillere: Til Schweiger, Nora Tschirner Nasjonalitet: Tyskland 2007 Spr\u00e5k: Tysk \u2013 med engelske tekster Lengde: 1t 47 min EKSTRAVISNING l\u00f8rdag 21. april kl. 15.00 Ekstrem popul\u00e6r tysk romantisk komedie fra 2007 6,5 millioner publikummere kan vel ikke ta feil? Til Schweiger, Tysklands sexiest-man-alive, tok med KeinOhrHasen grep om den tyske romantiske komedien [&hellip;]<\/p>\n","protected":false},"author":2,"featured_media":0,"parent":0,"menu_order":0,"comment_status":"open","ping_status":"open","template":"","meta":{"footnotes":""},"class_list":["post-581","page","type-page","status-publish","hentry"],"_links":{"self":[{"href":"https:\/\/www.bodofilmklubb.no\/index.php\/wp-json\/wp\/v2\/pages\/581","targetHints":{"allow":["GET"]}}],"collection":[{"href":"https:\/\/www.bodofilmklubb.no\/index.php\/wp-json\/wp\/v2\/pages"}],"about":[{"href":"https:\/\/www.bodofilmklubb.no\/index.php\/wp-json\/wp\/v2\/types\/page"}],"author":[{"embeddable":true,"href":"https:\/\/www.bodofilmklubb.no\/index.php\/wp-json\/wp\/v2\/users\/2"}],"replies":[{"embeddable":true,"href":"https:\/\/www.bodofilmklubb.no\/index.php\/wp-json\/wp\/v2\/comments?post=581"}],"version-history":[{"count":10,"href":"https:\/\/www.bodofilmklubb.no\/index.php\/wp-json\/wp\/v2\/pages\/581\/revisions"}],"predecessor-version":[{"id":631,"href":"https:\/\/www.bodofilmklubb.no\/index.php\/wp-json\/wp\/v2\/pages\/581\/revisions\/631"}],"wp:attachment":[{"href":"https:\/\/www.bodofilmklubb.no\/index.php\/wp-json\/wp\/v2\/media?parent=581"}],"curies":[{"name":"wp","href":"https:\/\/api.w.org\/{rel}","templated":true}]}}