{"id":595,"date":"2012-01-23T22:30:28","date_gmt":"2012-01-23T20:30:28","guid":{"rendered":"http:\/\/www.bodofilmklubb.no\/?page_id=595"},"modified":"2026-01-21T14:52:49","modified_gmt":"2026-01-21T13:52:49","slug":"lordagsfilmer","status":"publish","type":"page","link":"https:\/\/www.bodofilmklubb.no\/index.php\/lordagsfilmer\/","title":{"rendered":"L\u00f8rdagsfilmer &#8211; Info"},"content":{"rendered":"<p>&#8211; Vises p\u00e5 Fram kino. Arrang\u00f8r er Bod\u00f8 Filmklubb.<br \/>\n&#8211; Forutsetter filmklubbmedlemskap.<br \/>\n&#8211; Visningene starter l\u00f8rdager kl 15:30 p\u00e5 Fram Kino &#8211; sjekk tiden p\u00e5 hjemmesiden v\u00e5r.<br \/>\n&#8211; Adgang til filmene er inkludert i medlemskapsprisen<br \/>\n&#8211; NB: L\u00f8rdagsfilmene blir ikke annonsert i kinoannonsen til Fram kino.<\/p>\n<p>Medlemskapet for ett semester (halv\u00e5r) inkluderer adgang til alle l\u00f8rdagsvisningene.<\/p>\n<p>&#8211; Priser for medlemskap:<br \/>\nNormalpris: kroner 300,-; St\u00f8ttepris: 400,-; Rabattpris: 200,-<br \/>\n&#8211; Innehaver av kulturkortet for ungdom og studenter vil f\u00e5 medlemskap til rabattert pris (aldersgrense for medlemskap er 15 \u00e5r).<br \/>\n&#8211; Pr\u00f8vemedlemskap 1 film: kroner 100,-<\/p>\n","protected":false},"excerpt":{"rendered":"<p>&#8211; Vises p\u00e5 Fram kino. Arrang\u00f8r er Bod\u00f8 Filmklubb. &#8211; Forutsetter filmklubbmedlemskap. &#8211; Visningene starter l\u00f8rdager kl 15:30 p\u00e5 Fram Kino &#8211; sjekk tiden p\u00e5 hjemmesiden v\u00e5r. &#8211; Adgang til filmene er inkludert i medlemskapsprisen &#8211; NB: L\u00f8rdagsfilmene blir ikke annonsert i kinoannonsen til Fram kino. Medlemskapet for ett semester (halv\u00e5r) inkluderer adgang til alle [&hellip;]<\/p>\n","protected":false},"author":2,"featured_media":0,"parent":0,"menu_order":0,"comment_status":"closed","ping_status":"open","template":"","meta":{"footnotes":""},"class_list":["post-595","page","type-page","status-publish","hentry"],"_links":{"self":[{"href":"https:\/\/www.bodofilmklubb.no\/index.php\/wp-json\/wp\/v2\/pages\/595","targetHints":{"allow":["GET"]}}],"collection":[{"href":"https:\/\/www.bodofilmklubb.no\/index.php\/wp-json\/wp\/v2\/pages"}],"about":[{"href":"https:\/\/www.bodofilmklubb.no\/index.php\/wp-json\/wp\/v2\/types\/page"}],"author":[{"embeddable":true,"href":"https:\/\/www.bodofilmklubb.no\/index.php\/wp-json\/wp\/v2\/users\/2"}],"replies":[{"embeddable":true,"href":"https:\/\/www.bodofilmklubb.no\/index.php\/wp-json\/wp\/v2\/comments?post=595"}],"version-history":[{"count":15,"href":"https:\/\/www.bodofilmklubb.no\/index.php\/wp-json\/wp\/v2\/pages\/595\/revisions"}],"predecessor-version":[{"id":2662,"href":"https:\/\/www.bodofilmklubb.no\/index.php\/wp-json\/wp\/v2\/pages\/595\/revisions\/2662"}],"wp:attachment":[{"href":"https:\/\/www.bodofilmklubb.no\/index.php\/wp-json\/wp\/v2\/media?parent=595"}],"curies":[{"name":"wp","href":"https:\/\/api.w.org\/{rel}","templated":true}]}}