{"id":598,"date":"2012-01-23T22:35:08","date_gmt":"2012-01-23T20:35:08","guid":{"rendered":"http:\/\/www.bodofilmklubb.no\/?page_id=598"},"modified":"2026-01-21T14:53:02","modified_gmt":"2026-01-21T13:53:02","slug":"torsdagsfilmer","status":"publish","type":"page","link":"https:\/\/www.bodofilmklubb.no\/index.php\/torsdagsfilmer\/","title":{"rendered":"Torsdagsfilmer"},"content":{"rendered":"<p>&#8211; Her vises det aktuelle kinofilmer som vi mener er verdt \u00e5 f\u00e5 med seg<br \/>\n&#8211; Er \u00e5pne for alle (medlemmer og ikke-medlemmer). Visningene er i samarbeid med Fram kino.<br \/>\n&#8211; Tidspunkt varierer og blir annonsert i avisa.<br \/>\n&#8211; Billettene selges av Fram kino til vanlige betingelser.<br \/>\n&#8211; <span style=\"text-decoration: underline;\">Filmklubbmedlemmer f\u00e5r rabatt ved fremvisning av medlemsbevis<\/span>.<br \/>\n&#8211; Rabatten gjelder s\u00e5 lenge filmene vises av Fram kino (det vil si, ikke bare torsdagen)<\/p>\n","protected":false},"excerpt":{"rendered":"<p>&#8211; Her vises det aktuelle kinofilmer som vi mener er verdt \u00e5 f\u00e5 med seg &#8211; Er \u00e5pne for alle (medlemmer og ikke-medlemmer). Visningene er i samarbeid med Fram kino. &#8211; Tidspunkt varierer og blir annonsert i avisa. &#8211; Billettene selges av Fram kino til vanlige betingelser. &#8211; Filmklubbmedlemmer f\u00e5r rabatt ved fremvisning av medlemsbevis. [&hellip;]<\/p>\n","protected":false},"author":2,"featured_media":0,"parent":0,"menu_order":0,"comment_status":"closed","ping_status":"open","template":"","meta":{"footnotes":""},"class_list":["post-598","page","type-page","status-publish","hentry"],"_links":{"self":[{"href":"https:\/\/www.bodofilmklubb.no\/index.php\/wp-json\/wp\/v2\/pages\/598","targetHints":{"allow":["GET"]}}],"collection":[{"href":"https:\/\/www.bodofilmklubb.no\/index.php\/wp-json\/wp\/v2\/pages"}],"about":[{"href":"https:\/\/www.bodofilmklubb.no\/index.php\/wp-json\/wp\/v2\/types\/page"}],"author":[{"embeddable":true,"href":"https:\/\/www.bodofilmklubb.no\/index.php\/wp-json\/wp\/v2\/users\/2"}],"replies":[{"embeddable":true,"href":"https:\/\/www.bodofilmklubb.no\/index.php\/wp-json\/wp\/v2\/comments?post=598"}],"version-history":[{"count":4,"href":"https:\/\/www.bodofilmklubb.no\/index.php\/wp-json\/wp\/v2\/pages\/598\/revisions"}],"predecessor-version":[{"id":2460,"href":"https:\/\/www.bodofilmklubb.no\/index.php\/wp-json\/wp\/v2\/pages\/598\/revisions\/2460"}],"wp:attachment":[{"href":"https:\/\/www.bodofilmklubb.no\/index.php\/wp-json\/wp\/v2\/media?parent=598"}],"curies":[{"name":"wp","href":"https:\/\/api.w.org\/{rel}","templated":true}]}}