{"id":605,"date":"2012-01-25T19:02:27","date_gmt":"2012-01-25T17:02:27","guid":{"rendered":"http:\/\/www.bodofilmklubb.no\/?page_id=605"},"modified":"2012-01-25T19:04:12","modified_gmt":"2012-01-25T17:04:12","slug":"lolita","status":"publish","type":"page","link":"https:\/\/www.bodofilmklubb.no\/index.php\/lolita\/","title":{"rendered":"Lolita"},"content":{"rendered":"<p><a href=\"http:\/\/outnow.ch\/Media\/Movies\/Covers\/2\/3\/193\/0056193_med.jpg\"><img loading=\"lazy\" decoding=\"async\" class=\"alignnone\" title=\"Lolita\" src=\"http:\/\/outnow.ch\/Media\/Movies\/Covers\/2\/3\/193\/0056193_med.jpg\" alt=\"\" width=\"112\" height=\"170\" \/><\/a><br \/>\nRegi: Stanley Kubrick<br \/>\nMed: James Mason, Sue Lyon<br \/>\nLand: USA 1962<br \/>\nSpr\u00e5k: engelsk, med norske tekster<br \/>\nLengde:\u00a0 2 t 32 min<br \/>\nLisens\/Format: Norwegian Film AS\/BluRay<\/p>\n<p><strong>F\u00f8rste film ut i v\u00e5r lille Kubrick retrospektiv<\/strong><\/p>\n<p>Filmen er bygget p\u00e5 boken av Vladimir Nabokov med samme navn og er Stanley Kubricks sjette film. Den skildrer en middelaldrende mann (James Mason) som tiltrekkes av sm\u00e5jenter. Humbert Humbert er en britisk professor i fransk litteratur som flytter til en liten amerikansk by for \u00e5 undervise. Han gifter seg med sin husvertinne for \u00e5 v\u00e6re i n\u00e6rheten av hennes fjorten \u00e5r gamle datter Lolita.<br \/>\nHumbert f\u00e5r imidlertid uventet motstand i rivalen Clare Quilty (Peter Sellers) som dukker opp overalt og er like oppslukt av ten\u00e5ringsjenta som ham selv.<br \/>\nKubrick leker med temaet seksuell besettelse i denne svarte komedien, ett tema han f\u00f8lger opp 37 \u00e5r seinere i Eyes Wide Shut.<br \/>\n(Kilde: Filmweb.no og filmsite.org)<\/p>\n<p><a href=\"http:\/\/www.youtube.com\/watch?v=zRVqgvW8100\">Trailer<\/a><\/p>\n","protected":false},"excerpt":{"rendered":"<p>Regi: Stanley Kubrick Med: James Mason, Sue Lyon Land: USA 1962 Spr\u00e5k: engelsk, med norske tekster Lengde:\u00a0 2 t 32 min Lisens\/Format: Norwegian Film AS\/BluRay F\u00f8rste film ut i v\u00e5r lille Kubrick retrospektiv Filmen er bygget p\u00e5 boken av Vladimir Nabokov med samme navn og er Stanley Kubricks sjette film. Den skildrer en middelaldrende mann [&hellip;]<\/p>\n","protected":false},"author":2,"featured_media":0,"parent":0,"menu_order":0,"comment_status":"open","ping_status":"open","template":"","meta":{"footnotes":""},"class_list":["post-605","page","type-page","status-publish","hentry"],"_links":{"self":[{"href":"https:\/\/www.bodofilmklubb.no\/index.php\/wp-json\/wp\/v2\/pages\/605","targetHints":{"allow":["GET"]}}],"collection":[{"href":"https:\/\/www.bodofilmklubb.no\/index.php\/wp-json\/wp\/v2\/pages"}],"about":[{"href":"https:\/\/www.bodofilmklubb.no\/index.php\/wp-json\/wp\/v2\/types\/page"}],"author":[{"embeddable":true,"href":"https:\/\/www.bodofilmklubb.no\/index.php\/wp-json\/wp\/v2\/users\/2"}],"replies":[{"embeddable":true,"href":"https:\/\/www.bodofilmklubb.no\/index.php\/wp-json\/wp\/v2\/comments?post=605"}],"version-history":[{"count":2,"href":"https:\/\/www.bodofilmklubb.no\/index.php\/wp-json\/wp\/v2\/pages\/605\/revisions"}],"predecessor-version":[{"id":607,"href":"https:\/\/www.bodofilmklubb.no\/index.php\/wp-json\/wp\/v2\/pages\/605\/revisions\/607"}],"wp:attachment":[{"href":"https:\/\/www.bodofilmklubb.no\/index.php\/wp-json\/wp\/v2\/media?parent=605"}],"curies":[{"name":"wp","href":"https:\/\/api.w.org\/{rel}","templated":true}]}}