{"id":608,"date":"2012-01-25T19:08:22","date_gmt":"2012-01-25T17:08:22","guid":{"rendered":"http:\/\/www.bodofilmklubb.no\/?page_id=608"},"modified":"2012-01-25T19:08:22","modified_gmt":"2012-01-25T17:08:22","slug":"2001-en-romodysse","status":"publish","type":"page","link":"https:\/\/www.bodofilmklubb.no\/index.php\/2001-en-romodysse\/","title":{"rendered":"2001 &#8211; En romodyss\u00e9"},"content":{"rendered":"<p><a href=\"http:\/\/outnow.ch\/Media\/Movies\/Bilder\/1968\/2001\/dvd-film.ws\/14.jpg\"><img loading=\"lazy\" decoding=\"async\" class=\"alignnone\" title=\"2001\" src=\"http:\/\/outnow.ch\/Media\/Movies\/Bilder\/1968\/2001\/dvd-film.ws\/14.jpg\" alt=\"\" width=\"323\" height=\"181\" \/><\/a><\/p>\n<p>Regi: Stanley Kubrick<br \/>\nMed: Keir Duella, Gary Lockwood, Douglas Rain<br \/>\nLand: UK 1968<br \/>\nSpr\u00e5k: engelsk, med norske tekster<br \/>\nLengde:\u00a0 2 t 23 min<br \/>\nLisens\/Format: Norwegian Film AS\/BluRay<\/p>\n<p><strong>Filmhistoriens viktigste science-fiction film<\/strong><br \/>\nStanley Kubricks film 2001 \u2013 A space Odyssey imponerte stort da den f\u00f8rst ble vist p\u00e5 kino i 1968 og mer enn f\u00f8rti \u00e5r etter at den f\u00f8rst kom ut er den fremdeles like storslagen: Filmen, som er basert p\u00e5 en novelle av Arthur C. Clarke, har for lenge siden f\u00e5tt klassikerstempelet, og det er ikke vanskelig \u00e5 forst\u00e5 hvorfor.<br \/>\nFilmen tar utgangspunkt i menneskehetens barndom, den gangen vi ikke var noe annet enn apeliknende flokkdyr som levde p\u00e5 Afrikas sletter. Vi f\u00f8lger en gruppe av v\u00e5re forfedre i deres kamp for tilv\u00e6relsen, inntil det en dag st\u00e5r en svart rektangul\u00e6r monolitt midt iblant dem. P\u00e5 en underfundig m\u00e5te gir dette dem et aldri s\u00e5 lite evolusjonsmessig spark i baken, og plutselig forst\u00e5r disse skapningene hvordan de kan bruke knokler som redskap og v\u00e5pen for \u00e5 drepe andre dyr, en kunnskap som gav st\u00f8tet til hele den menneskelige sivilisasjon. Mange tusen \u00e5r senere gj\u00f8r en gruppe amerikanske forskere en fantastisk oppdagelse p\u00e5 m\u00e5nen i form av en tilsvarende monolitt som ligger begravd i sanden. Mens de unders\u00f8ker denne steinen sender de n uten forvarsel et radiosignal til Jupiter, noe som f\u00f8rer til at romskipet Discovery blir sendt ut p\u00e5 en ekspedisjon til denne planeten.<br \/>\nEtter hvert oppst\u00e5r det problemer, ikke minst p\u00e5 grunn av den avanserte datamaskinen HAL 9000 som styrer alle systemene om bord. HAL har gradvis utviklet sin egen personlighet og n\u00e5r den en dag beg\u00e5r en feil ser den ikke noen annen utvei enn \u00e5 drepe mannskapet for \u00e5 dekke over fadesen. Til tross for dette n\u00e5r astronauten Dave Bowman frem til Jupiter hvor en ny monolitt venter\u2026..<br \/>\nHovedpersonen i filmen er p\u00e5 mange m\u00e5ter HAL som vi etter hvert f\u00e5r et forhold til, til tross for at den ikke er representert med noe annet enn en r\u00f8d lampe p\u00e5 veggen.\u00a0 HAL er den eneste av mannskapet som viser noen menneskelige trekk, mens skuespillerne bare i liten grad gir utrykk for f\u00f8lelser, slik at det er vanskelig \u00e5 identifisere seg med dem. Det er seks personer om bord i Discovery, men det er bare to av dem som er v\u00e5kne. De andre tilbringer ferden til Jupiter sovende.<br \/>\nDe siste f\u00f8rti \u00e5rene har verden kommet atskillig lenger p\u00e5 spesialeffekt-fronten enn det vi ser i denne filmen, selv om Douglas Trumbull nok imponerte mange da filmen kom ut i 1968. Kubrick har ogs\u00e5 brukt sine egne virkemidler. Stikk i strid med det som er vanlig i andre science- fiction filmer er verdensrommet et lydl\u00f8st sted og regiss\u00f8ren har p\u00e5 en utmerket m\u00e5te brukt dette som et stemningsskapende element.<\/p>\n<p><a href=\"http:\/\/www.youtube.com\/watch?v=E8TABIFAN4o&amp;feature=related\">Trailer<\/a><\/p>\n","protected":false},"excerpt":{"rendered":"<p>Regi: Stanley Kubrick Med: Keir Duella, Gary Lockwood, Douglas Rain Land: UK 1968 Spr\u00e5k: engelsk, med norske tekster Lengde:\u00a0 2 t 23 min Lisens\/Format: Norwegian Film AS\/BluRay Filmhistoriens viktigste science-fiction film Stanley Kubricks film 2001 \u2013 A space Odyssey imponerte stort da den f\u00f8rst ble vist p\u00e5 kino i 1968 og mer enn f\u00f8rti \u00e5r [&hellip;]<\/p>\n","protected":false},"author":2,"featured_media":0,"parent":0,"menu_order":0,"comment_status":"open","ping_status":"open","template":"","meta":{"footnotes":""},"class_list":["post-608","page","type-page","status-publish","hentry"],"_links":{"self":[{"href":"https:\/\/www.bodofilmklubb.no\/index.php\/wp-json\/wp\/v2\/pages\/608","targetHints":{"allow":["GET"]}}],"collection":[{"href":"https:\/\/www.bodofilmklubb.no\/index.php\/wp-json\/wp\/v2\/pages"}],"about":[{"href":"https:\/\/www.bodofilmklubb.no\/index.php\/wp-json\/wp\/v2\/types\/page"}],"author":[{"embeddable":true,"href":"https:\/\/www.bodofilmklubb.no\/index.php\/wp-json\/wp\/v2\/users\/2"}],"replies":[{"embeddable":true,"href":"https:\/\/www.bodofilmklubb.no\/index.php\/wp-json\/wp\/v2\/comments?post=608"}],"version-history":[{"count":2,"href":"https:\/\/www.bodofilmklubb.no\/index.php\/wp-json\/wp\/v2\/pages\/608\/revisions"}],"predecessor-version":[{"id":610,"href":"https:\/\/www.bodofilmklubb.no\/index.php\/wp-json\/wp\/v2\/pages\/608\/revisions\/610"}],"wp:attachment":[{"href":"https:\/\/www.bodofilmklubb.no\/index.php\/wp-json\/wp\/v2\/media?parent=608"}],"curies":[{"name":"wp","href":"https:\/\/api.w.org\/{rel}","templated":true}]}}