{"id":611,"date":"2012-01-25T19:15:20","date_gmt":"2012-01-25T17:15:20","guid":{"rendered":"http:\/\/www.bodofilmklubb.no\/?page_id=611"},"modified":"2012-01-25T19:16:52","modified_gmt":"2012-01-25T17:16:52","slug":"pauline-pa-stranden","status":"publish","type":"page","link":"https:\/\/www.bodofilmklubb.no\/index.php\/pauline-pa-stranden\/","title":{"rendered":"Pauline p\u00e5 stranden"},"content":{"rendered":"<p><a href=\"http:\/\/www.postermandan.com\/images\/paulineB.jpg\"><img loading=\"lazy\" decoding=\"async\" class=\"alignnone\" title=\"Pauline p\u00e5 stranden\" src=\"http:\/\/www.postermandan.com\/images\/paulineB.jpg\" alt=\"\" width=\"272\" height=\"206\" \/><\/a><\/p>\n<p>Originaltittel: Pauline \u00e0 la plage<br \/>\nRegi: Eric Rohmer<br \/>\nSkuespillere: Amanda Langlet, Arielle Dombasle, Pascal Greggory, F\u00e9odor Atkine<br \/>\nNasjonalitet: Frankrike, 1983<br \/>\nSpr\u00e5k: Fransk \/Engelsk<br \/>\nLengde: 1 t 35 min<br \/>\nUtleie\/Format: Norsk Filminstitutt \/DCP<\/p>\n<p><strong>Allerede en klassiker: Rohmer film fra 1983<\/strong><br \/>\nP\u00e5 1980-tallet laget Eric Rohmer en serie p\u00e5 seks filmer under fellesbetegnelsen \u201dKomedier og ordspr\u00e5k\u201d, og av disse ble Pauline p\u00e5 stranden en av hans st\u00f8rste suksesser. Her fortsetter han sin insisterende uforsking av hverdagslige forhold mellom mennesker, s\u00e6rlig i erotikk og kj\u00e6rlighet, i minimalistiske historier med mye dialog og lite p\u00e5lagt dramatikk.<br \/>\nOrdspr\u00e5ket som st\u00e5r som motto for Pauline p\u00e5 stranden er: \u201dQui trop parole, il se mesfait\u201d &#8211;\u00a0 den som snakker for mye, gj\u00f8r seg selv en bj\u00f8rnetjeneste. Dette illustreres perfekt i denne enkle, men likevel sv\u00e6rt s\u00e5 filmatiske historien fra de vakre strendene i Normandie. Og som s\u00e5 ofte hos Rohmer, med de voksnes bedrag og selvbedrag satt opp mot ungdommelige muligheter.<br \/>\nTen\u00e5ringsjenta Pauline tilbringer ferien sammen med sin eldre, nylig fraskilte kusine, Marion. Marion blir involvert i et lite trekantdrama, mens 15 \u00e5r gamle Pauline er iakttaker til det hele. Selv opplever hun sin f\u00f8rste forelskelse med den jevnaldrende Sylvian. Som alltid hos Rohmer handler det om erotikk og kj\u00e6rlighet, om de intrikate mekanismene mellom mennesker og med de unge som et h\u00e5p om \u00e5 komme i all fall litt videre i erkjennelse og \u00e6rlighet.<br \/>\nRohmer fikk S\u00f8lvbj\u00f8rnen for beste regi og kritikerprisen p\u00e5 filmfestivalen i Berlin i 1983.<\/p>\n<p>fransk <a href=\"http:\/\/www.youtube.com\/watch?v=iCjGE43l_2E\">trailer<\/a><\/p>\n","protected":false},"excerpt":{"rendered":"<p>Originaltittel: Pauline \u00e0 la plage Regi: Eric Rohmer Skuespillere: Amanda Langlet, Arielle Dombasle, Pascal Greggory, F\u00e9odor Atkine Nasjonalitet: Frankrike, 1983 Spr\u00e5k: Fransk \/Engelsk Lengde: 1 t 35 min Utleie\/Format: Norsk Filminstitutt \/DCP Allerede en klassiker: Rohmer film fra 1983 P\u00e5 1980-tallet laget Eric Rohmer en serie p\u00e5 seks filmer under fellesbetegnelsen \u201dKomedier og ordspr\u00e5k\u201d, og [&hellip;]<\/p>\n","protected":false},"author":2,"featured_media":0,"parent":0,"menu_order":0,"comment_status":"open","ping_status":"open","template":"","meta":{"footnotes":""},"class_list":["post-611","page","type-page","status-publish","hentry"],"_links":{"self":[{"href":"https:\/\/www.bodofilmklubb.no\/index.php\/wp-json\/wp\/v2\/pages\/611","targetHints":{"allow":["GET"]}}],"collection":[{"href":"https:\/\/www.bodofilmklubb.no\/index.php\/wp-json\/wp\/v2\/pages"}],"about":[{"href":"https:\/\/www.bodofilmklubb.no\/index.php\/wp-json\/wp\/v2\/types\/page"}],"author":[{"embeddable":true,"href":"https:\/\/www.bodofilmklubb.no\/index.php\/wp-json\/wp\/v2\/users\/2"}],"replies":[{"embeddable":true,"href":"https:\/\/www.bodofilmklubb.no\/index.php\/wp-json\/wp\/v2\/comments?post=611"}],"version-history":[{"count":2,"href":"https:\/\/www.bodofilmklubb.no\/index.php\/wp-json\/wp\/v2\/pages\/611\/revisions"}],"predecessor-version":[{"id":613,"href":"https:\/\/www.bodofilmklubb.no\/index.php\/wp-json\/wp\/v2\/pages\/611\/revisions\/613"}],"wp:attachment":[{"href":"https:\/\/www.bodofilmklubb.no\/index.php\/wp-json\/wp\/v2\/media?parent=611"}],"curies":[{"name":"wp","href":"https:\/\/api.w.org\/{rel}","templated":true}]}}