{"id":614,"date":"2012-01-25T19:28:28","date_gmt":"2012-01-25T17:28:28","guid":{"rendered":"http:\/\/www.bodofilmklubb.no\/?page_id=614"},"modified":"2012-02-02T21:21:30","modified_gmt":"2012-02-02T19:21:30","slug":"whats-up-doc","status":"publish","type":"page","link":"https:\/\/www.bodofilmklubb.no\/index.php\/whats-up-doc\/","title":{"rendered":"What&#8217;s up, Doc?"},"content":{"rendered":"<p><a href=\"http:\/\/outnow.ch\/Media\/Movies\/Bilder\/1972\/WhatsUpDoc\/movie.fs\/01.jpg\"><img loading=\"lazy\" decoding=\"async\" class=\"alignnone\" title=\"Whats up, Doc?\" src=\"http:\/\/outnow.ch\/Media\/Movies\/Bilder\/1972\/WhatsUpDoc\/movie.fs\/01.jpg\" alt=\"\" width=\"327\" height=\"219\" \/><\/a><\/p>\n<p>Regi: Peter Bogdanovich<br \/>\nSkuespillere: Ryan O\u2019Neal, Barbra Streisand<br \/>\nNasjonalitet: USA 1972<br \/>\nSpr\u00e5k: Engelsk \u2013 med norske tekster<br \/>\nLengde: 1 t 34 min<br \/>\nLisens\/Format: Norwegian Film AS\/BluRay<\/p>\n<p><strong>Heseblesende screwballkomedie fra 1972<\/strong><br \/>\nScrewballkomedien er i utgangspunkt en sjanger som hadde et kort og heftig liv p\u00e5 1930-tallet. De sofistikerte og intelligente komediene hadde ofte sterke kvinnefigurer (gjerne Katherine Hepburn) og utrolig morsomme og spydige dialoger. Tempoet var ogs\u00e5 helt opp i hundre!<br \/>\nPeter Bogdanovich er en av de f\u00e5 som klarte \u00e5 lage en moderne hommage til sjangeren, som, p\u00e5 egne premisser, klarer og matche kvaliteten av de beste komediene fra 1930-tallet. Filmen er nok dessverre litt for lite kjent, men hos oss vil du f\u00e5 sjansen \u00e5 oppdage en av de flotteste komediene som er laget!<br \/>\nBarbra Steisand (la Nose) har hovedrollen som sjarmerende rotehode som p\u00e5 grundig vis endevender livet til den mer en bare litt nerdete musikkprofessoren Howard Bannister. Eller hvordan ville du kalle en musikkprofessor som forsker p\u00e5 steinenes musikalske egenskaper? Bannister, spilt av Ryan O\u2019Neal (som du ogs\u00e5 kan se i v\u00e5r neste l\u00f8rdagsfilm <em>Barry Lyndon<\/em>), er selvf\u00f8lgelig sjansel\u00f8s mot Streisands karakter. Fire like reisebager st\u00e5r for mye av forvirringen i filmen, ikke minst da de inneholder s\u00e5 forskjellige ting som stj\u00e5lne smykker, strengt hemmelige dokumenter, musikalske steiner og \u2013 ja \u2013 kl\u00e6r. Hvem som til en hver tid har hvilken bag er ikke s\u00e5 lett \u00e5 si\u2026<br \/>\nDet hele ender opp i en av de virkelig morsomste forf\u00f8lgelsesjaktene i hele filmhistorien. Noe som du burde ha sett minst \u00e9n gang!<br \/>\nMB<\/p>\n<p><a href=\"http:\/\/www.youtube.com\/watch?v=jY491fCK6UY\">Trailer<\/a><\/p>\n","protected":false},"excerpt":{"rendered":"<p>Regi: Peter Bogdanovich Skuespillere: Ryan O\u2019Neal, Barbra Streisand Nasjonalitet: USA 1972 Spr\u00e5k: Engelsk \u2013 med norske tekster Lengde: 1 t 34 min Lisens\/Format: Norwegian Film AS\/BluRay Heseblesende screwballkomedie fra 1972 Screwballkomedien er i utgangspunkt en sjanger som hadde et kort og heftig liv p\u00e5 1930-tallet. De sofistikerte og intelligente komediene hadde ofte sterke kvinnefigurer (gjerne [&hellip;]<\/p>\n","protected":false},"author":2,"featured_media":0,"parent":0,"menu_order":0,"comment_status":"open","ping_status":"open","template":"","meta":{"footnotes":""},"class_list":["post-614","page","type-page","status-publish","hentry"],"_links":{"self":[{"href":"https:\/\/www.bodofilmklubb.no\/index.php\/wp-json\/wp\/v2\/pages\/614","targetHints":{"allow":["GET"]}}],"collection":[{"href":"https:\/\/www.bodofilmklubb.no\/index.php\/wp-json\/wp\/v2\/pages"}],"about":[{"href":"https:\/\/www.bodofilmklubb.no\/index.php\/wp-json\/wp\/v2\/types\/page"}],"author":[{"embeddable":true,"href":"https:\/\/www.bodofilmklubb.no\/index.php\/wp-json\/wp\/v2\/users\/2"}],"replies":[{"embeddable":true,"href":"https:\/\/www.bodofilmklubb.no\/index.php\/wp-json\/wp\/v2\/comments?post=614"}],"version-history":[{"count":3,"href":"https:\/\/www.bodofilmklubb.no\/index.php\/wp-json\/wp\/v2\/pages\/614\/revisions"}],"predecessor-version":[{"id":627,"href":"https:\/\/www.bodofilmklubb.no\/index.php\/wp-json\/wp\/v2\/pages\/614\/revisions\/627"}],"wp:attachment":[{"href":"https:\/\/www.bodofilmklubb.no\/index.php\/wp-json\/wp\/v2\/media?parent=614"}],"curies":[{"name":"wp","href":"https:\/\/api.w.org\/{rel}","templated":true}]}}