{"id":617,"date":"2012-01-25T19:34:55","date_gmt":"2012-01-25T17:34:55","guid":{"rendered":"http:\/\/www.bodofilmklubb.no\/?page_id=617"},"modified":"2012-01-25T19:34:55","modified_gmt":"2012-01-25T17:34:55","slug":"barry-lyndon","status":"publish","type":"page","link":"https:\/\/www.bodofilmklubb.no\/index.php\/barry-lyndon\/","title":{"rendered":"Barry Lyndon"},"content":{"rendered":"<p><a href=\"http:\/\/ecx.images-amazon.com\/images\/I\/41NS35HY2ZL._SL500_AA300_.jpg\"><img loading=\"lazy\" decoding=\"async\" class=\"alignnone\" title=\"Barry Lyndon\" src=\"http:\/\/ecx.images-amazon.com\/images\/I\/41NS35HY2ZL._SL500_AA300_.jpg\" alt=\"\" width=\"224\" height=\"224\" \/><\/a><\/p>\n<p>Originaltittel: Barry Lyndon<br \/>\nRegi: Stanley Kubrick<br \/>\nSkuespillere: Ryan O&#8217;Neal, Marina Berenson, Patrick Magee, Steven Berkoff, m.fl.<br \/>\nNasjonalitet: UK\u00a0 1975<br \/>\nSpr\u00e5k: engelsk med norske tekster<br \/>\nLengde: 3 t 5 min<br \/>\nLisens\/Format: Norwegian Film AS\/BluRay<\/p>\n<p><strong>Kubricks ber\u00f8mte kostymedrama<\/strong><br \/>\nHvordan blir en ung irsk mann, uten framtidsutsikter, medlem av 1700-tallets britiske adel? Svaret for Barry Lyndon er \u00e5 bruke alle mulige metoder. Han er lykkejeger, duellist, vagabond, soldat i 7-\u00e5rskrigen, spion, gambler. Han spiller alle disse rollene for \u00e5 oppn\u00e5 rikdom og ber\u00f8mmelse.<br \/>\nKubrick er kjent for \u00e5 v\u00e6re perfeksjonist til fingertuppene. Denne filmen er intet unntak. For \u00e5 gjenskape stemningen fra det 18. \u00e5rhundre, er alle scenene innspilt med kun naturlig lys. Innend\u00f8rsscenene er innspilt med stearinlys som lyskilde. Dette krevde bruk av en spesialkonstruert linse, designet for NASA. Filmen fikk ogs\u00e5 Oscar for fotografi i tillegg til scenografi, kostymer og musikk. Den var ogs\u00e5 nominert til kategoriene beste film, regi og tilrettelagte manus.<\/p>\n<p><a href=\"http:\/\/www.youtube.com\/watch?v=j73waUR1Uiw&amp;feature=related\">Trailer<\/a><\/p>\n","protected":false},"excerpt":{"rendered":"<p>Originaltittel: Barry Lyndon Regi: Stanley Kubrick Skuespillere: Ryan O&#8217;Neal, Marina Berenson, Patrick Magee, Steven Berkoff, m.fl. Nasjonalitet: UK\u00a0 1975 Spr\u00e5k: engelsk med norske tekster Lengde: 3 t 5 min Lisens\/Format: Norwegian Film AS\/BluRay Kubricks ber\u00f8mte kostymedrama Hvordan blir en ung irsk mann, uten framtidsutsikter, medlem av 1700-tallets britiske adel? Svaret for Barry Lyndon er \u00e5 [&hellip;]<\/p>\n","protected":false},"author":2,"featured_media":0,"parent":0,"menu_order":0,"comment_status":"open","ping_status":"open","template":"","meta":{"footnotes":""},"class_list":["post-617","page","type-page","status-publish","hentry"],"_links":{"self":[{"href":"https:\/\/www.bodofilmklubb.no\/index.php\/wp-json\/wp\/v2\/pages\/617","targetHints":{"allow":["GET"]}}],"collection":[{"href":"https:\/\/www.bodofilmklubb.no\/index.php\/wp-json\/wp\/v2\/pages"}],"about":[{"href":"https:\/\/www.bodofilmklubb.no\/index.php\/wp-json\/wp\/v2\/types\/page"}],"author":[{"embeddable":true,"href":"https:\/\/www.bodofilmklubb.no\/index.php\/wp-json\/wp\/v2\/users\/2"}],"replies":[{"embeddable":true,"href":"https:\/\/www.bodofilmklubb.no\/index.php\/wp-json\/wp\/v2\/comments?post=617"}],"version-history":[{"count":1,"href":"https:\/\/www.bodofilmklubb.no\/index.php\/wp-json\/wp\/v2\/pages\/617\/revisions"}],"predecessor-version":[{"id":618,"href":"https:\/\/www.bodofilmklubb.no\/index.php\/wp-json\/wp\/v2\/pages\/617\/revisions\/618"}],"wp:attachment":[{"href":"https:\/\/www.bodofilmklubb.no\/index.php\/wp-json\/wp\/v2\/media?parent=617"}],"curies":[{"name":"wp","href":"https:\/\/api.w.org\/{rel}","templated":true}]}}