{"id":619,"date":"2012-01-25T19:39:24","date_gmt":"2012-01-25T17:39:24","guid":{"rendered":"http:\/\/www.bodofilmklubb.no\/?page_id=619"},"modified":"2012-01-25T19:39:24","modified_gmt":"2012-01-25T17:39:24","slug":"med-hjertet-i-halsen","status":"publish","type":"page","link":"https:\/\/www.bodofilmklubb.no\/index.php\/med-hjertet-i-halsen\/","title":{"rendered":"Med hjertet i halsen"},"content":{"rendered":"<p><a href=\"http:\/\/outnow.ch\/Media\/Movies\/Covers\/2\/5\/125\/0053125_med.jpg\"><img loading=\"lazy\" decoding=\"async\" class=\"alignnone\" title=\"Med hjertet i halsen\" src=\"http:\/\/outnow.ch\/Media\/Movies\/Covers\/2\/5\/125\/0053125_med.jpg\" alt=\"\" width=\"114\" height=\"161\" \/><\/a><\/p>\n<p>Originaltittel: North by Northwest<br \/>\nRegi: Alfred Hitchcock<br \/>\nSkuespillere: Cary Grant, James Mason, Eva Marie Saint<br \/>\nNasjonalitet: USA 1959<br \/>\nSpr\u00e5k: Engelsk \u2013 med norske tekster<br \/>\nLengde: 2 t 10 min<br \/>\nLisens\/Format: Norwegian Film AS\/BluRay<\/p>\n<p><strong>Den perfekte underholdningsfilmen<\/strong><br \/>\nReklamemannen Roger Thornhill (Cary Grant) har eget firma og suksess b\u00e5de hos kvinnene og i jobben. Ved et uhell blir han blandet inn i et spill p\u00e5 liv og d\u00f8d. En utenlands spionorganisasjon forveksler Thornhill med en amerikansk agent som er etter dem. N\u00e5 er de etter Thornhill og hans eneste sjanse er selv \u00e5 finne den amerikanske agenten f\u00f8r spionene f\u00e5r tak i ham.<br \/>\nForvekslingen og den mystiske amerikanske agenten Kaplan er et typisk Hitchcock grep: De setter handlingen i gang og f\u00f8rer b\u00e5de Cary Grant og oss fra spenningsmoment til spenningsmoment. P\u00e5 1950-tallet var Hitchcock p\u00e5 h\u00f8yden av sin kunst. Med hjelp av et flott manus og Bernard Herrmanns fantastiske filmmusikk er Med hjertet i halen den kanskje mest perfekte av Hitchcocks filmer. Og i bunn og grunn den prototypiske Hollywood-underholdningsfilmen.<br \/>\nCary Grant er et perfekt valg i hovedrollen. Han balanserer action med humor i spillet sitt og er ikke uten grunn et av de aller st\u00f8rste navnene i Hollywoodhistorien.<br \/>\nFor f\u00f8rste gang kan vi vise en Hitchcockfilm i filmklubben. Det var p\u00e5 tide!<br \/>\nMB<\/p>\n<p><a href=\"http:\/\/www.youtube.com\/watch?v=HRfmTpmIUwo\">Trailer<\/a> &#8211; presentert av Hitchcock himself!<\/p>\n","protected":false},"excerpt":{"rendered":"<p>Originaltittel: North by Northwest Regi: Alfred Hitchcock Skuespillere: Cary Grant, James Mason, Eva Marie Saint Nasjonalitet: USA 1959 Spr\u00e5k: Engelsk \u2013 med norske tekster Lengde: 2 t 10 min Lisens\/Format: Norwegian Film AS\/BluRay Den perfekte underholdningsfilmen Reklamemannen Roger Thornhill (Cary Grant) har eget firma og suksess b\u00e5de hos kvinnene og i jobben. Ved et uhell [&hellip;]<\/p>\n","protected":false},"author":2,"featured_media":0,"parent":0,"menu_order":0,"comment_status":"open","ping_status":"open","template":"","meta":{"footnotes":""},"class_list":["post-619","page","type-page","status-publish","hentry"],"_links":{"self":[{"href":"https:\/\/www.bodofilmklubb.no\/index.php\/wp-json\/wp\/v2\/pages\/619","targetHints":{"allow":["GET"]}}],"collection":[{"href":"https:\/\/www.bodofilmklubb.no\/index.php\/wp-json\/wp\/v2\/pages"}],"about":[{"href":"https:\/\/www.bodofilmklubb.no\/index.php\/wp-json\/wp\/v2\/types\/page"}],"author":[{"embeddable":true,"href":"https:\/\/www.bodofilmklubb.no\/index.php\/wp-json\/wp\/v2\/users\/2"}],"replies":[{"embeddable":true,"href":"https:\/\/www.bodofilmklubb.no\/index.php\/wp-json\/wp\/v2\/comments?post=619"}],"version-history":[{"count":1,"href":"https:\/\/www.bodofilmklubb.no\/index.php\/wp-json\/wp\/v2\/pages\/619\/revisions"}],"predecessor-version":[{"id":620,"href":"https:\/\/www.bodofilmklubb.no\/index.php\/wp-json\/wp\/v2\/pages\/619\/revisions\/620"}],"wp:attachment":[{"href":"https:\/\/www.bodofilmklubb.no\/index.php\/wp-json\/wp\/v2\/media?parent=619"}],"curies":[{"name":"wp","href":"https:\/\/api.w.org\/{rel}","templated":true}]}}