{"id":651,"date":"2012-09-16T14:45:00","date_gmt":"2012-09-16T12:45:00","guid":{"rendered":"http:\/\/www.bodofilmklubb.no\/?page_id=651"},"modified":"2012-09-17T17:33:14","modified_gmt":"2012-09-17T15:33:14","slug":"the-guard","status":"publish","type":"page","link":"https:\/\/www.bodofilmklubb.no\/index.php\/the-guard\/","title":{"rendered":"The Guard"},"content":{"rendered":"<p class=\"MsoNormal\"><strong>Regi:<\/strong> John Michael McDonagh<br \/>\n<strong>Skuespillere:<\/strong> Brendan Gleeson, Don Cheadle<br \/>\n<strong>Nasjonalitet<\/strong>: Irland 2011<br \/>\n<strong>Spr\u00e5k:<\/strong> Engelsk \u2013 med norske tekster<br \/>\n<strong>Lengde:<\/strong> 1 t 36 min<br \/>\n<strong>Lisens\/Format<\/strong>: Norwegian Film AS\/BluRay<\/p>\n<p class=\"MsoNormal\"><strong style=\"mso-bidi-font-weight: normal;\"><em style=\"mso-bidi-font-style: normal;\">Bad Lieutenant<\/em> med irsk vri<\/strong><\/p>\n<p class=\"MsoNormal\">Gerry Boyle er politimann i en liten irsktalende by p\u00e5 Irlands vestkyst, hvor menneskene er ordknappe, v\u00e6ret er gr\u00e5tt, og tiden g\u00e5r s\u00e5 sakte at det er tvilsomt om tettstedet enn\u00e5 har maktet \u00e5 slepe seg inn i det enogtyvende \u00e5rhundre. Ut fra dette utgangspunkt skaper regiss\u00f8r John Michael McDonagh en vittig og overraskende actionkomedie. Det hele begynner n\u00e5r Gerry og hans ferske kollega en dag f\u00e5r en mordsak med okkulte overtoner i hendene. Deretter blir den forbl\u00e5ste kystbyen deres sentrum for en samarbeidsoperasjon med FBI i forbindelse med en forest\u00e5ende smugling av store mengder kokain. Det er med andre ord duket for kulturkr\u00e6sj, action og en rekke h\u00f8yst originale etterforskningsmetoder.<\/p>\n<p class=\"MsoNormal\">Hovedtrekkplasteret i <em style=\"mso-bidi-font-style: normal;\">The Guard<\/em> er utvilsomt Brendan Gleeson, som spiller rollen som Gerry med en blanding av humor og uutgrunnelig stoisisme som er en ren fryd \u00e5 biv\u00e5ne. Samspillet med Don Cheadle i rollen som FBI-agenten Wendell Everett sitter ogs\u00e5 som st\u00f8pt, og hele veien mot filmens klimaks blir publikum i likhet med Everett sittende og lure: Er Gerry veldig dum \u2013 eller er han veldig, veldig smart?<\/p>\n<p class=\"MsoNormal\">(omtale fra Bergen Internasjonale Filmfestival 2011)<\/p>\n<p class=\"MsoNormal\"><a href=\"http:\/\/www.youtube.com\/watch?v=tKU_9PlNomk&amp;feature=fvst\">Trailer<\/a><\/p>\n<p><!--[if gte mso 10]>\n<mce:style><!   \/* Style Definitions *\/  table.MsoNormalTable \t{mso-style-name:\"Vanlig tabell\"; \tmso-tstyle-rowband-size:0; \tmso-tstyle-colband-size:0; \tmso-style-noshow:yes; \tmso-style-priority:99; \tmso-style-qformat:yes; \tmso-style-parent:\"\"; \tmso-padding-alt:0cm 5.4pt 0cm 5.4pt; \tmso-para-margin-top:0cm; \tmso-para-margin-right:0cm; \tmso-para-margin-bottom:10.0pt; \tmso-para-margin-left:0cm; \tline-height:115%; \tmso-pagination:widow-orphan; \tfont-size:11.0pt; \tfont-family:\"Calibri\",\"sans-serif\"; \tmso-ascii-font-family:Calibri; \tmso-ascii-theme-font:minor-latin; \tmso-fareast-font-family:\"Times New Roman\"; \tmso-fareast-theme-font:minor-fareast; \tmso-hansi-font-family:Calibri; \tmso-hansi-theme-font:minor-latin; \tmso-bidi-font-family:\"Times New Roman\"; \tmso-bidi-theme-font:minor-bidi;}  >\n\n<! [endif]  >\n\n\n<p class=\"MsoNormal\"><strong style=\"mso-bidi-font-weight: normal;\" mce_style=\"mso-bidi-font-weight: normal;\">Regi:<\/strong> John Michael McDonagh\n<strong style=\"mso-bidi-font-weight: normal;\" mce_style=\"mso-bidi-font-weight: normal;\">Skuespillere:<\/strong> Brendan Gleeson, Don Cheadle\n<strong style=\"mso-bidi-font-weight: normal;\" mce_style=\"mso-bidi-font-weight: normal;\">Nasjonalitet<\/strong>: Irland 2011\n<strong style=\"mso-bidi-font-weight: normal;\" mce_style=\"mso-bidi-font-weight: normal;\">Spr\u00e5k:<\/strong> Engelsk \u2013 med norske tekster\n<strong style=\"mso-bidi-font-weight: normal;\" mce_style=\"mso-bidi-font-weight: normal;\">Lengde:<\/strong> 1 t 36 min\n<strong style=\"mso-bidi-font-weight: normal;\" mce_style=\"mso-bidi-font-weight: normal;\">Lisens\/Format<\/strong>: Norwegian Film AS\/BluRay\n\n\n\n<p class=\"MsoNormal\">\n\n\n<p class=\"MsoNormal\"><strong style=\"mso-bidi-font-weight: normal;\" mce_style=\"mso-bidi-font-weight: normal;\"><em style=\"mso-bidi-font-style: normal;\" mce_style=\"mso-bidi-font-style: normal;\">Bad Lieutenant<\/em> med irsk vri<\/strong><\/p>\n\n\n\n\n<p class=\"MsoNormal\">Gerry Boyle er politimann i en liten irsktalende by p\u00e5 Irlands vestkyst, hvor menneskene er ordknappe, v\u00e6ret er gr\u00e5tt, og tiden g\u00e5r s\u00e5 sakte at det er tvilsomt om tettstedet enn\u00e5 har maktet \u00e5 slepe seg inn i det enogtyvende \u00e5rhundre. Ut fra dette utgangspunkt skaper regiss\u00f8r John Michael McDonagh en vittig og overraskende actionkomedie. Det hele begynner n\u00e5r Gerry og hans ferske kollega en dag f\u00e5r en mordsak med okkulte overtoner i hendene. Deretter blir den forbl\u00e5ste kystbyen deres sentrum for en samarbeidsoperasjon med FBI i forbindelse med en forest\u00e5ende smugling av store mengder kokain. Det er med andre ord duket for kulturkr\u00e6sj, action og en rekke h\u00f8yst originale etterforskningsmetoder.<\/p>\n\n\n\n\n<p class=\"MsoNormal\">Hovedtrekkplasteret i <em style=\"mso-bidi-font-style: normal;\" mce_style=\"mso-bidi-font-style: normal;\">The Guard<\/em> er utvilsomt Brendan Gleeson, som spiller rollen som Gerry med en blanding av humor og uutgrunnelig stoisisme som er en ren fryd \u00e5 biv\u00e5ne. Samspillet med Don Cheadle i rollen som FBI-agenten Wendell Everett sitter ogs\u00e5 som st\u00f8pt, og hele veien mot filmens klimaks blir publikum i likhet med Everett sittende og lure: Er Gerry veldig dum \u2013 eller er han veldig, veldig smart?<\/p>\n\n\n\n\n<p class=\"MsoNormal\">(omtale fra Bergen Internasjonale Filmfestival 2011)<\/p>\n\n\n\n\n<p class=\"MsoNormal\"><a href=\"http:\/\/www.youtube.com\/watch?v=nRsMLuCP8a0\" mce_href=\"http:\/\/www.youtube.com\/watch?v=nRsMLuCP8a0\">Trailer<\/a>< ><--><\/p>\n","protected":false},"excerpt":{"rendered":"<p>Regi: John Michael McDonagh Skuespillere: Brendan Gleeson, Don Cheadle Nasjonalitet: Irland 2011 Spr\u00e5k: Engelsk \u2013 med norske tekster Lengde: 1 t 36 min Lisens\/Format: Norwegian Film AS\/BluRay Bad Lieutenant med irsk vri Gerry Boyle er politimann i en liten irsktalende by p\u00e5 Irlands vestkyst, hvor menneskene er ordknappe, v\u00e6ret er gr\u00e5tt, og tiden g\u00e5r s\u00e5 [&hellip;]<\/p>\n","protected":false},"author":2,"featured_media":0,"parent":0,"menu_order":0,"comment_status":"open","ping_status":"open","template":"","meta":{"footnotes":""},"class_list":["post-651","page","type-page","status-publish","hentry"],"_links":{"self":[{"href":"https:\/\/www.bodofilmklubb.no\/index.php\/wp-json\/wp\/v2\/pages\/651","targetHints":{"allow":["GET"]}}],"collection":[{"href":"https:\/\/www.bodofilmklubb.no\/index.php\/wp-json\/wp\/v2\/pages"}],"about":[{"href":"https:\/\/www.bodofilmklubb.no\/index.php\/wp-json\/wp\/v2\/types\/page"}],"author":[{"embeddable":true,"href":"https:\/\/www.bodofilmklubb.no\/index.php\/wp-json\/wp\/v2\/users\/2"}],"replies":[{"embeddable":true,"href":"https:\/\/www.bodofilmklubb.no\/index.php\/wp-json\/wp\/v2\/comments?post=651"}],"version-history":[{"count":5,"href":"https:\/\/www.bodofilmklubb.no\/index.php\/wp-json\/wp\/v2\/pages\/651\/revisions"}],"predecessor-version":[{"id":680,"href":"https:\/\/www.bodofilmklubb.no\/index.php\/wp-json\/wp\/v2\/pages\/651\/revisions\/680"}],"wp:attachment":[{"href":"https:\/\/www.bodofilmklubb.no\/index.php\/wp-json\/wp\/v2\/media?parent=651"}],"curies":[{"name":"wp","href":"https:\/\/api.w.org\/{rel}","templated":true}]}}