{"id":668,"date":"2012-09-16T21:09:11","date_gmt":"2012-09-16T19:09:11","guid":{"rendered":"http:\/\/www.bodofilmklubb.no\/?page_id=668"},"modified":"2012-09-17T17:36:09","modified_gmt":"2012-09-17T15:36:09","slug":"brennpunkt-new-york","status":"publish","type":"page","link":"https:\/\/www.bodofilmklubb.no\/index.php\/brennpunkt-new-york\/","title":{"rendered":"Brennpunkt New York"},"content":{"rendered":"<p>\u00a0<\/p>\n<p class=\"MsoNormal\"><strong style=\"mso-bidi-font-weight: normal;\">Originaltittel:<\/strong> The French Connection<br \/>\n<strong style=\"mso-bidi-font-weight: normal;\">Regi:<\/strong> William Friedkin<br \/>\n<strong style=\"mso-bidi-font-weight: normal;\">Skuespillere:<\/strong> Gene Hackman, Fernando Rey, Roy Scheider<br \/>\n<strong style=\"mso-bidi-font-weight: normal;\">Nasjonalitet<\/strong>: USA 1971<br \/>\n<strong style=\"mso-bidi-font-weight: normal;\">Spr\u00e5k:<\/strong> Engelsk \u2013 med norske tekster<br \/>\n<strong style=\"mso-bidi-font-weight: normal;\">Lengde:<\/strong> 1 t 43 min<br \/>\n<strong style=\"mso-bidi-font-weight: normal;\">Lisens\/Format<\/strong>: Norwegian Film AS\/BluRay<\/p>\n<p class=\"MsoNormal\">Grim amerikansk politithriller<\/p>\n<p class=\"MsoNormal\">1971 er \u00e5ret William Friedkin satte seg p\u00e5 kartet over 1970-tallets store amerikanske regiss\u00f8rer. I Brennpunkt New York er grensene mellom kjeltringer og politifolk s\u00e5 tynne som Hitchcock aldri ville ha dr\u00f8mt om \u00e5 fremstille i en av sine filmer. Gene Hackman gj\u00f8r en av sine st\u00f8rste rolleprestasjoner som narkotikaspaneren Popeye Doyle. Hans rolletolkning har nok v\u00e6rt forbilde for mange karakterer i moderne krimlitteratur.<\/p>\n<p class=\"MsoNormal\"><em style=\"mso-bidi-font-style: normal;\">Brennpunkt New York<\/em> fikk 5 Oscarpriser, blant annet for beste film og beste hovedrolle. Og s\u00e5 m\u00e5 en ikke glemme \u00e5 nevne at filmen inneholder den beste biljakten noensinne. Punktum.<\/p>\n<p class=\"MsoNormal\"><a href=\"http:\/\/www.youtube.com\/watch?v=nP_7ZopT6oM\">Trailer<\/a><\/p>\n<p><!--[if gte mso 10]>\n<mce:style><!   \/* Style Definitions *\/  table.MsoNormalTable \t{mso-style-name:\"Vanlig tabell\"; \tmso-tstyle-rowband-size:0; \tmso-tstyle-colband-size:0; \tmso-style-noshow:yes; \tmso-style-priority:99; \tmso-style-qformat:yes; \tmso-style-parent:\"\"; \tmso-padding-alt:0cm 5.4pt 0cm 5.4pt; \tmso-para-margin-top:0cm; \tmso-para-margin-right:0cm; \tmso-para-margin-bottom:10.0pt; \tmso-para-margin-left:0cm; \tline-height:115%; \tmso-pagination:widow-orphan; \tfont-size:11.0pt; \tfont-family:\"Calibri\",\"sans-serif\"; \tmso-ascii-font-family:Calibri; \tmso-ascii-theme-font:minor-latin; \tmso-fareast-font-family:\"Times New Roman\"; \tmso-fareast-theme-font:minor-fareast; \tmso-hansi-font-family:Calibri; \tmso-hansi-theme-font:minor-latin; \tmso-bidi-font-family:\"Times New Roman\"; \tmso-bidi-theme-font:minor-bidi;}  ><\/div>\n\n\n\n\n<div mce_tmp=\"1\"><! [endif]  ><\/div>\n\n\n\n\n<div class=\"MsoNormal\" mce_tmp=\"1\"><strong style=\"mso-bidi-font-weight: normal;\" mce_style=\"mso-bidi-font-weight: normal;\">Originaltittel:<\/strong> The French Connection\n<strong style=\"mso-bidi-font-weight: normal;\" mce_style=\"mso-bidi-font-weight: normal;\">Regi:<\/strong> William Friedkin\n<strong style=\"mso-bidi-font-weight: normal;\" mce_style=\"mso-bidi-font-weight: normal;\">Skuespillere:<\/strong> Gene Hackman, Fernando Rey, Roy Scheider\n<strong style=\"mso-bidi-font-weight: normal;\" mce_style=\"mso-bidi-font-weight: normal;\">Nasjonalitet<\/strong>: USA 1971\n<strong style=\"mso-bidi-font-weight: normal;\" mce_style=\"mso-bidi-font-weight: normal;\">Spr\u00e5k:<\/strong> Engelsk \u2013 med norske tekster\n<strong style=\"mso-bidi-font-weight: normal;\" mce_style=\"mso-bidi-font-weight: normal;\">Lengde:<\/strong> 1 t 43 min\n<strong style=\"mso-bidi-font-weight: normal;\" mce_style=\"mso-bidi-font-weight: normal;\">Lisens\/Format<\/strong>: Norwegian Film AS\/BluRay<\/div>\n\n\n\n\n<div class=\"MsoNormal\" mce_tmp=\"1\">Grim amerikansk politithriller<\/div>\n\n\n\n\n<div class=\"MsoNormal\" mce_tmp=\"1\">1971 er \u00e5ret William Friedkin satte seg p\u00e5 kartet over 1970-tallets store amerikanske regiss\u00f8rer. I Brennpunkt New York er grensene mellom kjeltringer og politifolk s\u00e5 tynne som Hitchcock aldri ville ha dr\u00f8mt om \u00e5 fremstille i en av sine filmer. Gene Hackman gj\u00f8r en av sine st\u00f8rste rolleprestasjoner som narkotikaspaneren Popeye Doyle. Hans rolletolkning har nok v\u00e6rt forbilde for mange karakterer i moderne krimlitteratur.<\/div>\n\n\n\n\n<div class=\"MsoNormal\" mce_tmp=\"1\"><em style=\"mso-bidi-font-style: normal;\" mce_style=\"mso-bidi-font-style: normal;\">Brennpunkt New York<\/em> fikk 5 Oscarpriser, blant annet for beste film og beste hovedrolle. Og s\u00e5 m\u00e5 en ikke glemme \u00e5 nevne at filmen inneholder den beste biljakten noensinne. Punktum.<\/div>\n\n\n\n\n<div class=\"MsoNormal\" mce_tmp=\"1\"><a href=\"http:\/\/www.youtube.com\/watch?v=nP_7ZopT6oM\" mce_href=\"http:\/\/www.youtube.com\/watch?v=nP_7ZopT6oM\">Trailer<\/a><\/d--><\/p>\n","protected":false},"excerpt":{"rendered":"<p>\u00a0 Originaltittel: The French Connection Regi: William Friedkin Skuespillere: Gene Hackman, Fernando Rey, Roy Scheider Nasjonalitet: USA 1971 Spr\u00e5k: Engelsk \u2013 med norske tekster Lengde: 1 t 43 min Lisens\/Format: Norwegian Film AS\/BluRay Grim amerikansk politithriller 1971 er \u00e5ret William Friedkin satte seg p\u00e5 kartet over 1970-tallets store amerikanske regiss\u00f8rer. I Brennpunkt New York er [&hellip;]<\/p>\n","protected":false},"author":2,"featured_media":0,"parent":0,"menu_order":0,"comment_status":"open","ping_status":"open","template":"","meta":{"footnotes":""},"class_list":["post-668","page","type-page","status-publish","hentry"],"_links":{"self":[{"href":"https:\/\/www.bodofilmklubb.no\/index.php\/wp-json\/wp\/v2\/pages\/668","targetHints":{"allow":["GET"]}}],"collection":[{"href":"https:\/\/www.bodofilmklubb.no\/index.php\/wp-json\/wp\/v2\/pages"}],"about":[{"href":"https:\/\/www.bodofilmklubb.no\/index.php\/wp-json\/wp\/v2\/types\/page"}],"author":[{"embeddable":true,"href":"https:\/\/www.bodofilmklubb.no\/index.php\/wp-json\/wp\/v2\/users\/2"}],"replies":[{"embeddable":true,"href":"https:\/\/www.bodofilmklubb.no\/index.php\/wp-json\/wp\/v2\/comments?post=668"}],"version-history":[{"count":3,"href":"https:\/\/www.bodofilmklubb.no\/index.php\/wp-json\/wp\/v2\/pages\/668\/revisions"}],"predecessor-version":[{"id":683,"href":"https:\/\/www.bodofilmklubb.no\/index.php\/wp-json\/wp\/v2\/pages\/668\/revisions\/683"}],"wp:attachment":[{"href":"https:\/\/www.bodofilmklubb.no\/index.php\/wp-json\/wp\/v2\/media?parent=668"}],"curies":[{"name":"wp","href":"https:\/\/api.w.org\/{rel}","templated":true}]}}