{"id":685,"date":"2012-09-17T17:43:23","date_gmt":"2012-09-17T15:43:23","guid":{"rendered":"http:\/\/www.bodofilmklubb.no\/?page_id=685"},"modified":"2012-09-17T17:46:28","modified_gmt":"2012-09-17T15:46:28","slug":"blikktrommen-directors-cut","status":"publish","type":"page","link":"https:\/\/www.bodofilmklubb.no\/index.php\/blikktrommen-directors-cut\/","title":{"rendered":"Blikktrommen &#8211; Director&#8217;s Cut"},"content":{"rendered":"<p class=\"MsoNormal\" style=\"margin: 0cm 0cm 10pt;\">\n<div class=\"MsoNormal\" style=\"margin: 0cm 0cm 10pt;\"><\/div>\n<p><span style=\"line-height: 115%; font-family: &quot;Verdana&quot;,&quot;sans-serif&quot;; background: white; color: #333333; font-size: 12pt; mso-bidi-font-family: Arial;\"><\/p>\n<p class=\"MsoNormal\" style=\"line-height: normal; margin: 0cm 0cm 10pt;\"><span style=\"font-family: &quot;Verdana&quot;,&quot;sans-serif&quot;; background: white; color: #333333; font-size: 12pt; mso-bidi-font-family: Arial; mso-bidi-font-weight: bold;\">Original tittel: Die Blechtrommel<\/span><\/p>\n<p class=\"MsoNormal\" style=\"line-height: normal; margin: 0cm 0cm 10pt;\"><span style=\"font-family: &quot;Verdana&quot;,&quot;sans-serif&quot;; background: white; color: #333333; font-size: 12pt; mso-bidi-font-family: Arial; mso-bidi-font-weight: bold;\">Nasjonalitet: Vest- Tyskland, 1979<\/span><\/p>\n<p class=\"MsoNormal\" style=\"line-height: normal; margin: 0cm 0cm 10pt;\"><span style=\"font-family: &quot;Verdana&quot;,&quot;sans-serif&quot;; background: white; color: #333333; font-size: 12pt; mso-bidi-font-family: Arial; mso-bidi-font-weight: bold;\">Regi: Volker Schl\u00f6ndorff<\/span><\/p>\n<p class=\"MsoNormal\" style=\"line-height: normal; margin: 0cm 0cm 10pt;\"><span style=\"font-family: &quot;Verdana&quot;,&quot;sans-serif&quot;; background: white; color: #333333; font-size: 12pt; mso-bidi-font-family: Arial; mso-bidi-font-weight: bold;\">Spr\u00e5k: Tysk med engelsk tekst<\/span><\/p>\n<p class=\"MsoNormal\" style=\"line-height: normal; margin: 0cm 0cm 10pt;\"><span style=\"font-family: &quot;Verdana&quot;,&quot;sans-serif&quot;; background: white; color: #333333; font-size: 12pt; mso-bidi-font-family: Arial; mso-bidi-font-weight: bold;\">Spilletid: 2t 42 min<\/span><\/p>\n<p class=\"MsoNormal\" style=\"line-height: normal; margin: 0cm 0cm 10pt;\"><span style=\"font-family: &quot;Verdana&quot;,&quot;sans-serif&quot;; background: white; color: #333333; font-size: 12pt; mso-bidi-font-family: Arial; mso-bidi-font-weight: bold;\">Med: David Bennent, Mario Adorf, Angela Winkler<\/span><\/p>\n<p class=\"MsoNormal\" style=\"margin: 0cm 0cm 10pt;\"><span style=\"line-height: 115%; font-family: &quot;Verdana&quot;,&quot;sans-serif&quot;; background: white; color: #333333; font-size: 12pt; mso-bidi-font-family: Arial; mso-bidi-font-weight: bold;\">Lisens\/Format: Norsk Filminstitutt\/DCP<strong><\/strong><\/span><\/p>\n<div><\/div>\n<p><span style=\"line-height: 115%; font-family: &quot;Verdana&quot;,&quot;sans-serif&quot;; background: white; color: #333333; font-size: 12pt; mso-bidi-font-family: Arial;\"><font style=\"line-height: 115%; background: white; font-size: 12pt; mso-bidi-font-family: Arial;\" face=\"&quot;Verdana&quot;,&quot;sans-serif&quot;\" color=\"#333333\"><font style=\"line-height: 115%; background: white; font-size: 12pt; mso-bidi-font-family: Arial;\" face=\"&quot;Verdana&quot;,&quot;sans-serif&quot;\" color=\"#333333\"><\/p>\n<p class=\"MsoNormal\" style=\"margin: 0cm 0cm 10pt;\">\u00a0<\/p>\n<p><\/font><\/font><\/span><font style=\"line-height: 115%; background: white; font-size: 12pt; mso-bidi-font-family: Arial;\" face=\"&quot;Verdana&quot;,&quot;sans-serif&quot;\" color=\"#333333\"><\/p>\n<p class=\"MsoNormal\" style=\"margin: 0cm 0cm 10pt;\">\u00a0<\/p>\n<p><\/font><\/span><\/p>\n<p class=\"MsoNormal\" style=\"margin: 0cm 0cm 10pt;\">\u00a0<\/p>\n<p class=\"MsoNormal\" style=\"margin: 0cm 0cm 10pt;\"><strong><span style=\"line-height: 115%; font-family: &quot;Verdana&quot;,&quot;sans-serif&quot;; background: white; color: #333333; font-size: 12pt; mso-bidi-font-family: Arial;\">Blikktrommen, etter G\u00fcnter Grass&#8217; roman om Oskar som tre \u00e5r gammel beslutter \u00e5 slutte \u00e5 vokse, er en av de aller mest vellykkede romanfilmatiseringene i filmhistorien. N\u00e5 har Schl\u00f6ndorff 30 \u00e5r senere ferdiggjort filmen som den opprinnelig var tenkt, med 20 minutter ekstra, scener som var klippet bort i 1979. <span class=\"apple-converted-space\">\u00a0<\/span><\/span><\/strong><\/p>\n<p style=\"line-height: 13.55pt; margin: 0cm 0cm 0pt; background: white;\"><span style=\"font-family: &quot;Verdana&quot;,&quot;sans-serif&quot;; color: #333333; mso-bidi-font-family: Arial;\"><span style=\"font-size: small;\">Oskar har gjennomskuet de voksne, og bestemmer seg for \u00e5 slutte \u00e5 vokse. Med blikktrommen som kommunikasjonsmiddel og sin glassknusende stemme som v\u00e5pen, observerer han med sitt infame blikk de voksne hykleri mens det tyske riket vokser seg sterkt p\u00e5 1930-tallet. Stedet er Danzig, den tyske enklaven i \u00f8st, og milj\u00f8et er sm\u00e5borgerskapet der under nazismens frammarsj.\u00a0<\/span><\/span><\/p>\n<p style=\"line-height: 13.55pt; margin: 0cm 0cm 0pt; background: white;\"><span style=\"font-family: &quot;Verdana&quot;,&quot;sans-serif&quot;; color: #333333; mso-bidi-font-family: Arial;\"><span style=\"font-size: small;\">Filmen var en kjempesuksess hos kritikere og publikum med Gullpalme, Oscar og 18 \u00e5rs aldersgrense i Norge. Den gikk ogs\u00e5 en liten evighet p\u00e5 kino i Oslo. Den kombinerer minneverdige skuespillerprestasjoner, ikke minst tolv\u00e5ringen David Bennent som Oskar, med Grass\u2019 og Schl\u00f6ndorffs fantasifulle skr\u00e5blikk p\u00e5 tysk historie i f\u00f8rste halvdel av \u00e5rhundret. Og ikke minst \u2013 dette er stadig en sv\u00e6rt underholdende film.<\/span><\/span><\/p>\n<p style=\"line-height: 13.55pt; margin: 0cm 0cm 0pt; background: white;\"><span style=\"font-family: &quot;Verdana&quot;,&quot;sans-serif&quot;; color: #333333; mso-bidi-font-family: Arial;\"><span style=\"font-size: small;\">Dette er ogs\u00e5 en film der enkeltscener sitter spikret i hodet n\u00e5r du har sett dem, og kan kalles fram p\u00e5 stikkord: unnfangelse p\u00e5 flukt under vide skj\u00f8rt, nazim\u00f8te trommet til kaos, bruspulversex, \u00e5l i hestehode!<\/span><\/span><\/p>\n<p style=\"line-height: 13.55pt; margin: 0cm 0cm 0pt; background: white;\"><span style=\"font-family: &quot;Verdana&quot;,&quot;sans-serif&quot;; color: #333333; mso-bidi-font-family: Arial;\"><span style=\"font-size: small;\">\u00a0<\/span><\/span><\/p>\n<p style=\"line-height: 13.55pt; margin: 0cm 0cm 0pt; background: white;\"><span style=\"font-family: &quot;Verdana&quot;,&quot;sans-serif&quot;; color: #333333; mso-bidi-font-family: Arial;\"><span style=\"font-size: small;\">(Fra Norsk Filminstitutts omtale)<\/span><\/span><\/p>\n<p style=\"line-height: 13.55pt; margin: 0cm 0cm 0pt; background: white;\">\u00a0<\/p>\n<p style=\"line-height: 13.55pt; margin: 0cm 0cm 0pt; background: white;\"><span style=\"font-family: &quot;Verdana&quot;,&quot;sans-serif&quot;; color: #333333; mso-bidi-font-family: Arial;\"><span style=\"font-size: small;\"><a href=\"http:\/\/www.youtube.com\/watch?v=_x-dJaSS3Og\">Trailer<\/a><\/span><\/span><\/p>\n","protected":false},"excerpt":{"rendered":"<p>Original tittel: Die Blechtrommel Nasjonalitet: Vest- Tyskland, 1979 Regi: Volker Schl\u00f6ndorff Spr\u00e5k: Tysk med engelsk tekst Spilletid: 2t 42 min Med: David Bennent, Mario Adorf, Angela Winkler Lisens\/Format: Norsk Filminstitutt\/DCP \u00a0 \u00a0 \u00a0 Blikktrommen, etter G\u00fcnter Grass&#8217; roman om Oskar som tre \u00e5r gammel beslutter \u00e5 slutte \u00e5 vokse, er en av de aller mest [&hellip;]<\/p>\n","protected":false},"author":2,"featured_media":0,"parent":0,"menu_order":0,"comment_status":"open","ping_status":"open","template":"","meta":{"footnotes":""},"class_list":["post-685","page","type-page","status-publish","hentry"],"_links":{"self":[{"href":"https:\/\/www.bodofilmklubb.no\/index.php\/wp-json\/wp\/v2\/pages\/685","targetHints":{"allow":["GET"]}}],"collection":[{"href":"https:\/\/www.bodofilmklubb.no\/index.php\/wp-json\/wp\/v2\/pages"}],"about":[{"href":"https:\/\/www.bodofilmklubb.no\/index.php\/wp-json\/wp\/v2\/types\/page"}],"author":[{"embeddable":true,"href":"https:\/\/www.bodofilmklubb.no\/index.php\/wp-json\/wp\/v2\/users\/2"}],"replies":[{"embeddable":true,"href":"https:\/\/www.bodofilmklubb.no\/index.php\/wp-json\/wp\/v2\/comments?post=685"}],"version-history":[{"count":4,"href":"https:\/\/www.bodofilmklubb.no\/index.php\/wp-json\/wp\/v2\/pages\/685\/revisions"}],"predecessor-version":[{"id":689,"href":"https:\/\/www.bodofilmklubb.no\/index.php\/wp-json\/wp\/v2\/pages\/685\/revisions\/689"}],"wp:attachment":[{"href":"https:\/\/www.bodofilmklubb.no\/index.php\/wp-json\/wp\/v2\/media?parent=685"}],"curies":[{"name":"wp","href":"https:\/\/api.w.org\/{rel}","templated":true}]}}