{"id":700,"date":"2012-09-18T19:18:55","date_gmt":"2012-09-18T17:18:55","guid":{"rendered":"http:\/\/www.bodofilmklubb.no\/?page_id=700"},"modified":"2012-09-18T19:18:55","modified_gmt":"2012-09-18T17:18:55","slug":"notorious","status":"publish","type":"page","link":"https:\/\/www.bodofilmklubb.no\/index.php\/notorious\/","title":{"rendered":"Notorious"},"content":{"rendered":"<p class=\"MsoNormal\" style=\"line-height: normal; margin: 0cm 0cm 10pt;\"><span style=\"font-size: 9pt; mso-ansi-language: EN-US;\" lang=\"EN-US\"><span style=\"font-family: Times New Roman;\">Regi: Alfred Hitchcock<\/span><\/span><\/p>\n<p class=\"MsoNormal\" style=\"line-height: normal; margin: 0cm 0cm 10pt;\"><span style=\"font-size: 9pt; mso-ansi-language: EN-US;\" lang=\"EN-US\"><span style=\"font-family: Times New Roman;\">Skuespillere: Cary Grant, Ingrid Bergman, Claude Rains<\/span><\/span><\/p>\n<p class=\"MsoNormal\" style=\"line-height: normal; margin: 0cm 0cm 10pt;\"><span style=\"font-size: 9pt;\"><span style=\"font-family: Times New Roman;\">Nasjonalitet: USA, 1946<\/span><\/span><\/p>\n<p class=\"MsoNormal\" style=\"line-height: normal; margin: 0cm 0cm 10pt;\"><span style=\"font-size: 9pt;\"><span style=\"font-family: Times New Roman;\">Spr\u00e5k: Engelsk <span style=\"mso-spacerun: yes;\">\u00a0<\/span>&#8211; med engelske tekster<\/span><\/span><\/p>\n<p class=\"MsoNormal\" style=\"line-height: normal; margin: 0cm 0cm 10pt;\"><span style=\"font-size: 9pt;\"><span style=\"font-family: Times New Roman;\">Lengde: 1 t 42 min<\/span><\/span><\/p>\n<p class=\"MsoNormal\" style=\"line-height: normal; margin: 0cm 0cm 10pt;\"><span style=\"font-size: 9pt; mso-ansi-language: EN-US;\" lang=\"EN-US\"><span style=\"font-family: Times New Roman;\">Lisens\/format: Norwegian Film AS\/Blu Ray<\/span><\/span><\/p>\n<p class=\"MsoNormal\" style=\"line-height: normal; margin: 0cm 0cm 10pt;\"><span style=\"font-size: 9pt;\"><span style=\"font-family: Times New Roman;\">Alicia Huberman (Ingrid Bergman) rekrutteres rett etter andre verdenskrig til \u00e5 innfiltrere en gruppe landsforviste nazister i Brasil. Hun er datteren til en straffed\u00f8mt nazispion som har tatt livet av seg i fengsel og hun f\u00f8ler skyld for hva faren gjorde mot Amerika, landet hun er lojal til. Alicia forelsker seg i agenten Devlin (spilt av Cary Grant) som rekrutterer henne. Men oppdraget hennes inneb\u00e6rer at hun gjenopptar kontakten med en av farens gamle venner, Alexander Sebastian, en rik tysker. <\/span><\/span><\/p>\n<p class=\"MsoNormal\" style=\"line-height: normal; margin: 0cm 0cm 10pt;\"><span style=\"font-size: 9pt;\"><span style=\"font-family: Times New Roman;\">Tyskeren er betatt av Alicia og frir til henne \u2013 i h\u00e5p om at Devlin skal reagere negativt sier hun ja. Dette er ogs\u00e5 mot Sebastians mor sin vilje og Alicia blir utsatt for et sterkt hat fra sin svigermor. Under en fest p\u00e5 godset blir Devlin og Alicia oppdaget n\u00e5r de snuser rundt i vinkjelleren og de m\u00e5 overbevise Sebastian og han mor at hun ikke er spion, men bare utro. <\/span><\/span><\/p>\n<p class=\"MsoNormal\" style=\"line-height: normal; margin: 0cm 0cm 10pt;\"><span style=\"font-size: 9pt;\"><span style=\"font-family: Times New Roman;\">Det intense trekantdramaet i filmen tvinger seerne til og hele tiden \u00e5 endre mening om de tre hovedpersonene. Filmen er ogs\u00e5 en praktfull kj\u00e6rlighetshistorie der den tidens lengste kyss i filmhistorien mellom Grant og Bergman filmes i n\u00e6rbilde.<span style=\"mso-spacerun: yes;\">\u00a0 <\/span>Fotografen Ted Tetzlaff sto for en f\u00f8rsteklasses fotografering i svart\/hvitt med filmstjerner p\u00e5 sitt beste. <\/span><\/span><\/p>\n<p class=\"MsoNormal\" style=\"line-height: normal; margin: 0cm 0cm 10pt;\"><span style=\"font-size: 9pt;\"><span style=\"font-family: Times New Roman;\">Filmen ble nominert til Oscar for beste manus (Ben Hecht) og beste mannlig birolle (Claude Rains).<\/span><\/span><\/p>\n<p><span style=\"line-height: 115%; font-family: &quot;Times New Roman&quot;,&quot;serif&quot;; font-size: 10pt; mso-ansi-language: NO-BOK; mso-fareast-font-family: Calibri; mso-fareast-theme-font: minor-latin; mso-fareast-language: EN-US; mso-bidi-language: AR-SA;\">Kilde: Oliver Tukec; Steven Jay Schneider (red).: 1001 filmer du m\u00e5 se f\u00f8r du d\u00f8r, Orion 2004 og imdb.com<\/span><\/p>\n<p><span style=\"line-height: 115%; font-family: &quot;Times New Roman&quot;,&quot;serif&quot;; font-size: 10pt; mso-ansi-language: NO-BOK; mso-fareast-font-family: Calibri; mso-fareast-theme-font: minor-latin; mso-fareast-language: EN-US; mso-bidi-language: AR-SA;\"><a href=\"http:\/\/www.youtube.com\/watch?v=2G8HY1UDe7Q\">Original trailer<\/a><\/span><\/p>\n","protected":false},"excerpt":{"rendered":"<p>Regi: Alfred Hitchcock Skuespillere: Cary Grant, Ingrid Bergman, Claude Rains Nasjonalitet: USA, 1946 Spr\u00e5k: Engelsk \u00a0&#8211; med engelske tekster Lengde: 1 t 42 min Lisens\/format: Norwegian Film AS\/Blu Ray Alicia Huberman (Ingrid Bergman) rekrutteres rett etter andre verdenskrig til \u00e5 innfiltrere en gruppe landsforviste nazister i Brasil. Hun er datteren til en straffed\u00f8mt nazispion som [&hellip;]<\/p>\n","protected":false},"author":2,"featured_media":0,"parent":0,"menu_order":0,"comment_status":"open","ping_status":"open","template":"","meta":{"footnotes":""},"class_list":["post-700","page","type-page","status-publish","hentry"],"_links":{"self":[{"href":"https:\/\/www.bodofilmklubb.no\/index.php\/wp-json\/wp\/v2\/pages\/700","targetHints":{"allow":["GET"]}}],"collection":[{"href":"https:\/\/www.bodofilmklubb.no\/index.php\/wp-json\/wp\/v2\/pages"}],"about":[{"href":"https:\/\/www.bodofilmklubb.no\/index.php\/wp-json\/wp\/v2\/types\/page"}],"author":[{"embeddable":true,"href":"https:\/\/www.bodofilmklubb.no\/index.php\/wp-json\/wp\/v2\/users\/2"}],"replies":[{"embeddable":true,"href":"https:\/\/www.bodofilmklubb.no\/index.php\/wp-json\/wp\/v2\/comments?post=700"}],"version-history":[{"count":1,"href":"https:\/\/www.bodofilmklubb.no\/index.php\/wp-json\/wp\/v2\/pages\/700\/revisions"}],"predecessor-version":[{"id":701,"href":"https:\/\/www.bodofilmklubb.no\/index.php\/wp-json\/wp\/v2\/pages\/700\/revisions\/701"}],"wp:attachment":[{"href":"https:\/\/www.bodofilmklubb.no\/index.php\/wp-json\/wp\/v2\/media?parent=700"}],"curies":[{"name":"wp","href":"https:\/\/api.w.org\/{rel}","templated":true}]}}