{"id":702,"date":"2012-09-18T19:20:22","date_gmt":"2012-09-18T17:20:22","guid":{"rendered":"http:\/\/www.bodofilmklubb.no\/?page_id=702"},"modified":"2012-09-18T19:20:22","modified_gmt":"2012-09-18T17:20:22","slug":"mannen-som-visste-for-mye","status":"publish","type":"page","link":"https:\/\/www.bodofilmklubb.no\/index.php\/mannen-som-visste-for-mye\/","title":{"rendered":"Mannen som visste for mye"},"content":{"rendered":"<p class=\"MsoNormal\" style=\"margin: 0cm 0cm 10pt;\"><span style=\"font-family: Times New Roman;\"><strong style=\"mso-bidi-font-weight: normal;\"><span style=\"line-height: 115%; font-size: 10pt;\">Regi:<\/span><\/strong><span style=\"line-height: 115%; font-size: 10pt;\"> Alfred Hitchcock<\/span><\/span><\/p>\n<p class=\"MsoNormal\" style=\"margin: 0cm 0cm 10pt;\"><span style=\"font-family: Times New Roman;\"><strong style=\"mso-bidi-font-weight: normal;\"><span style=\"line-height: 115%; font-size: 10pt;\">Skuespillere:<\/span><\/strong><span style=\"line-height: 115%; font-size: 10pt;\"> James Steward, Doris Day<\/span><\/span><\/p>\n<p class=\"MsoNormal\" style=\"margin: 0cm 0cm 10pt;\"><span style=\"font-family: Times New Roman;\"><strong style=\"mso-bidi-font-weight: normal;\"><span style=\"line-height: 115%; font-size: 10pt;\">Nasjonalitet:<\/span><\/strong><span style=\"line-height: 115%; font-size: 10pt;\"> USA, 1956<\/span><\/span><\/p>\n<p class=\"MsoNormal\" style=\"margin: 0cm 0cm 10pt;\"><span style=\"font-family: Times New Roman;\"><strong style=\"mso-bidi-font-weight: normal;\"><span style=\"line-height: 115%; font-size: 10pt;\">Spr\u00e5k:<\/span><\/strong><span style=\"line-height: 115%; font-size: 10pt;\"> Engelsk, utekstet<\/span><\/span><\/p>\n<p class=\"MsoNormal\" style=\"margin: 0cm 0cm 10pt;\"><span style=\"font-family: Times New Roman;\"><strong style=\"mso-bidi-font-weight: normal;\"><span style=\"line-height: 115%; font-size: 10pt;\">Lengde:<\/span><\/strong><span style=\"line-height: 115%; font-size: 10pt;\"> 2t<\/span><\/span><\/p>\n<p class=\"MsoNormal\" style=\"margin: 0cm 0cm 10pt;\"><span style=\"font-family: Times New Roman;\"><strong style=\"mso-bidi-font-weight: normal;\"><span style=\"line-height: 115%; font-size: 10pt;\">Utleie\/format<\/span><\/strong><span style=\"line-height: 115%; font-size: 10pt;\">: Norsk Filminstitutt\/DCP<\/span><\/span><\/p>\n<p class=\"MsoNormal\" style=\"margin: 0cm 0cm 10pt;\"><span style=\"line-height: 115%; font-size: 10pt;\"><span style=\"font-family: Times New Roman;\">Filmen er den eneste nyinnspillingen Hitchcock gjorde av sine egne filmer, den engelske originalversjonen kom i 1934.<\/span><\/span><\/p>\n<p class=\"MsoNormal\" style=\"margin: 0cm 0cm 10pt;\"><span style=\"font-family: Times New Roman;\"><span style=\"line-height: 115%; font-size: 10pt;\">En amerikansk lege,<\/span><span style=\"font-size: small;\"> <\/span><span style=\"line-height: 115%; font-size: 10pt;\">Dr. Ben McKenna (spilt av James Steward) er p\u00e5 ferie i Marokko med familien. Ved en tilfeldighet f\u00e5r han kjennskap til a<\/span><span style=\"font-size: small;\"> <\/span><span style=\"line-height: 115%; font-size: 10pt;\">et politisk snikmord skal finne sted i n\u00e6rmeste framtid i London. P\u00e5 en restaurant m\u00f8ter familien et engelsk par som i virkeligheten er spioner i den sammensvergelsen som planlegger snikmordet. Paret kidnapper McKenna sin s\u00f8nn for at ikke legen skal r\u00f8pe dem. Legen tvinges dermed til \u00e5 forhindre mordet uten at guttens liv settes i fare. <\/span><\/span><\/p>\n<p class=\"MsoNormal\" style=\"margin: 0cm 0cm 10pt;\"><span style=\"line-height: 115%; font-size: 10pt;\"><span style=\"font-family: Times New Roman;\">Som i de fleste Hitchcock-filmene er heltens odyss\u00e9 viktigere enn den internasjonale intrigen. McKenna, som er mannen som vet for mye, undervurderer sin kones (spilt av Doris Day) evner. Og det skal vise seg at hennes evner er uunnv\u00e6rlig etter hvert som begivenhetene utspiller seg. <\/span><\/span><\/p>\n<p class=\"MsoNormal\" style=\"margin: 0cm 0cm 10pt;\"><span style=\"line-height: 115%; font-size: 10pt;\"><span style=\"font-family: Times New Roman;\">Jay Livingstone og Ray Evans fikk Oscar for beste komposisjon <span style=\"mso-spacerun: yes;\">\u00a0<\/span>\u2013 sangen \u00abQue sera sera\u00bb som Doris Day synger i filmen. <\/span><\/span><\/p>\n<p class=\"MsoNormal\" style=\"margin: 0cm 0cm 10pt;\"><span style=\"line-height: 115%; font-size: 10pt;\"><span style=\"font-family: Times New Roman;\">Kilde: Oliver Tukec; Steven Jay Schneider (red).: <em style=\"mso-bidi-font-style: normal;\">1001 filmer du m\u00e5 se f\u00f8r du d\u00f8r<\/em>, Orion 2004. <\/span><\/span><\/p>\n<p class=\"MsoNormal\" style=\"margin: 0cm 0cm 10pt;\"><span style=\"line-height: 115%; font-size: 10pt;\"><span style=\"font-family: Times New Roman;\"><a href=\"http:\/\/www.youtube.com\/watch?v=1CoKHtU0mGo\">Original trailer<\/a><\/span><\/span><\/p>\n<p class=\"MsoNormal\" style=\"margin: 0cm 0cm 10pt;\"><span style=\"line-height: 115%; font-size: 10pt;\"><span style=\"font-family: Times New Roman;\">\u00a0<\/span><\/span><\/p>\n","protected":false},"excerpt":{"rendered":"<p>Regi: Alfred Hitchcock Skuespillere: James Steward, Doris Day Nasjonalitet: USA, 1956 Spr\u00e5k: Engelsk, utekstet Lengde: 2t Utleie\/format: Norsk Filminstitutt\/DCP Filmen er den eneste nyinnspillingen Hitchcock gjorde av sine egne filmer, den engelske originalversjonen kom i 1934. En amerikansk lege, Dr. Ben McKenna (spilt av James Steward) er p\u00e5 ferie i Marokko med familien. Ved en [&hellip;]<\/p>\n","protected":false},"author":2,"featured_media":0,"parent":0,"menu_order":0,"comment_status":"open","ping_status":"open","template":"","meta":{"footnotes":""},"class_list":["post-702","page","type-page","status-publish","hentry"],"_links":{"self":[{"href":"https:\/\/www.bodofilmklubb.no\/index.php\/wp-json\/wp\/v2\/pages\/702","targetHints":{"allow":["GET"]}}],"collection":[{"href":"https:\/\/www.bodofilmklubb.no\/index.php\/wp-json\/wp\/v2\/pages"}],"about":[{"href":"https:\/\/www.bodofilmklubb.no\/index.php\/wp-json\/wp\/v2\/types\/page"}],"author":[{"embeddable":true,"href":"https:\/\/www.bodofilmklubb.no\/index.php\/wp-json\/wp\/v2\/users\/2"}],"replies":[{"embeddable":true,"href":"https:\/\/www.bodofilmklubb.no\/index.php\/wp-json\/wp\/v2\/comments?post=702"}],"version-history":[{"count":1,"href":"https:\/\/www.bodofilmklubb.no\/index.php\/wp-json\/wp\/v2\/pages\/702\/revisions"}],"predecessor-version":[{"id":703,"href":"https:\/\/www.bodofilmklubb.no\/index.php\/wp-json\/wp\/v2\/pages\/702\/revisions\/703"}],"wp:attachment":[{"href":"https:\/\/www.bodofilmklubb.no\/index.php\/wp-json\/wp\/v2\/media?parent=702"}],"curies":[{"name":"wp","href":"https:\/\/api.w.org\/{rel}","templated":true}]}}