{"id":738,"date":"2013-01-24T19:50:21","date_gmt":"2013-01-24T17:50:21","guid":{"rendered":"http:\/\/www.bodofilmklubb.no\/?page_id=738"},"modified":"2013-03-13T12:01:23","modified_gmt":"2013-03-13T10:01:23","slug":"orfeus","status":"publish","type":"page","link":"https:\/\/www.bodofilmklubb.no\/index.php\/orfeus\/","title":{"rendered":"Orfeus"},"content":{"rendered":"<div id=\"post-738\" class=\"post\">\n<h2>Orfeus<\/h2>\n<div class=\"entry\">\n<p class=\"MsoNormal\">Regi: Thomas Simonsen Balmbra<br \/>\nProduksjon: Espen Olaisen<br \/>\nNasjonalitet: Norge 2012<br \/>\nLengde: 20 min<\/p>\n<div><span style=\"line-height: 115%; font-family: &quot;Calibri&quot;,&quot;sans-serif&quot;; font-size: 11pt;\">Thomas\u2019 stop-motion-animasjonsfilm <em style=\"mso-bidi-font-style: normal;\">Orfeus<\/em> er en adaptasjon av den greske myten om Orfeus, den store musikeren som reiser til underverdenen for \u00e5 hente tilbake sin kj\u00e6re Eurydike, som d\u00f8de p\u00e5 deres bryllupsdag. Med sin vakre musikk overbeviser han Hades om \u00e5 slippe henne fri, men bare p\u00e5 den betingelsen at han ikke snur seg rundt og ser p\u00e5 henne f\u00f8r de er ute av underverdenen.<br \/>\nThomas S. Balmbra, tidligere styremedlem i Bod\u00f8 Filmklubb, lagde filmen som et tre\u00e5rig prosjekt mens han bes\u00f8kte Kunstakademiet i Oslo. Filmen er skutt p\u00e5 16 mm og etter eget utsagn inspirert av tsjekkisk dukketeater, tysk stumfilm og <em style=\"mso-bidi-font-style: normal;\">bodyhorror<\/em>.<br \/>\n2012 vant Thomas debutantprisen under Troms\u00f8 Internasjonale Filmfestival for <em style=\"mso-bidi-font-style: normal;\">Orfeus<\/em>. Den er siden blitt vist p\u00e5 en rekke festivaler verden rundt og f\u00e5r n\u00e5 alts\u00e5 sin f\u00f8rste ordentlige kinovisning i Bod\u00f8.<br \/>\nRegiss\u00f8ren vil selv v\u00e6re til stede og innlede filmen. Resten av visningen supplerer vi med et best-off-Grimstad 2012 kortfilmprogram. Mye bra kortfilm som avslutning av v\u00e5rprogrammet med andre ord!<br \/>\nTrailer <a href=\"http:\/\/www.youtube.com\/watch?v=umM-fRWwUkk\">Orfeus<\/a><br \/>\n<span style=\"font-size: small;\"><span style=\"font-family: Arial;\"><br \/>\nKj\u00f8replanen for visningen:<\/span><\/span><\/span><\/div>\n<p><span style=\"line-height: 115%; font-family: &quot;Calibri&quot;,&quot;sans-serif&quot;; font-size: 11pt;\"><span style=\"font-size: small;\"><span style=\"font-family: Arial;\">15.00: Introduksjon av Orfeus v\/ Thomas Balmbra<br \/>\n15.15: Orfeus<br \/>\nca. 15.40: Kortfilmfavoritter fra Grimstad 2012<\/p>\n<p>Filmene som vises er:<\/p>\n<p><\/span><\/span><\/p>\n<p class=\"MsoNormal\" style=\"margin: 0cm 0cm 10pt;\"><span style=\"font-size: small;\"><span style=\"font-family: Arial;\">Daemonium 5 min<\/span><\/span><\/p>\n<p class=\"MsoNormal\" style=\"margin: 0cm 0cm 10pt;\"><span style=\"font-size: small;\"><span style=\"font-family: Arial;\">First Cut 10 min<\/span><\/span><\/p>\n<p class=\"MsoNormal\" style=\"margin: 0cm 0cm 10pt;\"><span style=\"font-size: small;\"><span style=\"font-family: Arial;\">Det norske spr\u00e5k 2 min<\/span><\/span><\/p>\n<p class=\"MsoNormal\" style=\"margin: 0cm 0cm 10pt;\"><span style=\"font-size: small;\"><span style=\"font-family: Arial;\">Fra tyggegummiens historie 24 min<\/span><\/span><\/p>\n<p class=\"MsoNormal\" style=\"margin: 0cm 0cm 10pt;\"><span style=\"font-size: small;\"><span style=\"font-family: Arial;\">Joyride 8 min<\/span><\/span><\/p>\n<p class=\"MsoNormal\" style=\"margin: 0cm 0cm 10pt;\"><span style=\"font-size: small;\"><span style=\"font-family: Arial;\">Og leken er god 22 min<\/span><\/span><\/p>\n<p class=\"MsoNormal\" style=\"margin: 0cm 0cm 10pt;\"><span style=\"font-size: small;\"><span style=\"font-family: Arial;\">Sm\u00e5 episoder 8 min<\/span><\/span><\/p>\n<p class=\"MsoNormal\" style=\"margin: 0cm 0cm 10pt;\"><span style=\"mso-ansi-language: EN-US;\" lang=\"EN-US\"><span style=\"font-size: small;\"><span style=\"font-family: Arial;\">Time is of the Essensce 4 min<\/span><\/span><\/span><\/p>\n<p class=\"MsoNormal\" style=\"margin: 0cm 0cm 10pt;\"><span style=\"font-size: small;\"><span style=\"font-family: Arial;\">\u00c5 \u00c5pne, \u00e5 se 15 min<\/span><\/span><\/p>\n<p class=\"MsoNormal\" style=\"margin: 0cm 0cm 10pt;\">\u00a0<\/p>\n<p class=\"MsoNormal\" style=\"margin: 0cm 0cm 10pt;\"><span style=\"font-family: Arial; font-size: small;\">NB: P\u00e5 <a href=\"http:\/\/filmklubb.no\/filmer\/grimstad-2012\">denne siden <\/a>kan du klikke p\u00e5 kortfilmtitlene for \u00e5 f\u00e5 mer info om filmene!<\/span><\/p>\n<p><span style=\"line-height: 115%; font-family: &quot;Calibri&quot;,&quot;sans-serif&quot;; font-size: 11pt;\">\u00a0<\/p>\n<p><\/span><\/span>\u00a0<\/div>\n<\/div>\n","protected":false},"excerpt":{"rendered":"<p>Orfeus Regi: Thomas Simonsen Balmbra Produksjon: Espen Olaisen Nasjonalitet: Norge 2012 Lengde: 20 min Thomas\u2019 stop-motion-animasjonsfilm Orfeus er en adaptasjon av den greske myten om Orfeus, den store musikeren som reiser til underverdenen for \u00e5 hente tilbake sin kj\u00e6re Eurydike, som d\u00f8de p\u00e5 deres bryllupsdag. Med sin vakre musikk overbeviser han Hades om \u00e5 slippe [&hellip;]<\/p>\n","protected":false},"author":2,"featured_media":0,"parent":0,"menu_order":0,"comment_status":"open","ping_status":"open","template":"","meta":{"footnotes":""},"class_list":["post-738","page","type-page","status-publish","hentry"],"_links":{"self":[{"href":"https:\/\/www.bodofilmklubb.no\/index.php\/wp-json\/wp\/v2\/pages\/738","targetHints":{"allow":["GET"]}}],"collection":[{"href":"https:\/\/www.bodofilmklubb.no\/index.php\/wp-json\/wp\/v2\/pages"}],"about":[{"href":"https:\/\/www.bodofilmklubb.no\/index.php\/wp-json\/wp\/v2\/types\/page"}],"author":[{"embeddable":true,"href":"https:\/\/www.bodofilmklubb.no\/index.php\/wp-json\/wp\/v2\/users\/2"}],"replies":[{"embeddable":true,"href":"https:\/\/www.bodofilmklubb.no\/index.php\/wp-json\/wp\/v2\/comments?post=738"}],"version-history":[{"count":9,"href":"https:\/\/www.bodofilmklubb.no\/index.php\/wp-json\/wp\/v2\/pages\/738\/revisions"}],"predecessor-version":[{"id":767,"href":"https:\/\/www.bodofilmklubb.no\/index.php\/wp-json\/wp\/v2\/pages\/738\/revisions\/767"}],"wp:attachment":[{"href":"https:\/\/www.bodofilmklubb.no\/index.php\/wp-json\/wp\/v2\/media?parent=738"}],"curies":[{"name":"wp","href":"https:\/\/api.w.org\/{rel}","templated":true}]}}