{"id":769,"date":"2013-04-21T15:42:26","date_gmt":"2013-04-21T13:42:26","guid":{"rendered":"http:\/\/www.bodofilmklubb.no\/?page_id=769"},"modified":"2013-04-21T15:46:40","modified_gmt":"2013-04-21T13:46:40","slug":"arsm%c3%b8te2013","status":"publish","type":"page","link":"https:\/\/www.bodofilmklubb.no\/index.php\/arsm%c3%b8te2013\/","title":{"rendered":"\u00c5rsm\u00f8te 2013"},"content":{"rendered":"<p>Da er det tid for \u00e5 holde \u00e5rsm\u00f8te. Vi m\u00f8tes l\u00f8rdag 27. april\u00a0 kl. 16.00 p\u00e5 En Kopp. \u00c5rsmeldingen kan ikke legges ut her, men tar dere kontakt med post(at)bodofilmklubb.no vil dere f\u00e5 den tilsendt.<\/p>\n<p>Alle medlemmer er velkomne til m\u00f8tet!<\/p>\n","protected":false},"excerpt":{"rendered":"<p>Da er det tid for \u00e5 holde \u00e5rsm\u00f8te. Vi m\u00f8tes l\u00f8rdag 27. april\u00a0 kl. 16.00 p\u00e5 En Kopp. \u00c5rsmeldingen kan ikke legges ut her, men tar dere kontakt med post(at)bodofilmklubb.no vil dere f\u00e5 den tilsendt. Alle medlemmer er velkomne til m\u00f8tet!<\/p>\n","protected":false},"author":2,"featured_media":0,"parent":0,"menu_order":0,"comment_status":"open","ping_status":"open","template":"","meta":{"footnotes":""},"class_list":["post-769","page","type-page","status-publish","hentry"],"_links":{"self":[{"href":"https:\/\/www.bodofilmklubb.no\/index.php\/wp-json\/wp\/v2\/pages\/769","targetHints":{"allow":["GET"]}}],"collection":[{"href":"https:\/\/www.bodofilmklubb.no\/index.php\/wp-json\/wp\/v2\/pages"}],"about":[{"href":"https:\/\/www.bodofilmklubb.no\/index.php\/wp-json\/wp\/v2\/types\/page"}],"author":[{"embeddable":true,"href":"https:\/\/www.bodofilmklubb.no\/index.php\/wp-json\/wp\/v2\/users\/2"}],"replies":[{"embeddable":true,"href":"https:\/\/www.bodofilmklubb.no\/index.php\/wp-json\/wp\/v2\/comments?post=769"}],"version-history":[{"count":3,"href":"https:\/\/www.bodofilmklubb.no\/index.php\/wp-json\/wp\/v2\/pages\/769\/revisions"}],"predecessor-version":[{"id":772,"href":"https:\/\/www.bodofilmklubb.no\/index.php\/wp-json\/wp\/v2\/pages\/769\/revisions\/772"}],"wp:attachment":[{"href":"https:\/\/www.bodofilmklubb.no\/index.php\/wp-json\/wp\/v2\/media?parent=769"}],"curies":[{"name":"wp","href":"https:\/\/api.w.org\/{rel}","templated":true}]}}